{"id":20324,"date":"2021-02-06T23:00:43","date_gmt":"2021-02-06T23:00:43","guid":{"rendered":"https:\/\/hostalesniu.com\/experiencias\/"},"modified":"2025-06-12T10:36:52","modified_gmt":"2025-06-12T10:36:52","slug":"erfahrung","status":"publish","type":"page","link":"https:\/\/hostalesniu.com\/de\/erfahrung\/","title":{"rendered":"Umgebung"},"content":{"rendered":"<div class=\"wpb-content-wrapper\"><p>[vc_row type=&#8220;full_width_section&#8220; bg_color=&#8220;#a89783&#8243;][vc_column width=&#8220;1\/1&#8243;][vc_raw_html]JTNDZGl2JTIwaWQlM0QlMjJpbnNlcnRCYXIlMjIlM0UlM0MlMkZkaXYlM0U=[\/vc_raw_html][\/vc_column][\/vc_row][vc_row][vc_column width=&#8220;1\/1&#8243;]<div class=\"spacer\" style=\"height: 80px;\"><\/div>[\/vc_column][\/vc_row][vc_row][vc_column width=&#8220;2\/5&#8243;][vc_column_text]<\/p>\n<h1 class=\"font-special\"><span style=\"font-size: 36pt;\">Tamariu<\/span><\/h1>\n<p>[\/vc_column_text][vc_column_text]<\/p>\n<h5>Costa Brava<\/h5>\n<p>[\/vc_column_text][\/vc_column][vc_column width=&#8220;3\/5&#8243;][vc_column_text]Tamariu ist ein altes Fischerdorf in der Gemeinde\u00a0<i>Palafrugell<\/i>, das mit Sch\u00f6nheit und Ruhe, mit engen Gassen, wei\u00dfen H\u00e4usern und wenig Bev\u00f6lkerung verzaubert. Die \u00fcppige Vegetation, die Str\u00e4nde mit goldenem Sand und kristallklarem Wasser sowie die wilden Felsen und Klippen bilden die nat\u00fcrliche Landschaft dieser kleinen Ecke der\u00a0<i>Costa Brava<\/i>.<\/p>\n<p>Das Entdecken von Naturr\u00e4umen, Freizeit und Sport lassen sich gut mit Ihrem Aufenthalt in\u00a0<i>Tamariu<\/i>\u00a0kombinieren. Mit dem Kajak oder Boot der K\u00fcste folgen, entlang des\u00a0<i>Cam\u00ed de Ronda<\/i>\u00a0wandern oder einfach in dem kristallklaren Wasser baden sind nur einige der Aktivit\u00e4ten, die uns dieses kleine Paradies bietet.[\/vc_column_text]<a href=\"http:\/\/www.visitpalafrugell.cat\" target=\"_blank\" class=\"button color-3 large \" style=\"border-radius: 15px;\">TOURISMUSB\u00dcRO<\/a>[\/vc_column][\/vc_row][vc_row][vc_column width=&#8220;1\/1&#8243;]<div class=\"spacer\" style=\"height: 80px;\"><\/div>[\/vc_column][\/vc_row][vc_row][vc_column width=&#8220;1\/1&#8243;]<div class=\"minti_carousel  grab-false dots\" data-columns=\"3\" data-tabletcolumns=\"3\" data-nav=\"true\" data-pagination=\"true\" data-autoplay=\"false\" data-animationtime=\"4000\"><div class=\"single_image wpb_content_element align-left    \" data-animation=\"none\" data-delay=\"0\"><img loading=\"lazy\" decoding=\"async\" width=\"656\" height=\"986\" src=\"https:\/\/hostalesniu.com\/wp-content\/uploads\/2022\/02\/HostalEsNiu_Ext_07.jpg\" class=\"attachment-full\" alt=\"\" title=\"HostalEsNiu_Ext_07\" srcset=\"https:\/\/hostalesniu.com\/wp-content\/uploads\/2022\/02\/HostalEsNiu_Ext_07.jpg 656w, https:\/\/hostalesniu.com\/wp-content\/uploads\/2022\/02\/HostalEsNiu_Ext_07-200x300.jpg 200w\" sizes=\"auto, (max-width: 656px) 100vw, 656px\" \/><\/div><div class=\"single_image wpb_content_element align-left    \" data-animation=\"none\" data-delay=\"0\"><img loading=\"lazy\" decoding=\"async\" width=\"656\" height=\"986\" src=\"https:\/\/hostalesniu.com\/wp-content\/uploads\/2022\/02\/HostalEsNiu_Ext_06.jpg\" class=\"attachment-full\" alt=\"\" title=\"HostalEsNiu_Ext_06\" srcset=\"https:\/\/hostalesniu.com\/wp-content\/uploads\/2022\/02\/HostalEsNiu_Ext_06.jpg 656w, https:\/\/hostalesniu.com\/wp-content\/uploads\/2022\/02\/HostalEsNiu_Ext_06-200x300.jpg 200w\" sizes=\"auto, (max-width: 656px) 100vw, 656px\" \/><\/div><div class=\"single_image wpb_content_element align-left    \" data-animation=\"none\" data-delay=\"0\"><img loading=\"lazy\" decoding=\"async\" width=\"656\" height=\"986\" src=\"https:\/\/hostalesniu.com\/wp-content\/uploads\/2022\/02\/HostalEsNiu_Ext_08.jpg\" class=\"attachment-full\" alt=\"\" title=\"HostalEsNiu_Ext_08\" srcset=\"https:\/\/hostalesniu.com\/wp-content\/uploads\/2022\/02\/HostalEsNiu_Ext_08.jpg 656w, https:\/\/hostalesniu.com\/wp-content\/uploads\/2022\/02\/HostalEsNiu_Ext_08-200x300.jpg 200w\" sizes=\"auto, (max-width: 656px) 100vw, 656px\" \/><\/div><div class=\"single_image wpb_content_element align-left    \" data-animation=\"none\" data-delay=\"0\"><img loading=\"lazy\" decoding=\"async\" width=\"656\" height=\"986\" src=\"https:\/\/hostalesniu.com\/wp-content\/uploads\/2022\/02\/HostalEsNiu_Ext_09.jpg\" class=\"attachment-full\" alt=\"\" title=\"HostalEsNiu_Ext_09\" srcset=\"https:\/\/hostalesniu.com\/wp-content\/uploads\/2022\/02\/HostalEsNiu_Ext_09.jpg 656w, https:\/\/hostalesniu.com\/wp-content\/uploads\/2022\/02\/HostalEsNiu_Ext_09-200x300.jpg 200w\" sizes=\"auto, (max-width: 656px) 100vw, 656px\" \/><\/div><div class=\"single_image wpb_content_element align-left    \" data-animation=\"none\" data-delay=\"0\"><img loading=\"lazy\" decoding=\"async\" width=\"656\" height=\"986\" src=\"https:\/\/hostalesniu.com\/wp-content\/uploads\/2022\/02\/HostalEsNiu_Ext_10.jpg\" class=\"attachment-full\" alt=\"\" title=\"HostalEsNiu_Ext_10\" srcset=\"https:\/\/hostalesniu.com\/wp-content\/uploads\/2022\/02\/HostalEsNiu_Ext_10.jpg 656w, https:\/\/hostalesniu.com\/wp-content\/uploads\/2022\/02\/HostalEsNiu_Ext_10-200x300.jpg 200w\" sizes=\"auto, (max-width: 656px) 100vw, 656px\" \/><\/div><div class=\"single_image wpb_content_element align-left    \" data-animation=\"none\" data-delay=\"0\"><img loading=\"lazy\" decoding=\"async\" width=\"682\" height=\"1024\" src=\"https:\/\/hostalesniu.com\/wp-content\/uploads\/2025\/06\/EsNiu-F0625-WL-23.jpg\" class=\"attachment-full\" alt=\"\" title=\"EsNiu-F0625-WL-23\" srcset=\"https:\/\/hostalesniu.com\/wp-content\/uploads\/2025\/06\/EsNiu-F0625-WL-23.jpg 682w, https:\/\/hostalesniu.com\/wp-content\/uploads\/2025\/06\/EsNiu-F0625-WL-23-200x300.jpg 200w\" sizes=\"auto, (max-width: 682px) 100vw, 682px\" \/><\/div><div class=\"single_image wpb_content_element align-left    \" data-animation=\"none\" data-delay=\"0\"><img loading=\"lazy\" decoding=\"async\" width=\"682\" height=\"1024\" src=\"https:\/\/hostalesniu.com\/wp-content\/uploads\/2025\/06\/EsNiu-F0625-WL-24.jpg\" class=\"attachment-full\" alt=\"\" title=\"EsNiu-F0625-WL-24\" srcset=\"https:\/\/hostalesniu.com\/wp-content\/uploads\/2025\/06\/EsNiu-F0625-WL-24.jpg 682w, https:\/\/hostalesniu.com\/wp-content\/uploads\/2025\/06\/EsNiu-F0625-WL-24-200x300.jpg 200w\" sizes=\"auto, (max-width: 682px) 100vw, 682px\" \/><\/div><\/div>[\/vc_column][\/vc_row][vc_row][vc_column width=&#8220;1\/1&#8243;]<div class=\"spacer\" style=\"height: 80px;\"><\/div>[\/vc_column][\/vc_row][vc_row][vc_column width=&#8220;2\/5&#8243;][vc_column_text]<\/p>\n<h1 class=\"font-special\"><span style=\"font-size: 36pt;\">Palafrugell +<\/span><\/h1>\n<p>[\/vc_column_text][\/vc_column][vc_column width=&#8220;3\/5&#8243;][vc_column_text]Entdecken Sie die Geschichte und Kultur der\u00a0<i>Costa Brava<\/i>\u00a0durch eine gro\u00dfe Vielfalt an Veranstaltungen, Routen und kulturellen Angeboten, die Sie w\u00e4hrend Ihres Aufenthalts in unserer Herberge genie\u00dfen k\u00f6nnen. Dar\u00fcber hinaus k\u00f6nnen Sie in unserem Haus das Ticket &lt;Palafrugell +&gt; erwerben, mit dem Sie zu einem erm\u00e4\u00dfigten Preis von 10 \u20ac Zugang zu den wichtigsten Kulturr\u00e4umen der Gemeinde haben.[\/vc_column_text]<a href=\"https:\/\/plus.palafrugell.cat\/en\/\" target=\"_blank\" class=\"button color-3 large \" style=\"border-radius: 15px;\">einkaufen<\/a>[\/vc_column][\/vc_row][vc_row][vc_column width=&#8220;1\/1&#8243;]<div class=\"spacer\" style=\"height: 80px;\"><\/div>[\/vc_column][\/vc_row][vc_row type=&#8220;full_width_section&#8220;][vc_column width=&#8220;1\/1&#8243;][vc_raw_html]JTNDaWZyYW1lJTIwc3JjJTNEJTIyaHR0cHMlM0ElMkYlMkZ3d3cuZ29vZ2xlLmNvbSUyRm1hcHMlMkZlbWJlZCUzRnBiJTNEJTIxMW0xOCUyMTFtMTIlMjExbTMlMjExZDI5NjguNzQ1NTg3NTYyMzY3NyUyMTJkMy4yMDUwODYyMTU3Mzg1NzElMjEzZDQxLjkxOTgyNzU3MDc4MDI2NCUyMTJtMyUyMTFmMCUyMTJmMCUyMTNmMCUyMTNtMiUyMTFpMTAyNCUyMTJpNzY4JTIxNGYxMy4xJTIxM20zJTIxMW0yJTIxMXMweDEyYmE1MzUwMWNlNzIxNjUlMjUzQTB4ZWRhZmUwODgzM2I5M2YyOCUyMTJzSG9zdGFsJTI1MjBFcyUyNTIwTml1JTIxNWUwJTIxM20yJTIxMXNlcyUyMTJzZXMlMjE0djE2NDY1ODYyNzMxODAlMjE1bTIlMjExc2VzJTIxMnNlcyUyMiUyMGZyYW1lYm9yZGVyJTNEJTIyMCUyMiUyMHN0eWxlJTNEJTIyYm9yZGVyJTNBMCUzQndpZHRoJTNBMTAwJTI1JTNCaGVpZ2h0JTNBNDAwcHglM0IlMjJhbGxvd2Z1bGxzY3JlZW4lM0QlMjIlMjIlMjBhcmlhLWhpZGRlbiUzRCUyMmZhbHNlJTIyJTIwdGFiaW5kZXglM0QlMjIwJTIyJTNFJTNDJTJGaWZyYW1lJTNFJTBB[\/vc_raw_html][\/vc_column][\/vc_row][vc_row][vc_column width=&#8220;1\/1&#8243;]<div class=\"spacer\" style=\"height: 80px;\"><\/div>[\/vc_column][\/vc_row][vc_row][vc_column width=&#8220;2\/5&#8243;][vc_column_text]<\/p>\n<h1 class=\"font-special\"><span style=\"font-size: 36pt;\">Kontakt<\/span><\/h1>\n<p>[\/vc_column_text][vc_column_text]<\/p>\n<h5>M\u00f6chten Sie weitere informationen?<\/h5>\n<p>[\/vc_column_text][\/vc_column][vc_column width=&#8220;3\/5&#8243;][vc_column_text]Wir sind bestrebt, Ihnen einen qualitativ hochwertigen Service zu bieten. Sie k\u00f6nnen uns daher jederzeit kontaktieren. Egal, ob Sie Ihren n\u00e4chsten Urlaub planen oder Informationen \u00fcber unsere Einrichtungen ben\u00f6tigen.[\/vc_column_text]<a href=\"https:\/\/hostalesniu.com\/de\/kontakt\/\" target=\"_self\" class=\"button color-3 large \" style=\"border-radius: 15px;\">Kontakt<\/a>[\/vc_column][\/vc_row][vc_row][vc_column width=&#8220;1\/1&#8243;]<div class=\"spacer\" style=\"height: 80px;\"><\/div>[\/vc_column][\/vc_row]<\/p>\n<\/div>","protected":false},"excerpt":{"rendered":"<p>[vc_row type=&#8220;full_width_section&#8220; bg_color=&#8220;#a89783&#8243;][vc_column width=&#8220;1\/1&#8243;][vc_raw_html]JTNDZGl2JTIwaWQlM0QlMjJpbnNlcnRCYXIlMjIlM0UlM0MlMkZkaXYlM0U=[\/vc_raw_html][\/vc_column][\/vc_row][vc_row][vc_column width=&#8220;1\/1&#8243;][\/vc_column][\/vc_row][vc_row][vc_column width=&#8220;2\/5&#8243;][vc_column_text] Tamariu [\/vc_column_text][vc_column_text] Costa Brava [\/vc_column_text][\/vc_column][vc_column width=&#8220;3\/5&#8243;][vc_column_text]Tamariu ist ein altes Fischerdorf in der Gemeinde\u00a0Palafrugell, das mit Sch\u00f6nheit und Ruhe, mit engen Gassen, wei\u00dfen H\u00e4usern und wenig Bev\u00f6lkerung verzaubert. Die \u00fcppige Vegetation, die Str\u00e4nde mit goldenem Sand und kristallklarem Wasser sowie die wilden Felsen und Klippen bilden die nat\u00fcrliche Landschaft dieser kleinen Ecke der\u00a0Costa Brava. Das Entdecken von Naturr\u00e4umen, Freizeit und Sport lassen sich gut mit Ihrem Aufenthalt in\u00a0Tamariu\u00a0kombinieren. Mit dem Kajak oder Boot der K\u00fcste folgen, entlang des\u00a0Cam\u00ed de Ronda\u00a0wandern oder einfach in dem kristallklaren Wasser baden sind nur einige der Aktivit\u00e4ten, die uns dieses kleine Paradies bietet.[\/vc_column_text][\/vc_column][\/vc_row][vc_row][vc_column width=&#8220;1\/1&#8243;][\/vc_column][\/vc_row][vc_row][vc_column width=&#8220;1\/1&#8243;][\/vc_column][\/vc_row][vc_row][vc_column width=&#8220;1\/1&#8243;][\/vc_column][\/vc_row][vc_row][vc_column width=&#8220;2\/5&#8243;][vc_column_text] Palafrugell + [\/vc_column_text][\/vc_column][vc_column width=&#8220;3\/5&#8243;][vc_column_text]Entdecken Sie die Geschichte und Kultur der\u00a0Costa Brava\u00a0durch eine gro\u00dfe Vielfalt an Veranstaltungen, Routen und kulturellen Angeboten, die Sie w\u00e4hrend Ihres Aufenthalts in unserer Herberge genie\u00dfen k\u00f6nnen. Dar\u00fcber hinaus k\u00f6nnen Sie in unserem Haus das Ticket &lt;Palafrugell +&gt; erwerben, mit dem Sie zu einem erm\u00e4\u00dfigten Preis von 10 \u20ac Zugang zu den wichtigsten Kulturr\u00e4umen der Gemeinde haben.[\/vc_column_text][\/vc_column][\/vc_row][vc_row][vc_column width=&#8220;1\/1&#8243;][\/vc_column][\/vc_row][vc_row type=&#8220;full_width_section&#8220;][vc_column width=&#8220;1\/1&#8243;][vc_raw_html]JTNDaWZyYW1lJTIwc3JjJTNEJTIyaHR0cHMlM0ElMkYlMkZ3d3cuZ29vZ2xlLmNvbSUyRm1hcHMlMkZlbWJlZCUzRnBiJTNEJTIxMW0xOCUyMTFtMTIlMjExbTMlMjExZDI5NjguNzQ1NTg3NTYyMzY3NyUyMTJkMy4yMDUwODYyMTU3Mzg1NzElMjEzZDQxLjkxOTgyNzU3MDc4MDI2NCUyMTJtMyUyMTFmMCUyMTJmMCUyMTNmMCUyMTNtMiUyMTFpMTAyNCUyMTJpNzY4JTIxNGYxMy4xJTIxM20zJTIxMW0yJTIxMXMweDEyYmE1MzUwMWNlNzIxNjUlMjUzQTB4ZWRhZmUwODgzM2I5M2YyOCUyMTJzSG9zdGFsJTI1MjBFcyUyNTIwTml1JTIxNWUwJTIxM20yJTIxMXNlcyUyMTJzZXMlMjE0djE2NDY1ODYyNzMxODAlMjE1bTIlMjExc2VzJTIxMnNlcyUyMiUyMGZyYW1lYm9yZGVyJTNEJTIyMCUyMiUyMHN0eWxlJTNEJTIyYm9yZGVyJTNBMCUzQndpZHRoJTNBMTAwJTI1JTNCaGVpZ2h0JTNBNDAwcHglM0IlMjJhbGxvd2Z1bGxzY3JlZW4lM0QlMjIlMjIlMjBhcmlhLWhpZGRlbiUzRCUyMmZhbHNlJTIyJTIwdGFiaW5kZXglM0QlMjIwJTIyJTNFJTNDJTJGaWZyYW1lJTNFJTBB[\/vc_raw_html][\/vc_column][\/vc_row][vc_row][vc_column width=&#8220;1\/1&#8243;][\/vc_column][\/vc_row][vc_row][vc_column width=&#8220;2\/5&#8243;][vc_column_text] Kontakt [\/vc_column_text][vc_column_text] M\u00f6chten Sie weitere informationen? [\/vc_column_text][\/vc_column][vc_column width=&#8220;3\/5&#8243;][vc_column_text]Wir sind bestrebt, Ihnen einen qualitativ hochwertigen Service zu bieten. Sie k\u00f6nnen uns daher jederzeit kontaktieren. Egal, ob Sie Ihren n\u00e4chsten [&hellip;]<\/p>\n","protected":false},"author":3,"featured_media":0,"parent":0,"menu_order":0,"comment_status":"closed","ping_status":"closed","template":"","meta":{"footnotes":""},"class_list":["post-20324","page","type-page","status-publish","hentry"],"_links":{"self":[{"href":"https:\/\/hostalesniu.com\/de\/wp-json\/wp\/v2\/pages\/20324","targetHints":{"allow":["GET"]}}],"collection":[{"href":"https:\/\/hostalesniu.com\/de\/wp-json\/wp\/v2\/pages"}],"about":[{"href":"https:\/\/hostalesniu.com\/de\/wp-json\/wp\/v2\/types\/page"}],"author":[{"embeddable":true,"href":"https:\/\/hostalesniu.com\/de\/wp-json\/wp\/v2\/users\/3"}],"replies":[{"embeddable":true,"href":"https:\/\/hostalesniu.com\/de\/wp-json\/wp\/v2\/comments?post=20324"}],"version-history":[{"count":11,"href":"https:\/\/hostalesniu.com\/de\/wp-json\/wp\/v2\/pages\/20324\/revisions"}],"predecessor-version":[{"id":22221,"href":"https:\/\/hostalesniu.com\/de\/wp-json\/wp\/v2\/pages\/20324\/revisions\/22221"}],"wp:attachment":[{"href":"https:\/\/hostalesniu.com\/de\/wp-json\/wp\/v2\/media?parent=20324"}],"curies":[{"name":"wp","href":"https:\/\/api.w.org\/{rel}","templated":true}]}}