{"id":20343,"date":"2021-02-06T22:01:11","date_gmt":"2021-02-06T22:01:11","guid":{"rendered":"https:\/\/hostalesniu.com\/habitacions\/"},"modified":"2025-06-12T10:26:23","modified_gmt":"2025-06-12T10:26:23","slug":"zimmer","status":"publish","type":"page","link":"https:\/\/hostalesniu.com\/de\/zimmer\/","title":{"rendered":"Zimmer"},"content":{"rendered":"<div class=\"wpb-content-wrapper\"><p>[vc_row type=&#8220;full_width_section&#8220; bg_color=&#8220;#a89783&#8243;][vc_column width=&#8220;1\/1&#8243;][vc_raw_html]JTNDZGl2JTIwaWQlM0QlMjJpbnNlcnRCYXIlMjIlM0UlM0MlMkZkaXYlM0U=[\/vc_raw_html][\/vc_column][\/vc_row][vc_row][vc_column width=&#8220;1\/1&#8243;]<div class=\"spacer\" style=\"height: 80px;\"><\/div>[\/vc_column][\/vc_row][vc_row][vc_column width=&#8220;2\/5&#8243;][vc_column_text]<\/p>\n<h1 class=\"font-special\"><span style=\"font-size: 36pt;\">Zimmer<\/span><\/h1>\n<p>[\/vc_column_text][vc_column_text]<\/p>\n<h5>Mediterraner Charakter<\/h5>\n<p>[\/vc_column_text][\/vc_column][vc_column width=&#8220;3\/5&#8243;][vc_column_text]Die Herberge<i>\u00a0Es Niu<\/i> verf\u00fcgt \u00fcber 19 gro\u00dfe und komfortable Zimmer, die im mediterranen Stil renoviert und liebevoll dekoriert wurden. Sie sind mit einem Badezimmer, Klimaanlage, WLAN-Verbindung und Smart TV ausgestattet. Die \u00fcberwiegende Mehrheit verf\u00fcgt \u00fcber einen Balkon oder eine Terrasse mit Blick auf die Stadt <i>Tamariu<\/i>.[\/vc_column_text][\/vc_column][\/vc_row][vc_row][vc_column width=&#8220;1\/1&#8243;]<div class=\"spacer\" style=\"height: 80px;\"><\/div>[\/vc_column][\/vc_row][vc_row][vc_column width=&#8220;1\/1&#8243;]<div class=\"minti_carousel  grab-false dots\" data-columns=\"2\" data-tabletcolumns=\"2\" data-nav=\"true\" data-pagination=\"true\" data-autoplay=\"false\" data-animationtime=\"4000\"><div class=\"single_image wpb_content_element align-left    \" data-animation=\"none\" data-delay=\"0\"><img loading=\"lazy\" decoding=\"async\" width=\"1024\" height=\"681\" src=\"https:\/\/hostalesniu.com\/wp-content\/uploads\/2025\/06\/EsNiu-F0625-WL-60-1.jpg\" class=\"attachment-full\" alt=\"\" title=\"EsNiu-F0625-WL-60\" srcset=\"https:\/\/hostalesniu.com\/wp-content\/uploads\/2025\/06\/EsNiu-F0625-WL-60-1.jpg 1024w, https:\/\/hostalesniu.com\/wp-content\/uploads\/2025\/06\/EsNiu-F0625-WL-60-1-300x200.jpg 300w, https:\/\/hostalesniu.com\/wp-content\/uploads\/2025\/06\/EsNiu-F0625-WL-60-1-768x511.jpg 768w, https:\/\/hostalesniu.com\/wp-content\/uploads\/2025\/06\/EsNiu-F0625-WL-60-1-600x400.jpg 600w\" sizes=\"auto, (max-width: 1024px) 100vw, 1024px\" \/><\/div><div class=\"single_image wpb_content_element align-left    \" data-animation=\"none\" data-delay=\"0\"><img loading=\"lazy\" decoding=\"async\" width=\"1024\" height=\"682\" src=\"https:\/\/hostalesniu.com\/wp-content\/uploads\/2025\/06\/EsNiu-F0625-WL-120.jpg\" class=\"attachment-full\" alt=\"\" title=\"EsNiu-F0625-WL-120\" srcset=\"https:\/\/hostalesniu.com\/wp-content\/uploads\/2025\/06\/EsNiu-F0625-WL-120.jpg 1024w, https:\/\/hostalesniu.com\/wp-content\/uploads\/2025\/06\/EsNiu-F0625-WL-120-300x200.jpg 300w, https:\/\/hostalesniu.com\/wp-content\/uploads\/2025\/06\/EsNiu-F0625-WL-120-768x512.jpg 768w, https:\/\/hostalesniu.com\/wp-content\/uploads\/2025\/06\/EsNiu-F0625-WL-120-600x400.jpg 600w\" sizes=\"auto, (max-width: 1024px) 100vw, 1024px\" \/><\/div><div class=\"single_image wpb_content_element align-left    \" data-animation=\"none\" data-delay=\"0\"><img loading=\"lazy\" decoding=\"async\" width=\"1024\" height=\"682\" src=\"https:\/\/hostalesniu.com\/wp-content\/uploads\/2025\/06\/EsNiu-F0625-WL-129.jpg\" class=\"attachment-full\" alt=\"\" title=\"EsNiu-F0625-WL-129\" srcset=\"https:\/\/hostalesniu.com\/wp-content\/uploads\/2025\/06\/EsNiu-F0625-WL-129.jpg 1024w, https:\/\/hostalesniu.com\/wp-content\/uploads\/2025\/06\/EsNiu-F0625-WL-129-300x200.jpg 300w, https:\/\/hostalesniu.com\/wp-content\/uploads\/2025\/06\/EsNiu-F0625-WL-129-768x512.jpg 768w, https:\/\/hostalesniu.com\/wp-content\/uploads\/2025\/06\/EsNiu-F0625-WL-129-600x400.jpg 600w\" sizes=\"auto, (max-width: 1024px) 100vw, 1024px\" \/><\/div><div class=\"single_image wpb_content_element align-left    \" data-animation=\"none\" data-delay=\"0\"><img loading=\"lazy\" decoding=\"async\" width=\"1024\" height=\"682\" src=\"https:\/\/hostalesniu.com\/wp-content\/uploads\/2025\/06\/EsNiu-F0625-WL-151-1.jpg\" class=\"attachment-full\" alt=\"\" title=\"EsNiu-F0625-WL-151\" srcset=\"https:\/\/hostalesniu.com\/wp-content\/uploads\/2025\/06\/EsNiu-F0625-WL-151-1.jpg 1024w, https:\/\/hostalesniu.com\/wp-content\/uploads\/2025\/06\/EsNiu-F0625-WL-151-1-300x200.jpg 300w, https:\/\/hostalesniu.com\/wp-content\/uploads\/2025\/06\/EsNiu-F0625-WL-151-1-768x512.jpg 768w, https:\/\/hostalesniu.com\/wp-content\/uploads\/2025\/06\/EsNiu-F0625-WL-151-1-600x400.jpg 600w\" sizes=\"auto, (max-width: 1024px) 100vw, 1024px\" \/><\/div><div class=\"single_image wpb_content_element align-left    \" data-animation=\"none\" data-delay=\"0\"><img loading=\"lazy\" decoding=\"async\" width=\"1024\" height=\"682\" src=\"https:\/\/hostalesniu.com\/wp-content\/uploads\/2025\/06\/EsNiu-F0625-WL-153.jpg\" class=\"attachment-full\" alt=\"\" title=\"EsNiu-F0625-WL-153\" srcset=\"https:\/\/hostalesniu.com\/wp-content\/uploads\/2025\/06\/EsNiu-F0625-WL-153.jpg 1024w, https:\/\/hostalesniu.com\/wp-content\/uploads\/2025\/06\/EsNiu-F0625-WL-153-300x200.jpg 300w, https:\/\/hostalesniu.com\/wp-content\/uploads\/2025\/06\/EsNiu-F0625-WL-153-768x512.jpg 768w, https:\/\/hostalesniu.com\/wp-content\/uploads\/2025\/06\/EsNiu-F0625-WL-153-600x400.jpg 600w\" sizes=\"auto, (max-width: 1024px) 100vw, 1024px\" \/><\/div><div class=\"single_image wpb_content_element align-left    \" data-animation=\"none\" data-delay=\"0\"><img loading=\"lazy\" decoding=\"async\" width=\"1024\" height=\"682\" src=\"https:\/\/hostalesniu.com\/wp-content\/uploads\/2025\/06\/EsNiu-F0625-WL-44.jpg\" class=\"attachment-full\" alt=\"\" title=\"EsNiu-F0625-WL-44\" srcset=\"https:\/\/hostalesniu.com\/wp-content\/uploads\/2025\/06\/EsNiu-F0625-WL-44.jpg 1024w, https:\/\/hostalesniu.com\/wp-content\/uploads\/2025\/06\/EsNiu-F0625-WL-44-300x200.jpg 300w, https:\/\/hostalesniu.com\/wp-content\/uploads\/2025\/06\/EsNiu-F0625-WL-44-768x512.jpg 768w, https:\/\/hostalesniu.com\/wp-content\/uploads\/2025\/06\/EsNiu-F0625-WL-44-600x400.jpg 600w\" sizes=\"auto, (max-width: 1024px) 100vw, 1024px\" \/><\/div><\/div>[\/vc_column][\/vc_row][vc_row][vc_column width=&#8220;1\/1&#8243;]<div class=\"spacer\" style=\"height: 80px;\"><\/div>[\/vc_column][\/vc_row][vc_row][vc_column width=&#8220;1\/1&#8243;]<div class=\"minti_carousel  grab-false dots\" data-columns=\"3\" data-tabletcolumns=\"3\" data-nav=\"true\" data-pagination=\"true\" data-autoplay=\"false\" data-animationtime=\"4000\"><div class=\"single_image wpb_content_element align-left    \" data-animation=\"none\" data-delay=\"0\"><img loading=\"lazy\" decoding=\"async\" width=\"850\" height=\"1277\" src=\"https:\/\/hostalesniu.com\/wp-content\/uploads\/2022\/06\/HEsNiu-46.jpg\" class=\"attachment-full\" alt=\"\" title=\"HEsNiu-46\" srcset=\"https:\/\/hostalesniu.com\/wp-content\/uploads\/2022\/06\/HEsNiu-46.jpg 850w, https:\/\/hostalesniu.com\/wp-content\/uploads\/2022\/06\/HEsNiu-46-200x300.jpg 200w, https:\/\/hostalesniu.com\/wp-content\/uploads\/2022\/06\/HEsNiu-46-682x1024.jpg 682w, https:\/\/hostalesniu.com\/wp-content\/uploads\/2022\/06\/HEsNiu-46-768x1154.jpg 768w\" sizes=\"auto, (max-width: 850px) 100vw, 850px\" \/><\/div><div class=\"single_image wpb_content_element align-left    \" data-animation=\"none\" data-delay=\"0\"><img loading=\"lazy\" decoding=\"async\" width=\"850\" height=\"1277\" src=\"https:\/\/hostalesniu.com\/wp-content\/uploads\/2022\/06\/HEsNiu-52.jpg\" class=\"attachment-full\" alt=\"\" title=\"HEsNiu-52\" srcset=\"https:\/\/hostalesniu.com\/wp-content\/uploads\/2022\/06\/HEsNiu-52.jpg 850w, https:\/\/hostalesniu.com\/wp-content\/uploads\/2022\/06\/HEsNiu-52-200x300.jpg 200w, https:\/\/hostalesniu.com\/wp-content\/uploads\/2022\/06\/HEsNiu-52-682x1024.jpg 682w, https:\/\/hostalesniu.com\/wp-content\/uploads\/2022\/06\/HEsNiu-52-768x1154.jpg 768w\" sizes=\"auto, (max-width: 850px) 100vw, 850px\" \/><\/div><div class=\"single_image wpb_content_element align-left    \" data-animation=\"none\" data-delay=\"0\"><img loading=\"lazy\" decoding=\"async\" width=\"681\" height=\"1024\" src=\"https:\/\/hostalesniu.com\/wp-content\/uploads\/2025\/06\/EsNiu-F0625-WL-48.jpg\" class=\"attachment-full\" alt=\"\" title=\"EsNiu-F0625-WL-48\" srcset=\"https:\/\/hostalesniu.com\/wp-content\/uploads\/2025\/06\/EsNiu-F0625-WL-48.jpg 681w, https:\/\/hostalesniu.com\/wp-content\/uploads\/2025\/06\/EsNiu-F0625-WL-48-200x300.jpg 200w\" sizes=\"auto, (max-width: 681px) 100vw, 681px\" \/><\/div><div class=\"single_image wpb_content_element align-left    \" data-animation=\"none\" data-delay=\"0\"><img loading=\"lazy\" decoding=\"async\" width=\"682\" height=\"1024\" src=\"https:\/\/hostalesniu.com\/wp-content\/uploads\/2025\/06\/EsNiu-F0625-WL-123.jpg\" class=\"attachment-full\" alt=\"\" title=\"EsNiu-F0625-WL-123\" srcset=\"https:\/\/hostalesniu.com\/wp-content\/uploads\/2025\/06\/EsNiu-F0625-WL-123.jpg 682w, https:\/\/hostalesniu.com\/wp-content\/uploads\/2025\/06\/EsNiu-F0625-WL-123-200x300.jpg 200w\" sizes=\"auto, (max-width: 682px) 100vw, 682px\" \/><\/div><div class=\"single_image wpb_content_element align-left    \" data-animation=\"none\" data-delay=\"0\"><img loading=\"lazy\" decoding=\"async\" width=\"850\" height=\"1277\" src=\"https:\/\/hostalesniu.com\/wp-content\/uploads\/2022\/06\/HEsNiu-59.jpg\" class=\"attachment-full\" alt=\"\" title=\"HEsNiu-59\" srcset=\"https:\/\/hostalesniu.com\/wp-content\/uploads\/2022\/06\/HEsNiu-59.jpg 850w, https:\/\/hostalesniu.com\/wp-content\/uploads\/2022\/06\/HEsNiu-59-200x300.jpg 200w, https:\/\/hostalesniu.com\/wp-content\/uploads\/2022\/06\/HEsNiu-59-682x1024.jpg 682w, https:\/\/hostalesniu.com\/wp-content\/uploads\/2022\/06\/HEsNiu-59-768x1154.jpg 768w\" sizes=\"auto, (max-width: 850px) 100vw, 850px\" \/><\/div><\/div>[\/vc_column][\/vc_row][vc_row][vc_column width=&#8220;1\/1&#8243;]<div class=\"spacer\" style=\"height: 80px;\"><\/div>[\/vc_column][\/vc_row][vc_row type=&#8220;full_width_section&#8220;][vc_column width=&#8220;1\/1&#8243;][vc_raw_html]JTNDaWZyYW1lJTIwc3JjJTNEJTIyaHR0cHMlM0ElMkYlMkZ3d3cuZ29vZ2xlLmNvbSUyRm1hcHMlMkZlbWJlZCUzRnBiJTNEJTIxMW0xOCUyMTFtMTIlMjExbTMlMjExZDI5NjguNzQ1NTg3NTYyMzY3NyUyMTJkMy4yMDUwODYyMTU3Mzg1NzElMjEzZDQxLjkxOTgyNzU3MDc4MDI2NCUyMTJtMyUyMTFmMCUyMTJmMCUyMTNmMCUyMTNtMiUyMTFpMTAyNCUyMTJpNzY4JTIxNGYxMy4xJTIxM20zJTIxMW0yJTIxMXMweDEyYmE1MzUwMWNlNzIxNjUlMjUzQTB4ZWRhZmUwODgzM2I5M2YyOCUyMTJzSG9zdGFsJTI1MjBFcyUyNTIwTml1JTIxNWUwJTIxM20yJTIxMXNlcyUyMTJzZXMlMjE0djE2NDY1ODYyNzMxODAlMjE1bTIlMjExc2VzJTIxMnNlcyUyMiUyMGZyYW1lYm9yZGVyJTNEJTIyMCUyMiUyMHN0eWxlJTNEJTIyYm9yZGVyJTNBMCUzQndpZHRoJTNBMTAwJTI1JTNCaGVpZ2h0JTNBNDAwcHglM0IlMjJhbGxvd2Z1bGxzY3JlZW4lM0QlMjIlMjIlMjBhcmlhLWhpZGRlbiUzRCUyMmZhbHNlJTIyJTIwdGFiaW5kZXglM0QlMjIwJTIyJTNFJTNDJTJGaWZyYW1lJTNFJTBB[\/vc_raw_html][\/vc_column][\/vc_row][vc_row][vc_column width=&#8220;1\/1&#8243;]<div class=\"spacer\" style=\"height: 80px;\"><\/div>[\/vc_column][\/vc_row][vc_row][vc_column width=&#8220;2\/5&#8243;][vc_column_text]<\/p>\n<h1 class=\"font-special\"><span style=\"font-size: 36pt;\">Kontakt<\/span><\/h1>\n<p>[\/vc_column_text][vc_column_text]<\/p>\n<h5>M\u00f6chten Sie weitere informationen?<\/h5>\n<p>[\/vc_column_text][\/vc_column][vc_column width=&#8220;3\/5&#8243;][vc_column_text]Wir sind bestrebt, Ihnen einen qualitativ hochwertigen Service zu bieten. Sie k\u00f6nnen uns daher jederzeit kontaktieren. Egal, ob Sie Ihren n\u00e4chsten Urlaub planen oder Informationen \u00fcber unsere Einrichtungen ben\u00f6tigen.[\/vc_column_text]<a href=\"https:\/\/hostalesniu.com\/de\/kontakt\/\" target=\"_self\" class=\"button color-3 large \" style=\"border-radius: 15px;\">Kontakt<\/a>[\/vc_column][\/vc_row][vc_row][vc_column width=&#8220;1\/1&#8243;]<div class=\"spacer\" style=\"height: 80px;\"><\/div>[\/vc_column][\/vc_row]<\/p>\n<\/div>","protected":false},"excerpt":{"rendered":"<p>[vc_row type=&#8220;full_width_section&#8220; bg_color=&#8220;#a89783&#8243;][vc_column width=&#8220;1\/1&#8243;][vc_raw_html]JTNDZGl2JTIwaWQlM0QlMjJpbnNlcnRCYXIlMjIlM0UlM0MlMkZkaXYlM0U=[\/vc_raw_html][\/vc_column][\/vc_row][vc_row][vc_column width=&#8220;1\/1&#8243;][\/vc_column][\/vc_row][vc_row][vc_column width=&#8220;2\/5&#8243;][vc_column_text] Zimmer [\/vc_column_text][vc_column_text] Mediterraner Charakter [\/vc_column_text][\/vc_column][vc_column width=&#8220;3\/5&#8243;][vc_column_text]Die Herberge\u00a0Es Niu verf\u00fcgt \u00fcber 19 gro\u00dfe und komfortable Zimmer, die im mediterranen Stil renoviert und liebevoll dekoriert wurden. Sie sind mit einem Badezimmer, Klimaanlage, WLAN-Verbindung und Smart TV ausgestattet. Die \u00fcberwiegende Mehrheit verf\u00fcgt \u00fcber einen Balkon oder eine Terrasse mit Blick auf die Stadt Tamariu.[\/vc_column_text][\/vc_column][\/vc_row][vc_row][vc_column width=&#8220;1\/1&#8243;][\/vc_column][\/vc_row][vc_row][vc_column width=&#8220;1\/1&#8243;][\/vc_column][\/vc_row][vc_row][vc_column width=&#8220;1\/1&#8243;][\/vc_column][\/vc_row][vc_row][vc_column width=&#8220;1\/1&#8243;][\/vc_column][\/vc_row][vc_row][vc_column width=&#8220;1\/1&#8243;][\/vc_column][\/vc_row][vc_row type=&#8220;full_width_section&#8220;][vc_column width=&#8220;1\/1&#8243;][vc_raw_html]JTNDaWZyYW1lJTIwc3JjJTNEJTIyaHR0cHMlM0ElMkYlMkZ3d3cuZ29vZ2xlLmNvbSUyRm1hcHMlMkZlbWJlZCUzRnBiJTNEJTIxMW0xOCUyMTFtMTIlMjExbTMlMjExZDI5NjguNzQ1NTg3NTYyMzY3NyUyMTJkMy4yMDUwODYyMTU3Mzg1NzElMjEzZDQxLjkxOTgyNzU3MDc4MDI2NCUyMTJtMyUyMTFmMCUyMTJmMCUyMTNmMCUyMTNtMiUyMTFpMTAyNCUyMTJpNzY4JTIxNGYxMy4xJTIxM20zJTIxMW0yJTIxMXMweDEyYmE1MzUwMWNlNzIxNjUlMjUzQTB4ZWRhZmUwODgzM2I5M2YyOCUyMTJzSG9zdGFsJTI1MjBFcyUyNTIwTml1JTIxNWUwJTIxM20yJTIxMXNlcyUyMTJzZXMlMjE0djE2NDY1ODYyNzMxODAlMjE1bTIlMjExc2VzJTIxMnNlcyUyMiUyMGZyYW1lYm9yZGVyJTNEJTIyMCUyMiUyMHN0eWxlJTNEJTIyYm9yZGVyJTNBMCUzQndpZHRoJTNBMTAwJTI1JTNCaGVpZ2h0JTNBNDAwcHglM0IlMjJhbGxvd2Z1bGxzY3JlZW4lM0QlMjIlMjIlMjBhcmlhLWhpZGRlbiUzRCUyMmZhbHNlJTIyJTIwdGFiaW5kZXglM0QlMjIwJTIyJTNFJTNDJTJGaWZyYW1lJTNFJTBB[\/vc_raw_html][\/vc_column][\/vc_row][vc_row][vc_column width=&#8220;1\/1&#8243;][\/vc_column][\/vc_row][vc_row][vc_column width=&#8220;2\/5&#8243;][vc_column_text] Kontakt [\/vc_column_text][vc_column_text] M\u00f6chten Sie weitere informationen? [\/vc_column_text][\/vc_column][vc_column width=&#8220;3\/5&#8243;][vc_column_text]Wir sind bestrebt, Ihnen einen qualitativ hochwertigen Service zu bieten. Sie k\u00f6nnen uns daher jederzeit kontaktieren. Egal, ob Sie Ihren n\u00e4chsten Urlaub planen oder Informationen \u00fcber unsere Einrichtungen ben\u00f6tigen.[\/vc_column_text][\/vc_column][\/vc_row][vc_row][vc_column width=&#8220;1\/1&#8243;][\/vc_column][\/vc_row]<\/p>\n","protected":false},"author":1,"featured_media":0,"parent":0,"menu_order":0,"comment_status":"closed","ping_status":"closed","template":"","meta":{"footnotes":""},"class_list":["post-20343","page","type-page","status-publish","hentry"],"_links":{"self":[{"href":"https:\/\/hostalesniu.com\/de\/wp-json\/wp\/v2\/pages\/20343","targetHints":{"allow":["GET"]}}],"collection":[{"href":"https:\/\/hostalesniu.com\/de\/wp-json\/wp\/v2\/pages"}],"about":[{"href":"https:\/\/hostalesniu.com\/de\/wp-json\/wp\/v2\/types\/page"}],"author":[{"embeddable":true,"href":"https:\/\/hostalesniu.com\/de\/wp-json\/wp\/v2\/users\/1"}],"replies":[{"embeddable":true,"href":"https:\/\/hostalesniu.com\/de\/wp-json\/wp\/v2\/comments?post=20343"}],"version-history":[{"count":12,"href":"https:\/\/hostalesniu.com\/de\/wp-json\/wp\/v2\/pages\/20343\/revisions"}],"predecessor-version":[{"id":22216,"href":"https:\/\/hostalesniu.com\/de\/wp-json\/wp\/v2\/pages\/20343\/revisions\/22216"}],"wp:attachment":[{"href":"https:\/\/hostalesniu.com\/de\/wp-json\/wp\/v2\/media?parent=20343"}],"curies":[{"name":"wp","href":"https:\/\/api.w.org\/{rel}","templated":true}]}}