{"id":20398,"date":"2021-02-09T20:28:30","date_gmt":"2021-02-09T20:28:30","guid":{"rendered":"https:\/\/hostalesniu.com\/avis-legal\/"},"modified":"2025-02-04T12:37:26","modified_gmt":"2025-02-04T12:37:26","slug":"avis-legal","status":"publish","type":"page","link":"https:\/\/hostalesniu.com\/de\/avis-legal\/","title":{"rendered":"Av\u00eds Legal"},"content":{"rendered":"<div class=\"wpb-content-wrapper\"><p>[vc_row bottom_padding=&#8220;60&#8243;][vc_column width=&#8220;1\/1&#8243;][vc_column_text el_class=&#8220;manrope fs16 lh34&#8243;]<\/p>\n<h1>Av\u00eds Legal<\/h1>\n<p>[\/vc_column_text][\/vc_column][\/vc_row][vc_row][vc_column width=&#8220;1\/1&#8243;][vc_column_text el_class=&#8220;manrope fs16 lh34&#8243;]<strong>Responsable del tractament de les dades:<\/strong> Club Clan 2000 S.L<\/p>\n<p><strong>Finalitat del tractament:<\/strong>\u00a0Gesti\u00f3 comercial i administrativa dels serveis, reserves o de la informaci\u00f3 sol\u00b7licitada.<\/p>\n<p><strong>Legitimaci\u00f3 del tractament:<\/strong>\u00a0Consentiment de l\u2019interessat per facilitar les dades. Relaci\u00f3 contractual Hotel-client.<\/p>\n<p><strong>Destinataris:<\/strong>\u00a0Les dades que ens faciliti seran incorporades a la nostra base de dades i no seran cedides a tercers.<\/p>\n<p><strong>Drets:<\/strong>\u00a0Accedir, rectificar i suprimir les seves dades, aix\u00ed com els altres drets previstos per la normativa vigent.<\/p>\n<p>Pot exercir els seus drets al seg\u00fcent enlla\u00e7:\u00a0<strong>Exerceix els teus Drets<\/strong><\/p>\n<p>Si desitja m\u00e9s informaci\u00f3, consulti la nostra\u00a0<strong>Pol\u00edtica de Privacitat<\/strong>\u00a0 i la nostra\u00a0<strong>Pol\u00edtica de Cookies<\/strong>.<\/p>\n<p><strong>Reclamacions davant l\u2019Autoritat de protecci\u00f3 de dades:<\/strong>\u00a0pot adre\u00e7ar les reclamacions derivades del tractament de les seves dades de car\u00e0cter personal a l\u2019Ag\u00e8ncia Espanyola de Protecci\u00f3 de Dades (<a href=\"http:\/\/www.agpd.es\/\" target=\"_new\" rel=\"noopener\">www.agpd.es<\/a>).<\/p>\n<h2><strong>Dret de Supressi\u00f3 de les dades<\/strong><\/h2>\n<p>L\u2019interessat tindr\u00e0 dret a qu\u00e8 el Responsable suprimeixi les seves dades, quan:<\/p>\n<ul>\n<li>El tractament sigui il\u00b7l\u00edcit.<\/li>\n<li>L\u2019interessat hagi retirat el seu consentiment.<\/li>\n<li>Ja no siguin necess\u00e0ries en relaci\u00f3 amb els fins per als quals van ser recollides o tractades.<\/li>\n<li>L\u2019interessat hagi exercit el dret d\u2019oposici\u00f3 i no prevalguin altres motius leg\u00edtims per al tractament.<\/li>\n<li>Les dades hagin de ser suprimides per complir una obligaci\u00f3 jur\u00eddica del Responsable.<\/li>\n<\/ul>\n<p>L\u2019interessat no tindr\u00e0 dret a qu\u00e8 el Responsable suprimeixi les seves dades quan el tractament sigui necessari:<\/p>\n<ul>\n<li>Per exercir el dret a la llibertat d\u2019expressi\u00f3 i informaci\u00f3.<\/li>\n<li>Per complir una obligaci\u00f3 jur\u00eddica del Responsable.<\/li>\n<li>Per a la formulaci\u00f3, exercici o defensa de reclamacions.<\/li>\n<li>Per inter\u00e8s p\u00fablic fonamentat en la legislaci\u00f3 vigent per raons de salut p\u00fablica o per a fins de recerca hist\u00f2rica, estad\u00edstica o cient\u00edfica.<\/li>\n<\/ul>\n<h2><strong>Dret de Portabilitat de les dades<\/strong><\/h2>\n<p>T\u00e9 dret a qu\u00e8 el Responsable transmeti les seves dades a un altre Responsable del tractament o a l\u2019interessat mateix, mitjan\u00e7ant un format estructurat d\u2019\u00fas habitual i lectura mec\u00e0nica, quan el tractament es dugui a terme per mitjans automatitzats i es basi en:<\/p>\n<ul>\n<li>El consentiment de l\u2019interessat per a fins espec\u00edfics.<\/li>\n<li>L\u2019execuci\u00f3 d\u2019un contracte o precontracte amb l\u2019interessat.<\/li>\n<\/ul>\n<p>El dret a la portabilitat de dades no s\u2019aplicar\u00e0 quan:<\/p>\n<ul>\n<li>Sigui t\u00e8cnicament impossible la transmissi\u00f3.<\/li>\n<li>Puguin afectar negativament els drets i llibertats de tercers.<\/li>\n<li>El tractament tingui una missi\u00f3 d\u2019inter\u00e8s p\u00fablic fonamentada en la legislaci\u00f3 vigent.<\/li>\n<\/ul>\n<h2><strong>Dret de Limitaci\u00f3 del tractament<\/strong><\/h2>\n<p>L\u2019interessat tindr\u00e0 dret a oposar-se al tractament de les seves dades realitzat pel Responsable per motius relacionats amb la seva situaci\u00f3 particular, quan el tractament es basi en:<\/p>\n<ul>\n<li>M\u00e0rqueting directe.<\/li>\n<li>Elaboraci\u00f3 de perfils.<\/li>\n<li>Inter\u00e8s leg\u00edtim del Responsable o tercers, sempre que no prevalguin els interessos o els drets i llibertats de l\u2019interessat, especialment si \u00e9s un nen.<\/li>\n<li>Investigaci\u00f3 hist\u00f2rica, estad\u00edstica o cient\u00edfica, excepte que el tractament sigui necessari per motius d\u2019inter\u00e8s p\u00fablic.<\/li>\n<\/ul>\n<p>Tot i que l\u2019interessat s\u2019oposi al tractament de les seves dades, el Responsable podr\u00e0 continuar tractant-les sempre que l\u2019inter\u00e8s leg\u00edtim del Responsable prevalgui sobre els interessos o els drets i llibertats de l\u2019interessat en un procediment judicial que ho justifiqui.<\/p>\n<p>El Responsable haur\u00e0 d\u2019informar l\u2019interessat del dret a oposar-se al tractament de les seves dades de manera expl\u00edcita, clara i separada de qualsevol altra informaci\u00f3, en el moment de la primera comunicaci\u00f3.<\/p>\n<h2><strong>Dret d\u2019oposici\u00f3<\/strong><\/h2>\n<p>\u00c9s el dret a qu\u00e8 no es dugui a terme el tractament d\u2019aquests o es cessi en el mateix quan no sigui necessari el seu consentiment per al tractament, per la concurr\u00e8ncia d\u2019un motiu leg\u00edtim i fonamentat, referit a la seva situaci\u00f3 personal concreta, que ho justifiqui, i sempre que una Llei no disposi el contrari.<\/p>\n<h2><strong>Dret a no ser objecte d\u2019una elaboraci\u00f3 de perfils<\/strong><\/h2>\n<p>L\u2019interessat tindr\u00e0 dret a no ser objecte d\u2019una elaboraci\u00f3 de perfils la finalitat de la qual sigui adoptar decisions individuals basades en un tractament automatitzat de dades i destinades a avaluar, analitzar o predir els seg\u00fcents aspectes personals:<\/p>\n<ul>\n<li>Rendiment professional.<\/li>\n<li>Situaci\u00f3 econ\u00f2mica.<\/li>\n<li>Prefer\u00e8ncies o interessos personals.<\/li>\n<li>Ubicaci\u00f3 o moviments de la persona.<\/li>\n<\/ul>\n<p>Quan l\u2019elaboraci\u00f3 de perfils es basi \u00fanicament en un tractament automatitzat:<\/p>\n<p>L\u2019interessat tindr\u00e0 dret a ser informat si la decisi\u00f3 que pugui ser presa pot produir-li efectes jur\u00eddics que el afectin significativament. L\u2019interessat tindr\u00e0 dret a obtenir la intervenci\u00f3 humana per part del Responsable, a expressar el seu punt de vista i a impugnar la decisi\u00f3, si el tractament ha estat autoritzat mitjan\u00e7ant:<\/p>\n<ul>\n<li>Un contracte entre el Responsable i l\u2019interessat.<\/li>\n<li>El consentiment expl\u00edcit de l\u2019interessat.<\/li>\n<\/ul>\n<p>No s\u2019aplicar\u00e0 el dret a no ser objecte d\u2019una elaboraci\u00f3 de perfils quan la decisi\u00f3 que pugui ser presa com a conseq\u00fc\u00e8ncia de la mateixa estigui autoritzada mitjan\u00e7ant:<\/p>\n<ul>\n<li>El consentiment expl\u00edcit de l\u2019interessat.<\/li>\n<li>Un contracte entre el Responsable i l\u2019interessat.<\/li>\n<li>Un tractament fonamentat en la legislaci\u00f3 vigent.<\/li>\n<\/ul>\n<p>[\/vc_column_text][\/vc_column][\/vc_row]<\/p>\n<\/div>","protected":false},"excerpt":{"rendered":"<p>[vc_row bottom_padding=&#8220;60&#8243;][vc_column width=&#8220;1\/1&#8243;][vc_column_text el_class=&#8220;manrope fs16 lh34&#8243;] Av\u00eds Legal [\/vc_column_text][\/vc_column][\/vc_row][vc_row][vc_column width=&#8220;1\/1&#8243;][vc_column_text el_class=&#8220;manrope fs16 lh34&#8243;]Responsable del tractament de les dades: Club Clan 2000 S.L Finalitat del tractament:\u00a0Gesti\u00f3 comercial i administrativa dels serveis, reserves o de la informaci\u00f3 sol\u00b7licitada. Legitimaci\u00f3 del tractament:\u00a0Consentiment de l\u2019interessat per facilitar les dades. Relaci\u00f3 contractual Hotel-client. Destinataris:\u00a0Les dades que ens faciliti seran incorporades a la nostra base de dades i no seran cedides a tercers. Drets:\u00a0Accedir, rectificar i suprimir les seves dades, aix\u00ed com els altres drets previstos per la normativa vigent. Pot exercir els seus drets al seg\u00fcent enlla\u00e7:\u00a0Exerceix els teus Drets Si desitja m\u00e9s informaci\u00f3, consulti la nostra\u00a0Pol\u00edtica de Privacitat\u00a0 i la nostra\u00a0Pol\u00edtica de Cookies. Reclamacions davant l\u2019Autoritat de protecci\u00f3 de dades:\u00a0pot adre\u00e7ar les reclamacions derivades del tractament de les seves dades de car\u00e0cter personal a l\u2019Ag\u00e8ncia Espanyola de Protecci\u00f3 de Dades (www.agpd.es). Dret de Supressi\u00f3 de les dades L\u2019interessat tindr\u00e0 dret a qu\u00e8 el Responsable suprimeixi les seves dades, quan: El tractament sigui il\u00b7l\u00edcit. L\u2019interessat hagi retirat el seu consentiment. Ja no siguin necess\u00e0ries en relaci\u00f3 amb els fins per als quals van ser recollides o tractades. L\u2019interessat hagi exercit el dret d\u2019oposici\u00f3 i no prevalguin altres motius leg\u00edtims per al tractament. Les dades hagin [&hellip;]<\/p>\n","protected":false},"author":1,"featured_media":0,"parent":0,"menu_order":0,"comment_status":"closed","ping_status":"closed","template":"","meta":{"footnotes":""},"class_list":["post-20398","page","type-page","status-publish","hentry"],"_links":{"self":[{"href":"https:\/\/hostalesniu.com\/de\/wp-json\/wp\/v2\/pages\/20398","targetHints":{"allow":["GET"]}}],"collection":[{"href":"https:\/\/hostalesniu.com\/de\/wp-json\/wp\/v2\/pages"}],"about":[{"href":"https:\/\/hostalesniu.com\/de\/wp-json\/wp\/v2\/types\/page"}],"author":[{"embeddable":true,"href":"https:\/\/hostalesniu.com\/de\/wp-json\/wp\/v2\/users\/1"}],"replies":[{"embeddable":true,"href":"https:\/\/hostalesniu.com\/de\/wp-json\/wp\/v2\/comments?post=20398"}],"version-history":[{"count":3,"href":"https:\/\/hostalesniu.com\/de\/wp-json\/wp\/v2\/pages\/20398\/revisions"}],"predecessor-version":[{"id":21304,"href":"https:\/\/hostalesniu.com\/de\/wp-json\/wp\/v2\/pages\/20398\/revisions\/21304"}],"wp:attachment":[{"href":"https:\/\/hostalesniu.com\/de\/wp-json\/wp\/v2\/media?parent=20398"}],"curies":[{"name":"wp","href":"https:\/\/api.w.org\/{rel}","templated":true}]}}