{"id":22199,"date":"2025-06-05T09:49:06","date_gmt":"2025-06-05T09:49:06","guid":{"rendered":"https:\/\/hostalesniu.com\/?page_id=22199"},"modified":"2025-06-12T07:57:46","modified_gmt":"2025-06-12T07:57:46","slug":"wohnungen","status":"publish","type":"page","link":"https:\/\/hostalesniu.com\/de\/wohnungen\/","title":{"rendered":"Wohnungen"},"content":{"rendered":"<div class=\"wpb-content-wrapper\"><p>[vc_row type=&#8220;full_width_section&#8220; bg_color=&#8220;#a89783&#8243;][vc_column width=&#8220;1\/1&#8243;][vc_raw_html]JTNDZGl2JTIwaWQlM0QlMjJpbnNlcnRCYXIlMjIlM0UlM0MlMkZkaXYlM0U=[\/vc_raw_html][\/vc_column][\/vc_row][vc_row][vc_column width=&#8220;1\/1&#8243;]<div class=\"spacer\" style=\"height: 80px;\"><\/div>[\/vc_column][\/vc_row][vc_row][vc_column width=&#8220;2\/5&#8243;][vc_column_text]<\/p>\n<h1 class=\"font-special\"><span style=\"font-size: 36pt;\">Wohnungen<\/span><\/h1>\n<p>[\/vc_column_text][vc_column_text]<\/p>\n<h5>Mediterraner Charakter<\/h5>\n<p>[\/vc_column_text][\/vc_column][vc_column width=&#8220;3\/5&#8243;][vc_column_text]<span style=\"font-weight: 400;\">Das Hostal Es Niu verf\u00fcgt \u00fcber 6 Apartments (1 im selben Geb\u00e4ude und 5 nur 40 m von der Herberge entfernt). Alle wurden im mediterranen Stil renoviert, sind raffiniert eingerichtet und bieten jeglichen Komfort, damit Sie sich wie zu Hause f\u00fchlen. Ideal, um die Umgebung mit der Gesellschaft Ihrer Wahl zu genie\u00dfen.<\/span>[\/vc_column_text][\/vc_column][\/vc_row][vc_row][vc_column width=&#8220;1\/1&#8243;]<div class=\"spacer\" style=\"height: 80px;\"><\/div>[\/vc_column][\/vc_row][vc_row][vc_column width=&#8220;1\/3&#8243;]<div class=\"single_image wpb_content_element align-left    \" data-animation=\"none\" data-delay=\"0\"><img loading=\"lazy\" decoding=\"async\" width=\"1024\" height=\"681\" src=\"https:\/\/hostalesniu.com\/wp-content\/uploads\/2025\/06\/EsNiu-F0625-WL-236.jpg\" class=\"attachment-full\" alt=\"\" title=\"EsNiu-F0625-WL-236\" srcset=\"https:\/\/hostalesniu.com\/wp-content\/uploads\/2025\/06\/EsNiu-F0625-WL-236.jpg 1024w, https:\/\/hostalesniu.com\/wp-content\/uploads\/2025\/06\/EsNiu-F0625-WL-236-300x200.jpg 300w, https:\/\/hostalesniu.com\/wp-content\/uploads\/2025\/06\/EsNiu-F0625-WL-236-768x511.jpg 768w, https:\/\/hostalesniu.com\/wp-content\/uploads\/2025\/06\/EsNiu-F0625-WL-236-600x400.jpg 600w\" sizes=\"auto, (max-width: 1024px) 100vw, 1024px\" \/><\/div>[vc_column_text]<\/p>\n<h3><span style=\"font-size: 24pt;\">Cala Gamar\u00fas<\/span><\/h3>\n<p>[\/vc_column_text][vc_column_text]<\/p>\n<div class=\"gdlr-core-pbf-element\">\n<div class=\"gdlr-core-title-item gdlr-core-item-pdb clearfix gdlr-core-left-align gdlr-core-title-item-caption-bottom gdlr-core-item-pdlr\">\n<div class=\"gdlr-core-title-item-title-wrap \">\n<p class=\"gdlr-core-title-item-title gdlr-core-skin-title \"><span style=\"font-weight: 400;\">Das Apartment liegt 40 Meter vom Hotel entfernt. Es verf\u00fcgt \u00fcber eine voll ausgestattete K\u00fcche, ein Wohnzimmer mit Schlafsofa, zwei Schlafzimmer und ein komplettes Bad. Es ist mit Waschmaschine, Geschirrsp\u00fcler, Klimaanlage (Ventilatoren in den Zimmern), Fernseher (Smart TV) und Wifi-Anschluss ausgestattet. Maximale Kapazit\u00e4t f\u00fcr 6 Personen.<\/span><\/p>\n<\/div>\n<\/div>\n<\/div>\n<p>[\/vc_column_text][\/vc_column][vc_column width=&#8220;1\/3&#8243;]<div class=\"single_image wpb_content_element align-left    \" data-animation=\"none\" data-delay=\"0\"><img loading=\"lazy\" decoding=\"async\" width=\"1024\" height=\"682\" src=\"https:\/\/hostalesniu.com\/wp-content\/uploads\/2025\/06\/ESNIU_Salon-2-Apartamentos.jpg\" class=\"attachment-full\" alt=\"\" title=\"ESNIU_Salon-2-Apartamentos\" srcset=\"https:\/\/hostalesniu.com\/wp-content\/uploads\/2025\/06\/ESNIU_Salon-2-Apartamentos.jpg 1024w, https:\/\/hostalesniu.com\/wp-content\/uploads\/2025\/06\/ESNIU_Salon-2-Apartamentos-300x200.jpg 300w, https:\/\/hostalesniu.com\/wp-content\/uploads\/2025\/06\/ESNIU_Salon-2-Apartamentos-768x512.jpg 768w, https:\/\/hostalesniu.com\/wp-content\/uploads\/2025\/06\/ESNIU_Salon-2-Apartamentos-600x400.jpg 600w\" sizes=\"auto, (max-width: 1024px) 100vw, 1024px\" \/><\/div>[vc_column_text]<\/p>\n<h3><span style=\"font-size: 24pt;\">Cala d&#8217;en Roig<\/span><\/h3>\n<p>[\/vc_column_text][vc_column_text]<span style=\"font-weight: 400;\">Das Apartment liegt 40 Meter vom Hotel entfernt. Es verf\u00fcgt \u00fcber ein Wohnzimmer mit Schlafsofa f\u00fcr zwei Personen, ausgestattete K\u00fcche, zwei Schlafzimmer, komplettes Bad und Terrasse. Es ist mit Waschmaschine, Geschirrsp\u00fcler, Klimaanlage, Fernseher (Smart TV) und Wifi-Anschluss ausgestattet. Maximale Kapazit\u00e4t f\u00fcr 6 Personen.<\/span>[\/vc_column_text][\/vc_column][vc_column width=&#8220;1\/3&#8243;]<div class=\"single_image wpb_content_element align-left    \" data-animation=\"none\" data-delay=\"0\"><img loading=\"lazy\" decoding=\"async\" width=\"1024\" height=\"682\" src=\"https:\/\/hostalesniu.com\/wp-content\/uploads\/2025\/06\/ESNIU_Apt-Pedrosa.jpg\" class=\"attachment-full\" alt=\"\" title=\"ESNIU_Apt-Pedrosa\" srcset=\"https:\/\/hostalesniu.com\/wp-content\/uploads\/2025\/06\/ESNIU_Apt-Pedrosa.jpg 1024w, https:\/\/hostalesniu.com\/wp-content\/uploads\/2025\/06\/ESNIU_Apt-Pedrosa-300x200.jpg 300w, https:\/\/hostalesniu.com\/wp-content\/uploads\/2025\/06\/ESNIU_Apt-Pedrosa-768x512.jpg 768w, https:\/\/hostalesniu.com\/wp-content\/uploads\/2025\/06\/ESNIU_Apt-Pedrosa-600x400.jpg 600w\" sizes=\"auto, (max-width: 1024px) 100vw, 1024px\" \/><\/div>[vc_column_text]<\/p>\n<h3><span style=\"font-size: 24pt;\">Cala Pedrosa<\/span><\/h3>\n<p>[\/vc_column_text][vc_column_text]<span style=\"font-weight: 400;\">Das Apartment liegt 40 Meter vom Hotel entfernt. Es verf\u00fcgt \u00fcber ein Wohnzimmer mit Schlafsofa, eine ausgestattete K\u00fcche, zwei Schlafzimmer, ein komplettes Bad und eine Terrasse. Es ist mit Waschmaschine, Geschirrsp\u00fcler, Klimaanlage, Fernseher (Smart TV) und Wifi-Anschluss ausgestattet. Maximale Kapazit\u00e4t f\u00fcr 6 Personen.<\/span>[\/vc_column_text][\/vc_column][\/vc_row][vc_row][vc_column width=&#8220;1\/1&#8243;]<div class=\"spacer\" style=\"height: 80px;\"><\/div>[\/vc_column][\/vc_row][vc_row][vc_column width=&#8220;1\/3&#8243;]<div class=\"single_image wpb_content_element align-left    \" data-animation=\"none\" data-delay=\"0\"><img loading=\"lazy\" decoding=\"async\" width=\"1024\" height=\"682\" src=\"https:\/\/hostalesniu.com\/wp-content\/uploads\/2025\/06\/EsNiu-F0625-WL-110.jpg\" class=\"attachment-full\" alt=\"\" title=\"EsNiu-F0625-WL-110\" srcset=\"https:\/\/hostalesniu.com\/wp-content\/uploads\/2025\/06\/EsNiu-F0625-WL-110.jpg 1024w, https:\/\/hostalesniu.com\/wp-content\/uploads\/2025\/06\/EsNiu-F0625-WL-110-300x200.jpg 300w, https:\/\/hostalesniu.com\/wp-content\/uploads\/2025\/06\/EsNiu-F0625-WL-110-768x512.jpg 768w, https:\/\/hostalesniu.com\/wp-content\/uploads\/2025\/06\/EsNiu-F0625-WL-110-600x400.jpg 600w\" sizes=\"auto, (max-width: 1024px) 100vw, 1024px\" \/><\/div>[vc_column_text]<\/p>\n<h3><span style=\"font-size: 24pt;\">Es Niu<\/span><\/h3>\n<p>[\/vc_column_text][vc_column_text]<\/p>\n<div class=\"gdlr-core-pbf-element\">\n<div class=\"gdlr-core-title-item gdlr-core-item-pdb clearfix gdlr-core-left-align gdlr-core-title-item-caption-bottom gdlr-core-item-pdlr\">\n<div class=\"gdlr-core-title-item-title-wrap \">\n<p class=\"gdlr-core-title-item-title gdlr-core-skin-title \"><span style=\"font-weight: 400;\">Befindet sich im Hotelgeb\u00e4ude. Es hat eine voll ausgestattete K\u00fcche, zwei unabh\u00e4ngige Schlafzimmer mit eigenem Bad, Wohnzimmer mit Schlafsofa und eine gro\u00dfe Terrasse. Es ist mit Geschirrsp\u00fcler, Klimaanlage, Smart TV und Wi-Fi-Anschluss ausgestattet. Maximale Kapazit\u00e4t f\u00fcr 6 Personen.<\/span><\/p>\n<\/div>\n<\/div>\n<\/div>\n<p>[\/vc_column_text][\/vc_column][vc_column width=&#8220;1\/3&#8243;]<div class=\"single_image wpb_content_element align-left    \" data-animation=\"none\" data-delay=\"0\"><img loading=\"lazy\" decoding=\"async\" width=\"1024\" height=\"681\" src=\"https:\/\/hostalesniu.com\/wp-content\/uploads\/2025\/06\/EsNiu-F0625-WL-263.jpg\" class=\"attachment-full\" alt=\"\" title=\"EsNiu-F0625-WL-263\" srcset=\"https:\/\/hostalesniu.com\/wp-content\/uploads\/2025\/06\/EsNiu-F0625-WL-263.jpg 1024w, https:\/\/hostalesniu.com\/wp-content\/uploads\/2025\/06\/EsNiu-F0625-WL-263-300x200.jpg 300w, https:\/\/hostalesniu.com\/wp-content\/uploads\/2025\/06\/EsNiu-F0625-WL-263-768x511.jpg 768w, https:\/\/hostalesniu.com\/wp-content\/uploads\/2025\/06\/EsNiu-F0625-WL-263-600x400.jpg 600w\" sizes=\"auto, (max-width: 1024px) 100vw, 1024px\" \/><\/div>[vc_column_text]<\/p>\n<h3><span style=\"font-size: 24pt;\">Sa Trona<\/span><\/h3>\n<p>[\/vc_column_text][vc_column_text]<span style=\"font-weight: 400;\">Die Wohnung liegt 40 Meter vom Hotel entfernt. Sie verf\u00fcgt \u00fcber ein Wohnzimmer, eine ausgestattete K\u00fcche, zwei Doppelschlafzimmer und ein kleines Einzelzimmer, ein Bad und eine Terrasse. Sie ist mit Waschmaschine, Geschirrsp\u00fcler, Klimaanlage, Fernseher und Wifi-Anschluss ausgestattet. Maximale Kapazit\u00e4t f\u00fcr 4+1 Personen.<\/span>[\/vc_column_text][\/vc_column][vc_column width=&#8220;1\/3&#8243;]<div class=\"single_image wpb_content_element align-left    \" data-animation=\"none\" data-delay=\"0\"><img loading=\"lazy\" decoding=\"async\" width=\"1024\" height=\"681\" src=\"https:\/\/hostalesniu.com\/wp-content\/uploads\/2025\/06\/EsNiu-F0625-WL-336.jpg\" class=\"attachment-full\" alt=\"\" title=\"EsNiu-F0625-WL-336\" srcset=\"https:\/\/hostalesniu.com\/wp-content\/uploads\/2025\/06\/EsNiu-F0625-WL-336.jpg 1024w, https:\/\/hostalesniu.com\/wp-content\/uploads\/2025\/06\/EsNiu-F0625-WL-336-300x200.jpg 300w, https:\/\/hostalesniu.com\/wp-content\/uploads\/2025\/06\/EsNiu-F0625-WL-336-768x511.jpg 768w, https:\/\/hostalesniu.com\/wp-content\/uploads\/2025\/06\/EsNiu-F0625-WL-336-600x400.jpg 600w\" sizes=\"auto, (max-width: 1024px) 100vw, 1024px\" \/><\/div>[vc_column_text]<\/p>\n<h3><span style=\"font-size: 24pt;\">Sa Dona<\/span><\/h3>\n<p>[\/vc_column_text][vc_column_text]<span style=\"font-weight: 400;\">Die Wohnung liegt 40 Meter vom Hotel entfernt. Sie verf\u00fcgt \u00fcber ein Wohnzimmer mit Schlafsofa, eine ausgestattete K\u00fcche, zwei Doppelzimmer und ein kleines Einzelzimmer, ein komplettes Bad und eine gro\u00dfe Terrasse. Sie ist mit Waschmaschine, Geschirrsp\u00fcler, Klimaanlage, Smart TV und Wifi-Anschluss ausgestattet. Maximale Kapazit\u00e4t f\u00fcr 5+1 Personen.<\/span>[\/vc_column_text][\/vc_column][\/vc_row][vc_row][vc_column width=&#8220;1\/1&#8243;]<div class=\"spacer\" style=\"height: 80px;\"><\/div>[\/vc_column][\/vc_row][vc_row][vc_column width=&#8220;1\/1&#8243;]<div class=\"minti_carousel  grab-false dots\" data-columns=\"3\" data-tabletcolumns=\"3\" data-nav=\"true\" data-pagination=\"true\" data-autoplay=\"false\" data-animationtime=\"4000\"><div class=\"single_image wpb_content_element align-left    \" data-animation=\"none\" data-delay=\"0\"><img loading=\"lazy\" decoding=\"async\" width=\"682\" height=\"1024\" src=\"https:\/\/hostalesniu.com\/wp-content\/uploads\/2025\/06\/EsNiu-F0625-WL-101.jpg\" class=\"attachment-full\" alt=\"\" title=\"EsNiu-F0625-WL-101\" srcset=\"https:\/\/hostalesniu.com\/wp-content\/uploads\/2025\/06\/EsNiu-F0625-WL-101.jpg 682w, https:\/\/hostalesniu.com\/wp-content\/uploads\/2025\/06\/EsNiu-F0625-WL-101-200x300.jpg 200w\" sizes=\"auto, (max-width: 682px) 100vw, 682px\" \/><\/div><div class=\"single_image wpb_content_element align-left    \" data-animation=\"none\" data-delay=\"0\"><img loading=\"lazy\" decoding=\"async\" width=\"682\" height=\"1024\" src=\"https:\/\/hostalesniu.com\/wp-content\/uploads\/2025\/06\/EsNiu-F0625-WL-109.jpg\" class=\"attachment-full\" alt=\"\" title=\"EsNiu-F0625-WL-109\" srcset=\"https:\/\/hostalesniu.com\/wp-content\/uploads\/2025\/06\/EsNiu-F0625-WL-109.jpg 682w, https:\/\/hostalesniu.com\/wp-content\/uploads\/2025\/06\/EsNiu-F0625-WL-109-200x300.jpg 200w\" sizes=\"auto, (max-width: 682px) 100vw, 682px\" \/><\/div><div class=\"single_image wpb_content_element align-left    \" data-animation=\"none\" data-delay=\"0\"><img loading=\"lazy\" decoding=\"async\" width=\"681\" height=\"1024\" src=\"https:\/\/hostalesniu.com\/wp-content\/uploads\/2025\/06\/EsNiu-F0625-WL-249.jpg\" class=\"attachment-full\" alt=\"\" title=\"EsNiu-F0625-WL-249\" srcset=\"https:\/\/hostalesniu.com\/wp-content\/uploads\/2025\/06\/EsNiu-F0625-WL-249.jpg 681w, https:\/\/hostalesniu.com\/wp-content\/uploads\/2025\/06\/EsNiu-F0625-WL-249-200x300.jpg 200w\" sizes=\"auto, (max-width: 681px) 100vw, 681px\" \/><\/div><div class=\"single_image wpb_content_element align-left    \" data-animation=\"none\" data-delay=\"0\"><img loading=\"lazy\" decoding=\"async\" width=\"682\" height=\"1024\" src=\"https:\/\/hostalesniu.com\/wp-content\/uploads\/2025\/06\/EsNiu-F0625-WL-99.jpg\" class=\"attachment-full\" alt=\"\" title=\"EsNiu-F0625-WL-99\" srcset=\"https:\/\/hostalesniu.com\/wp-content\/uploads\/2025\/06\/EsNiu-F0625-WL-99.jpg 682w, https:\/\/hostalesniu.com\/wp-content\/uploads\/2025\/06\/EsNiu-F0625-WL-99-200x300.jpg 200w\" sizes=\"auto, (max-width: 682px) 100vw, 682px\" \/><\/div><div class=\"single_image wpb_content_element align-left    \" data-animation=\"none\" data-delay=\"0\"><img loading=\"lazy\" decoding=\"async\" width=\"681\" height=\"1024\" src=\"https:\/\/hostalesniu.com\/wp-content\/uploads\/2025\/06\/EsNiu-F0625-WL-275.jpg\" class=\"attachment-full\" alt=\"\" title=\"EsNiu-F0625-WL-275\" srcset=\"https:\/\/hostalesniu.com\/wp-content\/uploads\/2025\/06\/EsNiu-F0625-WL-275.jpg 681w, https:\/\/hostalesniu.com\/wp-content\/uploads\/2025\/06\/EsNiu-F0625-WL-275-200x300.jpg 200w\" sizes=\"auto, (max-width: 681px) 100vw, 681px\" \/><\/div><div class=\"single_image wpb_content_element align-left    \" data-animation=\"none\" data-delay=\"0\"><img loading=\"lazy\" decoding=\"async\" width=\"681\" height=\"1024\" src=\"https:\/\/hostalesniu.com\/wp-content\/uploads\/2025\/06\/EsNiu-F0625-WL-245.jpg\" class=\"attachment-full\" alt=\"\" title=\"EsNiu-F0625-WL-245\" srcset=\"https:\/\/hostalesniu.com\/wp-content\/uploads\/2025\/06\/EsNiu-F0625-WL-245.jpg 681w, https:\/\/hostalesniu.com\/wp-content\/uploads\/2025\/06\/EsNiu-F0625-WL-245-200x300.jpg 200w\" sizes=\"auto, (max-width: 681px) 100vw, 681px\" \/><\/div><div class=\"single_image wpb_content_element align-left    \" data-animation=\"none\" data-delay=\"0\"><img loading=\"lazy\" decoding=\"async\" width=\"681\" height=\"1024\" src=\"https:\/\/hostalesniu.com\/wp-content\/uploads\/2025\/06\/EsNiu-F0625-WL-273.jpg\" class=\"attachment-full\" alt=\"\" title=\"EsNiu-F0625-WL-273\" srcset=\"https:\/\/hostalesniu.com\/wp-content\/uploads\/2025\/06\/EsNiu-F0625-WL-273.jpg 681w, https:\/\/hostalesniu.com\/wp-content\/uploads\/2025\/06\/EsNiu-F0625-WL-273-200x300.jpg 200w\" sizes=\"auto, (max-width: 681px) 100vw, 681px\" \/><\/div><div class=\"single_image wpb_content_element align-left    \" data-animation=\"none\" data-delay=\"0\"><img loading=\"lazy\" decoding=\"async\" width=\"681\" height=\"1024\" src=\"https:\/\/hostalesniu.com\/wp-content\/uploads\/2025\/06\/EsNiu-F0625-WL-247.jpg\" class=\"attachment-full\" alt=\"\" title=\"EsNiu-F0625-WL-247\" srcset=\"https:\/\/hostalesniu.com\/wp-content\/uploads\/2025\/06\/EsNiu-F0625-WL-247.jpg 681w, https:\/\/hostalesniu.com\/wp-content\/uploads\/2025\/06\/EsNiu-F0625-WL-247-200x300.jpg 200w\" sizes=\"auto, (max-width: 681px) 100vw, 681px\" \/><\/div><div class=\"single_image wpb_content_element align-left    \" data-animation=\"none\" data-delay=\"0\"><img loading=\"lazy\" decoding=\"async\" width=\"681\" height=\"1024\" src=\"https:\/\/hostalesniu.com\/wp-content\/uploads\/2025\/06\/EsNiu-F0625-WL-276.jpg\" class=\"attachment-full\" alt=\"\" title=\"EsNiu-F0625-WL-276\" srcset=\"https:\/\/hostalesniu.com\/wp-content\/uploads\/2025\/06\/EsNiu-F0625-WL-276.jpg 681w, https:\/\/hostalesniu.com\/wp-content\/uploads\/2025\/06\/EsNiu-F0625-WL-276-200x300.jpg 200w\" sizes=\"auto, (max-width: 681px) 100vw, 681px\" \/><\/div><\/div>[\/vc_column][\/vc_row][vc_row][vc_column width=&#8220;1\/1&#8243;]<div class=\"spacer\" style=\"height: 80px;\"><\/div>[\/vc_column][\/vc_row][vc_row type=&#8220;full_width_section&#8220;][vc_column width=&#8220;1\/1&#8243;][vc_raw_html]JTNDaWZyYW1lJTIwc3JjJTNEJTIyaHR0cHMlM0ElMkYlMkZ3d3cuZ29vZ2xlLmNvbSUyRm1hcHMlMkZlbWJlZCUzRnBiJTNEJTIxMW0xOCUyMTFtMTIlMjExbTMlMjExZDI5NjguNzQ1NTg3NTYyMzY3NyUyMTJkMy4yMDUwODYyMTU3Mzg1NzElMjEzZDQxLjkxOTgyNzU3MDc4MDI2NCUyMTJtMyUyMTFmMCUyMTJmMCUyMTNmMCUyMTNtMiUyMTFpMTAyNCUyMTJpNzY4JTIxNGYxMy4xJTIxM20zJTIxMW0yJTIxMXMweDEyYmE1MzUwMWNlNzIxNjUlMjUzQTB4ZWRhZmUwODgzM2I5M2YyOCUyMTJzSG9zdGFsJTI1MjBFcyUyNTIwTml1JTIxNWUwJTIxM20yJTIxMXNlcyUyMTJzZXMlMjE0djE2NDY1ODYyNzMxODAlMjE1bTIlMjExc2VzJTIxMnNlcyUyMiUyMGZyYW1lYm9yZGVyJTNEJTIyMCUyMiUyMHN0eWxlJTNEJTIyYm9yZGVyJTNBMCUzQndpZHRoJTNBMTAwJTI1JTNCaGVpZ2h0JTNBNDAwcHglM0IlMjJhbGxvd2Z1bGxzY3JlZW4lM0QlMjIlMjIlMjBhcmlhLWhpZGRlbiUzRCUyMmZhbHNlJTIyJTIwdGFiaW5kZXglM0QlMjIwJTIyJTNFJTNDJTJGaWZyYW1lJTNFJTBB[\/vc_raw_html][\/vc_column][\/vc_row][vc_row][vc_column width=&#8220;1\/1&#8243;]<div class=\"spacer\" style=\"height: 80px;\"><\/div>[\/vc_column][\/vc_row][vc_row][vc_column width=&#8220;2\/5&#8243;][vc_column_text]<\/p>\n<h1 class=\"font-special\"><span style=\"font-size: 36pt;\">Kontakt<\/span><\/h1>\n<p>[\/vc_column_text][vc_column_text]<\/p>\n<h5>M\u00f6chten Sie weitere informationen?<\/h5>\n<p>[\/vc_column_text][\/vc_column][vc_column width=&#8220;3\/5&#8243;][vc_column_text]Wir sind bestrebt, Ihnen einen qualitativ hochwertigen Service zu bieten. Sie k\u00f6nnen uns daher jederzeit kontaktieren. Egal, ob Sie Ihren n\u00e4chsten Urlaub planen oder Informationen \u00fcber unsere Einrichtungen ben\u00f6tigen.[\/vc_column_text]<a href=\"https:\/\/hostalesniu.com\/de\/kontakt\/\" target=\"_self\" class=\"button color-3 large \" style=\"border-radius: 15px;\">Kontakt<\/a>[\/vc_column][\/vc_row][vc_row][vc_column width=&#8220;1\/1&#8243;]<div class=\"spacer\" style=\"height: 80px;\"><\/div>[\/vc_column][\/vc_row]<\/p>\n<\/div>","protected":false},"excerpt":{"rendered":"<p>[vc_row type=&#8220;full_width_section&#8220; bg_color=&#8220;#a89783&#8243;][vc_column width=&#8220;1\/1&#8243;][vc_raw_html]JTNDZGl2JTIwaWQlM0QlMjJpbnNlcnRCYXIlMjIlM0UlM0MlMkZkaXYlM0U=[\/vc_raw_html][\/vc_column][\/vc_row][vc_row][vc_column width=&#8220;1\/1&#8243;][\/vc_column][\/vc_row][vc_row][vc_column width=&#8220;2\/5&#8243;][vc_column_text] Wohnungen [\/vc_column_text][vc_column_text] Mediterraner Charakter [\/vc_column_text][\/vc_column][vc_column width=&#8220;3\/5&#8243;][vc_column_text]Das Hostal Es Niu verf\u00fcgt \u00fcber 6 Apartments (1 im selben Geb\u00e4ude und 5 nur 40 m von der Herberge entfernt). Alle wurden im mediterranen Stil renoviert, sind raffiniert eingerichtet und bieten jeglichen Komfort, damit Sie sich wie zu Hause f\u00fchlen. Ideal, um die Umgebung mit der Gesellschaft Ihrer Wahl zu genie\u00dfen.[\/vc_column_text][\/vc_column][\/vc_row][vc_row][vc_column width=&#8220;1\/1&#8243;][\/vc_column][\/vc_row][vc_row][vc_column width=&#8220;1\/3&#8243;][vc_column_text] Cala Gamar\u00fas [\/vc_column_text][vc_column_text] Das Apartment liegt 40 Meter vom Hotel entfernt. Es verf\u00fcgt \u00fcber eine voll ausgestattete K\u00fcche, ein Wohnzimmer mit Schlafsofa, zwei Schlafzimmer und ein komplettes Bad. Es ist mit Waschmaschine, Geschirrsp\u00fcler, Klimaanlage (Ventilatoren in den Zimmern), Fernseher (Smart TV) und Wifi-Anschluss ausgestattet. Maximale Kapazit\u00e4t f\u00fcr 6 Personen. [\/vc_column_text][\/vc_column][vc_column width=&#8220;1\/3&#8243;][vc_column_text] Cala d&#8217;en Roig [\/vc_column_text][vc_column_text]Das Apartment liegt 40 Meter vom Hotel entfernt. Es verf\u00fcgt \u00fcber ein Wohnzimmer mit Schlafsofa f\u00fcr zwei Personen, ausgestattete K\u00fcche, zwei Schlafzimmer, komplettes Bad und Terrasse. Es ist mit Waschmaschine, Geschirrsp\u00fcler, Klimaanlage, Fernseher (Smart TV) und Wifi-Anschluss ausgestattet. Maximale Kapazit\u00e4t f\u00fcr 6 Personen.[\/vc_column_text][\/vc_column][vc_column width=&#8220;1\/3&#8243;][vc_column_text] Cala Pedrosa [\/vc_column_text][vc_column_text]Das Apartment liegt 40 Meter vom Hotel entfernt. Es verf\u00fcgt \u00fcber ein Wohnzimmer mit Schlafsofa, eine ausgestattete K\u00fcche, zwei Schlafzimmer, ein komplettes Bad und eine Terrasse. Es ist mit Waschmaschine, Geschirrsp\u00fcler, Klimaanlage, Fernseher (Smart TV) [&hellip;]<\/p>\n","protected":false},"author":3,"featured_media":0,"parent":0,"menu_order":0,"comment_status":"closed","ping_status":"closed","template":"","meta":{"footnotes":""},"class_list":["post-22199","page","type-page","status-publish","hentry"],"_links":{"self":[{"href":"https:\/\/hostalesniu.com\/de\/wp-json\/wp\/v2\/pages\/22199","targetHints":{"allow":["GET"]}}],"collection":[{"href":"https:\/\/hostalesniu.com\/de\/wp-json\/wp\/v2\/pages"}],"about":[{"href":"https:\/\/hostalesniu.com\/de\/wp-json\/wp\/v2\/types\/page"}],"author":[{"embeddable":true,"href":"https:\/\/hostalesniu.com\/de\/wp-json\/wp\/v2\/users\/3"}],"replies":[{"embeddable":true,"href":"https:\/\/hostalesniu.com\/de\/wp-json\/wp\/v2\/comments?post=22199"}],"version-history":[{"count":1,"href":"https:\/\/hostalesniu.com\/de\/wp-json\/wp\/v2\/pages\/22199\/revisions"}],"predecessor-version":[{"id":22200,"href":"https:\/\/hostalesniu.com\/de\/wp-json\/wp\/v2\/pages\/22199\/revisions\/22200"}],"wp:attachment":[{"href":"https:\/\/hostalesniu.com\/de\/wp-json\/wp\/v2\/media?parent=22199"}],"curies":[{"name":"wp","href":"https:\/\/api.w.org\/{rel}","templated":true}]}}