{"id":20366,"date":"2022-02-03T15:22:39","date_gmt":"2022-02-03T15:22:39","guid":{"rendered":"https:\/\/hostalesniu.com\/politica-de-cookies\/"},"modified":"2025-02-04T12:55:28","modified_gmt":"2025-02-04T12:55:28","slug":"politica-de-cookies","status":"publish","type":"page","link":"https:\/\/hostalesniu.com\/en\/politica-de-cookies\/","title":{"rendered":"Pol\u00edtica de Cookies"},"content":{"rendered":"<div class=\"wpb-content-wrapper\"><p>[vc_row bottom_padding=&#8221;60&#8243;][vc_column width=&#8221;1\/1&#8243;][vc_column_text]<\/p>\n<h1>Pol\u00edtica de Cookies<\/h1>\n<p>[\/vc_column_text][\/vc_column][\/vc_row][vc_row][vc_column width=&#8221;1\/1&#8243;][vc_column_text]Nuestro sitio web <a href=\"https:\/\/hostalesniu.com\/en\/\">https:\/\/hostalesniu.com\/<\/a> utiliza una tecnolog\u00eda denominada \u201ccookies\u201d con el fin de poder recabar informaci\u00f3n sobre el uso del Sitio Web. Te informamos que podemos utilizar cookies con el fin de facilitar su navegaci\u00f3n a trav\u00e9s del Sitio Web, distinguirte de otros usuarios, proporcionarte una mejor experiencia en el uso del mismo, e identificar problemas para mejorar nuestro Sitio web. Asimismo, en caso de que prestes tu consentimiento, utilizaremos cookies que nos permitan obtener m\u00e1s informaci\u00f3n acerca de tus preferencias y personalizar nuestro Sitio web de conformidad con tus intereses individuales.<\/p>\n<p>La presente pol\u00edtica de cookies tiene por finalidad informarle de manera clara y precisa sobre las cookies que se utilizan en nuestro Sitio web. En caso de que quieras recabar m\u00e1s informaci\u00f3n sobre las cookies que utilizamos en el Sitio web, puedes enviar un correo electr\u00f3nico a la siguiente direcci\u00f3n: <a href=\"mailto:info@hostalesniu.com\">info@hostalesniu.com<\/a><\/p>\n<p><strong>1. Cookies<\/strong><\/p>\n<p>Una cookie es un archivo que se descarga en tu equipo (ordenador o dispositivo m\u00f3vil) con el fin de almacenar datos que podr\u00e1n ser actualizados y recuperados por la entidad responsable de su instalaci\u00f3n.<\/p>\n<p>La informaci\u00f3n recabada a trav\u00e9s de las cookies puede incluir la fecha y hora de visitas al sitio web, las p\u00e1ginas visionadas, el tiempo que has estado en nuestro sitio web y los sitios visitados justo antes y despu\u00e9s del mismo.<\/p>\n<p><strong>2. Tipo de cookies que se usan en el Sitio Web.<\/strong><\/p>\n<p>Nuestro Sitio web utiliza las cookies que se describen a continuaci\u00f3n:<\/p>\n<ul>\n<li>Cookies de sesi\u00f3n:<\/li>\n<\/ul>\n<p>Son aquellas cookies que son enviadas a tu ordenador y gestionadas exclusivamente por nosotros para el mejor funcionamiento del Sitio Web. La informaci\u00f3n que recabamos emplea para mejorar la calidad de nuestro servicio y tu experiencia como usuario.<\/p>\n<ul>\n<li>Cookies persistentes:<\/li>\n<\/ul>\n<p>Estas cookies permanecen en tu navegador m\u00e1s tiempo, permiti\u00e9ndonos reconocerte como visitante recurrente del Sitio web y adaptar el contenido para ofrecerle contenidos que se ajusten a tus preferencias.<\/p>\n<p>Personalizaci\u00f3n de tienda online (utiliza una \u00fanica cookie encriptada para almacenar toda la informaci\u00f3n de la sesi\u00f3n)<\/p>\n<p>En concreto, utilizamos las siguientes cookies:<\/p>\n<p><strong>2.1. Cookies propias:<\/strong><\/p>\n<p>Tipo de Cookies<\/p>\n<p>_ga (2 a\u00f1os) Se usa para distinguir a los usuarios.<br \/>\n_gat (10 minutos) Se usa para limitar el porcentaje de solicitudes.<br \/>\n_gid (sesi\u00f3n) Contienen un identificador an\u00f3nimo usado para distinguir usuarios<\/p>\n<p><strong>2.2. Cookies anal\u00edticas de terceros:<\/strong><\/p>\n<p>Las cookies de terceros son aquellas establecidas por un dominio diferente de nuestro Sitio Web. No podemos acceder a los datos almacenados en las cookies de otros sitios web cuando navegues en estos sitios web.<\/p>\n<p><strong>2.2.1 GOOGLE IRELAND, INC<\/strong><\/p>\n<p>CONSIENTE (permanente): Cookie que gestiona la aceptaci\u00f3n de las cookies de Google<br \/>\nHSID (2 A\u00f1os) y SID (2 A\u00f1os): contienen registros encriptados y firmados de forma digital de la hora de inicio de sesi\u00f3n m\u00e1s reciente y del ID de cuenta de Google de un usuario. La combinaci\u00f3n de estas dos cookies permite bloquear muchos tipos de ataques como, por ejemplo, intentos de robo del contenido de los formularios que rellenas en p\u00e1ginas web.<br \/>\nSAPISID (2 A\u00f1os): Cookie utilizada para gestionar preferencias de usuario.<br \/>\nSSID (2 A\u00f1os): Cookie utilizada para gestionar preferencias de usuario.<br \/>\nNID (6 meses): Para personalizar los anuncios que se muestran en sus propiedades (p. Ej., En el buscador de Google). Por ejemplo, utilizamos estas cookies para recordar tus b\u00fasquedas m\u00e1s recientes, tus interacciones anteriores con los resultados de b\u00fasqueda o con la publicidad de un anunciante y tus visitas al sitio web de un anunciante. De este modo, se pueden mostrar anuncios personalizados en Google<br \/>\nDV (Sesi\u00f3n): Almacenan informaci\u00f3n, identificadores y preferencias relacionados con Google<br \/>\n1P_JAR (7 d\u00edas) Google usa esta cookie para personalizar anuncios que pudieran ser de su inter\u00e9s.<br \/>\nDSID (7 d\u00edas) se puede utilizar en otras propiedades de Google (p. Ej., En YouTube) para mostrarte anuncios m\u00e1s relevantes.<br \/>\nIDE (1 a\u00f1o) Es una cookie de publicidad y almacena en navegadores en el dominio doubleclick.net.<br \/>\nOGPC (1 mes) Esta cookie es utilizada por Google para proveer servicios y extraer informaci\u00f3n an\u00f3nima sobre la navegaci\u00f3n.<\/p>\n<p>Adem\u00e1s si interact\u00faas con el contenido de nuestro Sitio Web tambi\u00e9n pueden establecerse cookies de terceros (por ejemplo, al pulsar botones de redes sociales o visionar v\u00eddeos alojados en otro sitio web).<\/p>\n<p>Incluimos a continuaci\u00f3n los enlaces de los sitios web donde puedes consultar la descripci\u00f3n del tipo de cookies que utilizan las redes sociales en las que puedes acceder desde nuestro Sitio Web y su periodo de expiraci\u00f3n:<\/p>\n<p>Facebook, consultar el siguiente enlace: <a href=\"https:\/\/www.facebook.com\/policies\/cookies\">https:\/\/www.facebook.com\/policies\/cookies<\/a><\/p>\n<p>Twitter, consultar el siguiente enlace:<a href=\"https:\/\/twitter.com\/privacy?lang=es\"> https:\/\/twitter.com\/privacy?lang=es<\/a><\/p>\n<p>Instagram, consultar el siguiente enlace: <a href=\"https:\/\/www.instagram.co\/about\/legal\/privacy\/?hl=es\">https:\/\/www.instagram.co\/about\/legal\/privacy\/?hl=es<\/a><\/p>\n<p><strong>3. Consentimiento<\/strong><\/p>\n<p>Al navegar y continuar en nuestro Sitio web estar\u00e1s consintiendo el uso de las cookies antes enunciadas, por los plazos se\u00f1alados y en las condiciones contenidas en la presente Pol\u00edtica de Cookies.<\/p>\n<p>Deshabilitar y bloquear cookies o retirar mi consentimiento.<\/p>\n<p>En cualquier caso, te informamos que dado que las cookies no son imprescindibles para el uso de nuestro Sitio web, puedes bloquearlas o inhabilitar las activando la configuraci\u00f3n de su navegador que le permite rechazar la instalaci\u00f3n de todas las cookies o de algunas de ellas. La pr\u00e1ctica mayor\u00eda de los navegadores permiten advertir de la presencia de cookies o rechazarlas autom\u00e1ticamente. Si las rechazas podr\u00e1s seguir usando nuestro Sitio web, aunque el uso de algunos de sus servicios podr\u00e1 ser limitado y por tanto tu experiencia en nuestro Sitio web menos satisfactoria. Para mayor informaci\u00f3n sobre la eliminaci\u00f3n, deshabilitaci\u00f3n o bloqueo de las cookies, por favor visita: <a href=\"http:\/\/www.aboutcookies.org\/default.aspx?page=2\">http:\/\/www.aboutcookies.org\/default.aspx?page=2<\/a><\/p>\n<p>Igualmente puedes encontrar informaci\u00f3n sobre c\u00f3mo hacerlo en los siguientes enlaces dependiendo del navegador que utilices:<\/p>\n<p>Firefox desde<a href=\"http:\/\/support.mozilla.org\/es\/kb\/habilitar-y-deshabilitar-cookies-que-los-sitios-web\"> http:\/\/support.mozilla.org\/es\/kb\/habilitar-y-deshabilitar-cookies-que-los-sitios-web<\/a><\/p>\n<p>Chrome desde <a href=\"http:\/\/support.google.com\/chrome\/bin\/answer.py?hl=es&amp;answer=95647\">http:\/\/support.google.com\/chrome\/bin\/answer.py?hl=es&amp;answer=95647<\/a><\/p>\n<p>Explorer desde <a href=\"http:\/\/windows.microsoft.com\/es-es\/windows7\/how-to-manage-cookies-in-internet-explorer-9\">http:\/\/windows.microsoft.com\/es-es\/windows7\/how-to-manage-cookies-in-internet-explorer-9<\/a><\/p>\n<p>Safari desde <a href=\"http:\/\/support.apple.com\/kb\/ph5042\">http:\/\/support.apple.com\/kb\/ph5042<\/a><\/p>\n<p>Opera desde <a href=\"http:\/\/help.opera.com\/windows\/11.50\/es-es\/cookies.html\">http:\/\/help.opera.com\/windows\/11.50\/es-es\/cookies.html<\/a><\/p>\n<p>Si lo deseas puedes ver los v\u00eddeos desarrollados por la Agencia Espa\u00f1ola de Protecci\u00f3n de Datos con el fin de explicar c\u00f3mo configurar las opciones de privacidad desde diferentes plataformas y equipos.\u00a0<a href=\"https:\/\/www.aepd.es\/videos\/index.html\">https:\/\/www.aepd.es\/videos\/index.html<\/a><\/p>\n<p><strong>4. Cambios en la Pol\u00edtica de Cookies<\/strong><\/p>\n<p>Es posible que actualizamos la Pol\u00edtica de Cookies de nuestro Sitio Web, por lo que te recomendamos revisar esta pol\u00edtica cada vez que accedas a nuestro Sitio web con el objetivo de estar adecuadamente informado sobre c\u00f3mo y para qu\u00e9 usamos las cookies. La presente Pol\u00edtica de Cookies se actualiz\u00f3 por \u00faltima vez en enero de 2019.[\/vc_column_text][\/vc_column][\/vc_row]<\/p>\n<\/div>","protected":false},"excerpt":{"rendered":"<p>[vc_row bottom_padding=&#8221;60&#8243;][vc_column width=&#8221;1\/1&#8243;][vc_column_text] Pol\u00edtica de Cookies [\/vc_column_text][\/vc_column][\/vc_row][vc_row][vc_column width=&#8221;1\/1&#8243;][vc_column_text]Nuestro sitio web https:\/\/hostalesniu.com\/ utiliza una tecnolog\u00eda denominada \u201ccookies\u201d con el fin de poder recabar informaci\u00f3n sobre el uso del Sitio Web. Te informamos que podemos utilizar cookies con el fin de facilitar su navegaci\u00f3n a trav\u00e9s del Sitio Web, distinguirte de otros usuarios, proporcionarte una mejor experiencia en el uso del mismo, e identificar problemas para mejorar nuestro Sitio web. Asimismo, en caso de que prestes tu consentimiento, utilizaremos cookies que nos permitan obtener m\u00e1s informaci\u00f3n acerca de tus preferencias y personalizar nuestro Sitio web de conformidad con tus intereses individuales. La presente pol\u00edtica de cookies tiene por finalidad informarle de manera clara y precisa sobre las cookies que se utilizan en nuestro Sitio web. En caso de que quieras recabar m\u00e1s informaci\u00f3n sobre las cookies que utilizamos en el Sitio web, puedes enviar un correo electr\u00f3nico a la siguiente direcci\u00f3n: info@hostalesniu.com 1. Cookies Una cookie es un archivo que se descarga en tu equipo (ordenador o dispositivo m\u00f3vil) con el fin de almacenar datos que podr\u00e1n ser actualizados y recuperados por la entidad responsable de su instalaci\u00f3n. La informaci\u00f3n recabada a trav\u00e9s de las cookies puede incluir la fecha y hora [&hellip;]<\/p>\n","protected":false},"author":3,"featured_media":0,"parent":0,"menu_order":0,"comment_status":"closed","ping_status":"closed","template":"","meta":{"footnotes":""},"class_list":["post-20366","page","type-page","status-publish","hentry"],"_links":{"self":[{"href":"https:\/\/hostalesniu.com\/en\/wp-json\/wp\/v2\/pages\/20366","targetHints":{"allow":["GET"]}}],"collection":[{"href":"https:\/\/hostalesniu.com\/en\/wp-json\/wp\/v2\/pages"}],"about":[{"href":"https:\/\/hostalesniu.com\/en\/wp-json\/wp\/v2\/types\/page"}],"author":[{"embeddable":true,"href":"https:\/\/hostalesniu.com\/en\/wp-json\/wp\/v2\/users\/3"}],"replies":[{"embeddable":true,"href":"https:\/\/hostalesniu.com\/en\/wp-json\/wp\/v2\/comments?post=20366"}],"version-history":[{"count":3,"href":"https:\/\/hostalesniu.com\/en\/wp-json\/wp\/v2\/pages\/20366\/revisions"}],"predecessor-version":[{"id":21331,"href":"https:\/\/hostalesniu.com\/en\/wp-json\/wp\/v2\/pages\/20366\/revisions\/21331"}],"wp:attachment":[{"href":"https:\/\/hostalesniu.com\/en\/wp-json\/wp\/v2\/media?parent=20366"}],"curies":[{"name":"wp","href":"https:\/\/api.w.org\/{rel}","templated":true}]}}