{"id":20319,"date":"2021-02-06T23:00:43","date_gmt":"2021-02-06T23:00:43","guid":{"rendered":"https:\/\/hostalesniu.com\/?page_id=20319"},"modified":"2025-06-12T10:32:38","modified_gmt":"2025-06-12T10:32:38","slug":"experiencias","status":"publish","type":"page","link":"https:\/\/hostalesniu.com\/es\/experiencias\/","title":{"rendered":"Experiencias"},"content":{"rendered":"<div class=\"wpb-content-wrapper\"><p>[vc_row type=\u00bbfull_width_section\u00bb bg_color=\u00bb#a89783&#8243;][vc_column width=\u00bb1\/1&#8243;][vc_raw_html]JTNDZGl2JTIwaWQlM0QlMjJpbnNlcnRCYXIlMjIlM0UlM0MlMkZkaXYlM0U=[\/vc_raw_html][\/vc_column][\/vc_row][vc_row][vc_column width=\u00bb1\/1&#8243;]<div class=\"spacer\" style=\"height: 80px;\"><\/div>[\/vc_column][\/vc_row][vc_row][vc_column width=\u00bb2\/5&#8243;][vc_column_text]<\/p>\n<h1 class=\"font-special\"><span style=\"font-size: 36pt;\">Tamariu<\/span><\/h1>\n<p>[\/vc_column_text][vc_column_text]<\/p>\n<h5>Costa Brava<\/h5>\n<p>[\/vc_column_text][\/vc_column][vc_column width=\u00bb3\/5&#8243;][vc_column_text]Antiguo pueblo pescador del municipio de Palafrugell, de gran belleza y tranquilidad, con calles estrechas, casitas blancas y poca poblaci\u00f3n. La exuberante vegetaci\u00f3n; las playas de arena dorada y de agua cristalina; las rocas y los salvajes acantilados; conforman el paisaje natural de este peque\u00f1o rinc\u00f3n de la Costa Brava.<\/p>\n<p>Descubrir espacios naturales, ocio y deporte, combinan bien con vuestra estancia en Tamariu. Seguir la costa en kayak o en barca, hacer senderismo por los Caminos de Ronda, o simplemente tomar un ba\u00f1o en sus aguas cristalinas, son algunas de las actividades que nos ofrece este peque\u00f1o para\u00edso.[\/vc_column_text]<a href=\"http:\/\/www.visitpalafrugell.cat\" target=\"_blank\" class=\"button color-3 large \" style=\"border-radius: 15px;\">OFICINA DE TURISMO<\/a>[\/vc_column][\/vc_row][vc_row][vc_column width=\u00bb1\/1&#8243;]<div class=\"spacer\" style=\"height: 80px;\"><\/div>[\/vc_column][\/vc_row][vc_row][vc_column width=\u00bb1\/1&#8243;]<div class=\"minti_carousel  grab-false dots\" data-columns=\"3\" data-tabletcolumns=\"3\" data-nav=\"true\" data-pagination=\"true\" data-autoplay=\"false\" data-animationtime=\"4000\"><div class=\"single_image wpb_content_element align-left    \" data-animation=\"none\" data-delay=\"0\"><img loading=\"lazy\" decoding=\"async\" width=\"656\" height=\"986\" src=\"https:\/\/hostalesniu.com\/wp-content\/uploads\/2022\/02\/HostalEsNiu_Ext_07.jpg\" class=\"attachment-full\" alt=\"\" title=\"HostalEsNiu_Ext_07\" srcset=\"https:\/\/hostalesniu.com\/wp-content\/uploads\/2022\/02\/HostalEsNiu_Ext_07.jpg 656w, https:\/\/hostalesniu.com\/wp-content\/uploads\/2022\/02\/HostalEsNiu_Ext_07-200x300.jpg 200w\" sizes=\"auto, (max-width: 656px) 100vw, 656px\" \/><\/div><div class=\"single_image wpb_content_element align-left    \" data-animation=\"none\" data-delay=\"0\"><img loading=\"lazy\" decoding=\"async\" width=\"656\" height=\"986\" src=\"https:\/\/hostalesniu.com\/wp-content\/uploads\/2022\/02\/HostalEsNiu_Ext_06.jpg\" class=\"attachment-full\" alt=\"\" title=\"HostalEsNiu_Ext_06\" srcset=\"https:\/\/hostalesniu.com\/wp-content\/uploads\/2022\/02\/HostalEsNiu_Ext_06.jpg 656w, https:\/\/hostalesniu.com\/wp-content\/uploads\/2022\/02\/HostalEsNiu_Ext_06-200x300.jpg 200w\" sizes=\"auto, (max-width: 656px) 100vw, 656px\" \/><\/div><div class=\"single_image wpb_content_element align-left    \" data-animation=\"none\" data-delay=\"0\"><img loading=\"lazy\" decoding=\"async\" width=\"656\" height=\"986\" src=\"https:\/\/hostalesniu.com\/wp-content\/uploads\/2022\/02\/HostalEsNiu_Ext_08.jpg\" class=\"attachment-full\" alt=\"\" title=\"HostalEsNiu_Ext_08\" srcset=\"https:\/\/hostalesniu.com\/wp-content\/uploads\/2022\/02\/HostalEsNiu_Ext_08.jpg 656w, https:\/\/hostalesniu.com\/wp-content\/uploads\/2022\/02\/HostalEsNiu_Ext_08-200x300.jpg 200w\" sizes=\"auto, (max-width: 656px) 100vw, 656px\" \/><\/div><div class=\"single_image wpb_content_element align-left    \" data-animation=\"none\" data-delay=\"0\"><img loading=\"lazy\" decoding=\"async\" width=\"656\" height=\"986\" src=\"https:\/\/hostalesniu.com\/wp-content\/uploads\/2022\/02\/HostalEsNiu_Ext_09.jpg\" class=\"attachment-full\" alt=\"\" title=\"HostalEsNiu_Ext_09\" srcset=\"https:\/\/hostalesniu.com\/wp-content\/uploads\/2022\/02\/HostalEsNiu_Ext_09.jpg 656w, https:\/\/hostalesniu.com\/wp-content\/uploads\/2022\/02\/HostalEsNiu_Ext_09-200x300.jpg 200w\" sizes=\"auto, (max-width: 656px) 100vw, 656px\" \/><\/div><div class=\"single_image wpb_content_element align-left    \" data-animation=\"none\" data-delay=\"0\"><img loading=\"lazy\" decoding=\"async\" width=\"656\" height=\"986\" src=\"https:\/\/hostalesniu.com\/wp-content\/uploads\/2022\/02\/HostalEsNiu_Ext_10.jpg\" class=\"attachment-full\" alt=\"\" title=\"HostalEsNiu_Ext_10\" srcset=\"https:\/\/hostalesniu.com\/wp-content\/uploads\/2022\/02\/HostalEsNiu_Ext_10.jpg 656w, https:\/\/hostalesniu.com\/wp-content\/uploads\/2022\/02\/HostalEsNiu_Ext_10-200x300.jpg 200w\" sizes=\"auto, (max-width: 656px) 100vw, 656px\" \/><\/div><div class=\"single_image wpb_content_element align-left    \" data-animation=\"none\" data-delay=\"0\"><img loading=\"lazy\" decoding=\"async\" width=\"682\" height=\"1024\" src=\"https:\/\/hostalesniu.com\/wp-content\/uploads\/2025\/06\/EsNiu-F0625-WL-23.jpg\" class=\"attachment-full\" alt=\"\" title=\"EsNiu-F0625-WL-23\" srcset=\"https:\/\/hostalesniu.com\/wp-content\/uploads\/2025\/06\/EsNiu-F0625-WL-23.jpg 682w, https:\/\/hostalesniu.com\/wp-content\/uploads\/2025\/06\/EsNiu-F0625-WL-23-200x300.jpg 200w\" sizes=\"auto, (max-width: 682px) 100vw, 682px\" \/><\/div><div class=\"single_image wpb_content_element align-left    \" data-animation=\"none\" data-delay=\"0\"><img loading=\"lazy\" decoding=\"async\" width=\"682\" height=\"1024\" src=\"https:\/\/hostalesniu.com\/wp-content\/uploads\/2025\/06\/EsNiu-F0625-WL-24.jpg\" class=\"attachment-full\" alt=\"\" title=\"EsNiu-F0625-WL-24\" srcset=\"https:\/\/hostalesniu.com\/wp-content\/uploads\/2025\/06\/EsNiu-F0625-WL-24.jpg 682w, https:\/\/hostalesniu.com\/wp-content\/uploads\/2025\/06\/EsNiu-F0625-WL-24-200x300.jpg 200w\" sizes=\"auto, (max-width: 682px) 100vw, 682px\" \/><\/div><\/div>[\/vc_column][\/vc_row][vc_row][vc_column width=\u00bb1\/1&#8243;]<div class=\"spacer\" style=\"height: 80px;\"><\/div>[\/vc_column][\/vc_row][vc_row][vc_column width=\u00bb2\/5&#8243;][vc_column_text]<\/p>\n<h1 class=\"font-special\"><span style=\"font-size: 36pt;\">Palafrugell +<\/span><\/h1>\n<p>[\/vc_column_text][\/vc_column][vc_column width=\u00bb3\/5&#8243;][vc_column_text]Descubre la Costa Brava a trav\u00e9s de su historia y su cultura con la gran variedad de acontecimientos, rutas y espacios culturales que puedes disfrutar durante tu estancia en nuestro hostal. Adem\u00e1s, puedes adquirir el ticket \u201cPalafrugell +\u201d en nuestro establecimiento, que te permitir\u00e1 acceder a los principales espacios culturales del municipio por un precio reducido de 10 \u20ac.[\/vc_column_text]<a href=\"https:\/\/plus.palafrugell.cat\/es\/\" target=\"_blank\" class=\"button color-3 large \" style=\"border-radius: 15px;\">COMPRAR<\/a>[\/vc_column][\/vc_row][vc_row][vc_column width=\u00bb1\/1&#8243;]<div class=\"spacer\" style=\"height: 80px;\"><\/div>[\/vc_column][\/vc_row][vc_row type=\u00bbfull_width_section\u00bb][vc_column width=\u00bb1\/1&#8243;][vc_raw_html]JTNDaWZyYW1lJTIwc3JjJTNEJTIyaHR0cHMlM0ElMkYlMkZ3d3cuZ29vZ2xlLmNvbSUyRm1hcHMlMkZlbWJlZCUzRnBiJTNEJTIxMW0xOCUyMTFtMTIlMjExbTMlMjExZDI5NjguNzQ1NTg3NTYyMzY3NyUyMTJkMy4yMDUwODYyMTU3Mzg1NzElMjEzZDQxLjkxOTgyNzU3MDc4MDI2NCUyMTJtMyUyMTFmMCUyMTJmMCUyMTNmMCUyMTNtMiUyMTFpMTAyNCUyMTJpNzY4JTIxNGYxMy4xJTIxM20zJTIxMW0yJTIxMXMweDEyYmE1MzUwMWNlNzIxNjUlMjUzQTB4ZWRhZmUwODgzM2I5M2YyOCUyMTJzSG9zdGFsJTI1MjBFcyUyNTIwTml1JTIxNWUwJTIxM20yJTIxMXNlcyUyMTJzZXMlMjE0djE2NDY1ODYyNzMxODAlMjE1bTIlMjExc2VzJTIxMnNlcyUyMiUyMGZyYW1lYm9yZGVyJTNEJTIyMCUyMiUyMHN0eWxlJTNEJTIyYm9yZGVyJTNBMCUzQndpZHRoJTNBMTAwJTI1JTNCaGVpZ2h0JTNBNDAwcHglM0IlMjJhbGxvd2Z1bGxzY3JlZW4lM0QlMjIlMjIlMjBhcmlhLWhpZGRlbiUzRCUyMmZhbHNlJTIyJTIwdGFiaW5kZXglM0QlMjIwJTIyJTNFJTNDJTJGaWZyYW1lJTNFJTBB[\/vc_raw_html][\/vc_column][\/vc_row][vc_row][vc_column width=\u00bb1\/1&#8243;]<div class=\"spacer\" style=\"height: 80px;\"><\/div>[\/vc_column][\/vc_row][vc_row][vc_column width=\u00bb2\/5&#8243;][vc_column_text]<\/p>\n<h1 class=\"font-special\"><span style=\"font-size: 36pt;\">Contacto<\/span><\/h1>\n<p>[\/vc_column_text][vc_column_text]<\/p>\n<h5>\u00bfQuieres m\u00e1s informaci\u00f3n?<\/h5>\n<p>[\/vc_column_text][\/vc_column][vc_column width=\u00bb3\/5&#8243;][vc_column_text]Estamos comprometidos a brindarte un servicio de calidad, por lo cual no dudes en comunicarte con nosotros en cualquier momento. Ya sea que est\u00e9s planificando tu pr\u00f3xima escapada, necesitas informaci\u00f3n sobre nuestras instalaciones o simplemente quieres saludarnos.[\/vc_column_text]<a href=\"https:\/\/hostalesniu.com\/es\/contacto\/\" target=\"_self\" class=\"button color-3 large \" style=\"border-radius: 15px;\">CONTACTAR<\/a>[\/vc_column][\/vc_row][vc_row][vc_column width=\u00bb1\/1&#8243;]<div class=\"spacer\" style=\"height: 80px;\"><\/div>[\/vc_column][\/vc_row]<\/p>\n<\/div>","protected":false},"excerpt":{"rendered":"<p>[vc_row type=\u00bbfull_width_section\u00bb bg_color=\u00bb#a89783&#8243;][vc_column width=\u00bb1\/1&#8243;][vc_raw_html]JTNDZGl2JTIwaWQlM0QlMjJpbnNlcnRCYXIlMjIlM0UlM0MlMkZkaXYlM0U=[\/vc_raw_html][\/vc_column][\/vc_row][vc_row][vc_column width=\u00bb1\/1&#8243;][\/vc_column][\/vc_row][vc_row][vc_column width=\u00bb2\/5&#8243;][vc_column_text] Tamariu [\/vc_column_text][vc_column_text] Costa Brava [\/vc_column_text][\/vc_column][vc_column width=\u00bb3\/5&#8243;][vc_column_text]Antiguo pueblo pescador del municipio de Palafrugell, de gran belleza y tranquilidad, con calles estrechas, casitas blancas y poca poblaci\u00f3n. La exuberante vegetaci\u00f3n; las playas de arena dorada y de agua cristalina; las rocas y los salvajes acantilados; conforman el paisaje natural de este peque\u00f1o rinc\u00f3n de la Costa Brava. Descubrir espacios naturales, ocio y deporte, combinan bien con vuestra estancia en Tamariu. Seguir la costa en kayak o en barca, hacer senderismo por los Caminos de Ronda, o simplemente tomar un ba\u00f1o en sus aguas cristalinas, son algunas de las actividades que nos ofrece este peque\u00f1o para\u00edso.[\/vc_column_text][\/vc_column][\/vc_row][vc_row][vc_column width=\u00bb1\/1&#8243;][\/vc_column][\/vc_row][vc_row][vc_column width=\u00bb1\/1&#8243;][\/vc_column][\/vc_row][vc_row][vc_column width=\u00bb1\/1&#8243;][\/vc_column][\/vc_row][vc_row][vc_column width=\u00bb2\/5&#8243;][vc_column_text] Palafrugell + [\/vc_column_text][\/vc_column][vc_column width=\u00bb3\/5&#8243;][vc_column_text]Descubre la Costa Brava a trav\u00e9s de su historia y su cultura con la gran variedad de acontecimientos, rutas y espacios culturales que puedes disfrutar durante tu estancia en nuestro hostal. Adem\u00e1s, puedes adquirir el ticket \u201cPalafrugell +\u201d en nuestro establecimiento, que te permitir\u00e1 acceder a los principales espacios culturales del municipio por un precio reducido de 10 \u20ac.[\/vc_column_text][\/vc_column][\/vc_row][vc_row][vc_column width=\u00bb1\/1&#8243;][\/vc_column][\/vc_row][vc_row type=\u00bbfull_width_section\u00bb][vc_column width=\u00bb1\/1&#8243;][vc_raw_html]JTNDaWZyYW1lJTIwc3JjJTNEJTIyaHR0cHMlM0ElMkYlMkZ3d3cuZ29vZ2xlLmNvbSUyRm1hcHMlMkZlbWJlZCUzRnBiJTNEJTIxMW0xOCUyMTFtMTIlMjExbTMlMjExZDI5NjguNzQ1NTg3NTYyMzY3NyUyMTJkMy4yMDUwODYyMTU3Mzg1NzElMjEzZDQxLjkxOTgyNzU3MDc4MDI2NCUyMTJtMyUyMTFmMCUyMTJmMCUyMTNmMCUyMTNtMiUyMTFpMTAyNCUyMTJpNzY4JTIxNGYxMy4xJTIxM20zJTIxMW0yJTIxMXMweDEyYmE1MzUwMWNlNzIxNjUlMjUzQTB4ZWRhZmUwODgzM2I5M2YyOCUyMTJzSG9zdGFsJTI1MjBFcyUyNTIwTml1JTIxNWUwJTIxM20yJTIxMXNlcyUyMTJzZXMlMjE0djE2NDY1ODYyNzMxODAlMjE1bTIlMjExc2VzJTIxMnNlcyUyMiUyMGZyYW1lYm9yZGVyJTNEJTIyMCUyMiUyMHN0eWxlJTNEJTIyYm9yZGVyJTNBMCUzQndpZHRoJTNBMTAwJTI1JTNCaGVpZ2h0JTNBNDAwcHglM0IlMjJhbGxvd2Z1bGxzY3JlZW4lM0QlMjIlMjIlMjBhcmlhLWhpZGRlbiUzRCUyMmZhbHNlJTIyJTIwdGFiaW5kZXglM0QlMjIwJTIyJTNFJTNDJTJGaWZyYW1lJTNFJTBB[\/vc_raw_html][\/vc_column][\/vc_row][vc_row][vc_column width=\u00bb1\/1&#8243;][\/vc_column][\/vc_row][vc_row][vc_column width=\u00bb2\/5&#8243;][vc_column_text] Contacto [\/vc_column_text][vc_column_text] \u00bfQuieres m\u00e1s informaci\u00f3n? [\/vc_column_text][\/vc_column][vc_column width=\u00bb3\/5&#8243;][vc_column_text]Estamos comprometidos a brindarte un servicio de calidad, por lo cual no dudes en [&hellip;]<\/p>\n","protected":false},"author":3,"featured_media":0,"parent":0,"menu_order":0,"comment_status":"closed","ping_status":"closed","template":"","meta":{"footnotes":""},"class_list":["post-20319","page","type-page","status-publish","hentry"],"_links":{"self":[{"href":"https:\/\/hostalesniu.com\/es\/wp-json\/wp\/v2\/pages\/20319","targetHints":{"allow":["GET"]}}],"collection":[{"href":"https:\/\/hostalesniu.com\/es\/wp-json\/wp\/v2\/pages"}],"about":[{"href":"https:\/\/hostalesniu.com\/es\/wp-json\/wp\/v2\/types\/page"}],"author":[{"embeddable":true,"href":"https:\/\/hostalesniu.com\/es\/wp-json\/wp\/v2\/users\/3"}],"replies":[{"embeddable":true,"href":"https:\/\/hostalesniu.com\/es\/wp-json\/wp\/v2\/comments?post=20319"}],"version-history":[{"count":7,"href":"https:\/\/hostalesniu.com\/es\/wp-json\/wp\/v2\/pages\/20319\/revisions"}],"predecessor-version":[{"id":22218,"href":"https:\/\/hostalesniu.com\/es\/wp-json\/wp\/v2\/pages\/20319\/revisions\/22218"}],"wp:attachment":[{"href":"https:\/\/hostalesniu.com\/es\/wp-json\/wp\/v2\/media?parent=20319"}],"curies":[{"name":"wp","href":"https:\/\/api.w.org\/{rel}","templated":true}]}}