{"id":22189,"date":"2025-06-05T09:49:06","date_gmt":"2025-06-05T09:49:06","guid":{"rendered":"https:\/\/hostalesniu.com\/?page_id=22189"},"modified":"2025-06-12T07:36:51","modified_gmt":"2025-06-12T07:36:51","slug":"apartamentos","status":"publish","type":"page","link":"https:\/\/hostalesniu.com\/es\/apartamentos\/","title":{"rendered":"Apartamentos"},"content":{"rendered":"<div class=\"wpb-content-wrapper\"><p>[vc_row type=\u00bbfull_width_section\u00bb bg_color=\u00bb#a89783&#8243;][vc_column width=\u00bb1\/1&#8243;][vc_raw_html]JTNDZGl2JTIwaWQlM0QlMjJpbnNlcnRCYXIlMjIlM0UlM0MlMkZkaXYlM0U=[\/vc_raw_html][\/vc_column][\/vc_row][vc_row][vc_column width=\u00bb1\/1&#8243;]<div class=\"spacer\" style=\"height: 80px;\"><\/div>[\/vc_column][\/vc_row][vc_row][vc_column width=\u00bb2\/5&#8243;][vc_column_text]<\/p>\n<h1 class=\"font-special\"><span style=\"font-size: 36pt;\">Apartamentos<\/span><\/h1>\n<p>[\/vc_column_text][vc_column_text]<\/p>\n<h5>Car\u00e1cter Mediterr\u00e1neo<\/h5>\n<p>[\/vc_column_text][\/vc_column][vc_column width=\u00bb3\/5&#8243;][vc_column_text]<span style=\"font-weight: 400;\">El Hostal Es Niu ofrece 6 apartamentos (1 en el mismo edificio y 5 situados a 40 metros del hostal). Todos ellos han sido reformados con un aire mediterr\u00e1neo, una decoraci\u00f3n elegante y todas las comodidades que necesitas para sentirte como en casa. Ideales para disfrutar con amigos o en familia.<\/span>[\/vc_column_text][\/vc_column][\/vc_row][vc_row][vc_column width=\u00bb1\/1&#8243;]<div class=\"spacer\" style=\"height: 80px;\"><\/div>[\/vc_column][\/vc_row][vc_row][vc_column width=\u00bb1\/3&#8243;]<div class=\"single_image wpb_content_element align-left    \" data-animation=\"none\" data-delay=\"0\"><img loading=\"lazy\" decoding=\"async\" width=\"1024\" height=\"681\" src=\"https:\/\/hostalesniu.com\/wp-content\/uploads\/2025\/06\/EsNiu-F0625-WL-236.jpg\" class=\"attachment-full\" alt=\"\" title=\"EsNiu-F0625-WL-236\" srcset=\"https:\/\/hostalesniu.com\/wp-content\/uploads\/2025\/06\/EsNiu-F0625-WL-236.jpg 1024w, https:\/\/hostalesniu.com\/wp-content\/uploads\/2025\/06\/EsNiu-F0625-WL-236-300x200.jpg 300w, https:\/\/hostalesniu.com\/wp-content\/uploads\/2025\/06\/EsNiu-F0625-WL-236-768x511.jpg 768w, https:\/\/hostalesniu.com\/wp-content\/uploads\/2025\/06\/EsNiu-F0625-WL-236-600x400.jpg 600w\" sizes=\"auto, (max-width: 1024px) 100vw, 1024px\" \/><\/div>[vc_column_text]<\/p>\n<h3><span style=\"font-size: 24pt;\">Cala Gamar\u00fas<\/span><\/h3>\n<p>[\/vc_column_text][vc_column_text]<\/p>\n<div class=\"gdlr-core-pbf-element\">\n<div class=\"gdlr-core-title-item gdlr-core-item-pdb clearfix gdlr-core-left-align gdlr-core-title-item-caption-bottom gdlr-core-item-pdlr\">\n<div class=\"gdlr-core-title-item-title-wrap \">\n<p class=\"gdlr-core-title-item-title gdlr-core-skin-title \"><span style=\"font-weight: 400;\">Apartamento situado a 40 metros del hotel. Dispone de cocina totalmente equipada, sal\u00f3n con sof\u00e1-cama, dos dormitorios y ba\u00f1o completo. Est\u00e1 equipado con lavadora, lavavajillas, aire acondicionado (ventiladores en las habitaciones), televisi\u00f3n (Smart TV) y conexi\u00f3n Wi-Fi. Capacidad m\u00e1xima para 6 personas.<\/span><\/p>\n<\/div>\n<\/div>\n<\/div>\n<p>[\/vc_column_text][\/vc_column][vc_column width=\u00bb1\/3&#8243;]<div class=\"single_image wpb_content_element align-left    \" data-animation=\"none\" data-delay=\"0\"><img loading=\"lazy\" decoding=\"async\" width=\"1024\" height=\"682\" src=\"https:\/\/hostalesniu.com\/wp-content\/uploads\/2025\/06\/ESNIU_Salon-2-Apartamentos.jpg\" class=\"attachment-full\" alt=\"\" title=\"ESNIU_Salon-2-Apartamentos\" srcset=\"https:\/\/hostalesniu.com\/wp-content\/uploads\/2025\/06\/ESNIU_Salon-2-Apartamentos.jpg 1024w, https:\/\/hostalesniu.com\/wp-content\/uploads\/2025\/06\/ESNIU_Salon-2-Apartamentos-300x200.jpg 300w, https:\/\/hostalesniu.com\/wp-content\/uploads\/2025\/06\/ESNIU_Salon-2-Apartamentos-768x512.jpg 768w, https:\/\/hostalesniu.com\/wp-content\/uploads\/2025\/06\/ESNIU_Salon-2-Apartamentos-600x400.jpg 600w\" sizes=\"auto, (max-width: 1024px) 100vw, 1024px\" \/><\/div>[vc_column_text]<\/p>\n<h3><span style=\"font-size: 24pt;\">Cala d&#8217;en Roig<\/span><\/h3>\n<p>[\/vc_column_text][vc_column_text]<span style=\"font-weight: 400;\">Apartamento situado a 40 metros del hotel. Dispone de sal\u00f3n con sof\u00e1-cama para dos personas, cocina equipada, dos dormitorios, ba\u00f1o completo y terraza. Est\u00e1 equipado con lavadora, lavavajillas, aire acondicionado, Smart TV y conexi\u00f3n Wi-Fi. Capacidad m\u00e1xima para 6 personas.<\/span>[\/vc_column_text][\/vc_column][vc_column width=\u00bb1\/3&#8243;]<div class=\"single_image wpb_content_element align-left    \" data-animation=\"none\" data-delay=\"0\"><img loading=\"lazy\" decoding=\"async\" width=\"1024\" height=\"682\" src=\"https:\/\/hostalesniu.com\/wp-content\/uploads\/2025\/06\/ESNIU_Apt-Pedrosa.jpg\" class=\"attachment-full\" alt=\"\" title=\"ESNIU_Apt-Pedrosa\" srcset=\"https:\/\/hostalesniu.com\/wp-content\/uploads\/2025\/06\/ESNIU_Apt-Pedrosa.jpg 1024w, https:\/\/hostalesniu.com\/wp-content\/uploads\/2025\/06\/ESNIU_Apt-Pedrosa-300x200.jpg 300w, https:\/\/hostalesniu.com\/wp-content\/uploads\/2025\/06\/ESNIU_Apt-Pedrosa-768x512.jpg 768w, https:\/\/hostalesniu.com\/wp-content\/uploads\/2025\/06\/ESNIU_Apt-Pedrosa-600x400.jpg 600w\" sizes=\"auto, (max-width: 1024px) 100vw, 1024px\" \/><\/div>[vc_column_text]<\/p>\n<h3><span style=\"font-size: 24pt;\">Cala Pedrosa<\/span><\/h3>\n<p>[\/vc_column_text][vc_column_text]<span style=\"font-weight: 400;\">Apartamento situado a 40 metros del hotel. Dispone de sal\u00f3n con sof\u00e1-cama, cocina equipada, dos dormitorios, ba\u00f1o completo y terraza. Est\u00e1 equipado con lavadora, lavavajillas, aire acondicionado, Smart TV y conexi\u00f3n Wi-Fi. Capacidad m\u00e1xima para 6 personas.<\/span>[\/vc_column_text][\/vc_column][\/vc_row][vc_row][vc_column width=\u00bb1\/1&#8243;]<div class=\"spacer\" style=\"height: 80px;\"><\/div>[\/vc_column][\/vc_row][vc_row][vc_column width=\u00bb1\/3&#8243;]<div class=\"single_image wpb_content_element align-left    \" data-animation=\"none\" data-delay=\"0\"><img loading=\"lazy\" decoding=\"async\" width=\"1024\" height=\"682\" src=\"https:\/\/hostalesniu.com\/wp-content\/uploads\/2025\/06\/EsNiu-F0625-WL-110.jpg\" class=\"attachment-full\" alt=\"\" title=\"EsNiu-F0625-WL-110\" srcset=\"https:\/\/hostalesniu.com\/wp-content\/uploads\/2025\/06\/EsNiu-F0625-WL-110.jpg 1024w, https:\/\/hostalesniu.com\/wp-content\/uploads\/2025\/06\/EsNiu-F0625-WL-110-300x200.jpg 300w, https:\/\/hostalesniu.com\/wp-content\/uploads\/2025\/06\/EsNiu-F0625-WL-110-768x512.jpg 768w, https:\/\/hostalesniu.com\/wp-content\/uploads\/2025\/06\/EsNiu-F0625-WL-110-600x400.jpg 600w\" sizes=\"auto, (max-width: 1024px) 100vw, 1024px\" \/><\/div>[vc_column_text]<\/p>\n<h3><span style=\"font-size: 24pt;\">Es Niu<\/span><\/h3>\n<p>[\/vc_column_text][vc_column_text]<\/p>\n<div class=\"gdlr-core-pbf-element\">\n<div class=\"gdlr-core-title-item gdlr-core-item-pdb clearfix gdlr-core-left-align gdlr-core-title-item-caption-bottom gdlr-core-item-pdlr\">\n<div class=\"gdlr-core-title-item-title-wrap \">\n<p class=\"gdlr-core-title-item-title gdlr-core-skin-title \"><span style=\"font-weight: 400;\">Situado en el edificio del hotel. Dispone de cocina equipada, dos habitaciones independientes con ba\u00f1o privado cada una, sal\u00f3n con sof\u00e1-cama y una amplia terraza. Est\u00e1 equipado con lavavajillas, aire acondicionado, Smart TV y conexi\u00f3n Wi-Fi. Capacidad m\u00e1xima para 6 personas.<\/span><\/p>\n<\/div>\n<\/div>\n<\/div>\n<p>[\/vc_column_text][\/vc_column][vc_column width=\u00bb1\/3&#8243;]<div class=\"single_image wpb_content_element align-left    \" data-animation=\"none\" data-delay=\"0\"><img loading=\"lazy\" decoding=\"async\" width=\"1024\" height=\"681\" src=\"https:\/\/hostalesniu.com\/wp-content\/uploads\/2025\/06\/EsNiu-F0625-WL-263.jpg\" class=\"attachment-full\" alt=\"\" title=\"EsNiu-F0625-WL-263\" srcset=\"https:\/\/hostalesniu.com\/wp-content\/uploads\/2025\/06\/EsNiu-F0625-WL-263.jpg 1024w, https:\/\/hostalesniu.com\/wp-content\/uploads\/2025\/06\/EsNiu-F0625-WL-263-300x200.jpg 300w, https:\/\/hostalesniu.com\/wp-content\/uploads\/2025\/06\/EsNiu-F0625-WL-263-768x511.jpg 768w, https:\/\/hostalesniu.com\/wp-content\/uploads\/2025\/06\/EsNiu-F0625-WL-263-600x400.jpg 600w\" sizes=\"auto, (max-width: 1024px) 100vw, 1024px\" \/><\/div>[vc_column_text]<\/p>\n<h3><span style=\"font-size: 24pt;\">Sa Trona<\/span><\/h3>\n<p>[\/vc_column_text][vc_column_text]<span style=\"font-weight: 400;\">Apartamento situado a 40 metros del hotel. Dispone de sal\u00f3n, cocina equipada, dos habitaciones dobles y una peque\u00f1a individual, ba\u00f1o completo y terraza. Est\u00e1 equipado con lavadora, lavavajillas, aire acondicionado, televisi\u00f3n y conexi\u00f3n wifi. Capacidad m\u00e1xima para 4+1 personas.<\/span>[\/vc_column_text][\/vc_column][vc_column width=\u00bb1\/3&#8243;]<div class=\"single_image wpb_content_element align-left    \" data-animation=\"none\" data-delay=\"0\"><img loading=\"lazy\" decoding=\"async\" width=\"1024\" height=\"681\" src=\"https:\/\/hostalesniu.com\/wp-content\/uploads\/2025\/06\/EsNiu-F0625-WL-336.jpg\" class=\"attachment-full\" alt=\"\" title=\"EsNiu-F0625-WL-336\" srcset=\"https:\/\/hostalesniu.com\/wp-content\/uploads\/2025\/06\/EsNiu-F0625-WL-336.jpg 1024w, https:\/\/hostalesniu.com\/wp-content\/uploads\/2025\/06\/EsNiu-F0625-WL-336-300x200.jpg 300w, https:\/\/hostalesniu.com\/wp-content\/uploads\/2025\/06\/EsNiu-F0625-WL-336-768x511.jpg 768w, https:\/\/hostalesniu.com\/wp-content\/uploads\/2025\/06\/EsNiu-F0625-WL-336-600x400.jpg 600w\" sizes=\"auto, (max-width: 1024px) 100vw, 1024px\" \/><\/div>[vc_column_text]<\/p>\n<h3><span style=\"font-size: 24pt;\">Sa Dona<\/span><\/h3>\n<p>[\/vc_column_text][vc_column_text]<span style=\"font-weight: 400;\">Apartamento situado a 40 metros del hotel. Dispone de sal\u00f3n con sof\u00e1-cama, cocina equipada, dos habitaciones dobles y una peque\u00f1a individual, ba\u00f1o completo y una gran terraza. Est\u00e1 equipado con lavadora, lavavajillas, aire acondicionado, Smart TV y conexi\u00f3n wifi. Capacidad m\u00e1xima para 5+1 personas.<\/span>[\/vc_column_text][\/vc_column][\/vc_row][vc_row][vc_column width=\u00bb1\/1&#8243;]<div class=\"spacer\" style=\"height: 80px;\"><\/div>[\/vc_column][\/vc_row][vc_row][vc_column width=\u00bb1\/1&#8243;]<div class=\"minti_carousel  grab-false dots\" data-columns=\"3\" data-tabletcolumns=\"3\" data-nav=\"true\" data-pagination=\"true\" data-autoplay=\"false\" data-animationtime=\"4000\"><div class=\"single_image wpb_content_element align-left    \" data-animation=\"none\" data-delay=\"0\"><img loading=\"lazy\" decoding=\"async\" width=\"682\" height=\"1024\" src=\"https:\/\/hostalesniu.com\/wp-content\/uploads\/2025\/06\/EsNiu-F0625-WL-101.jpg\" class=\"attachment-full\" alt=\"\" title=\"EsNiu-F0625-WL-101\" srcset=\"https:\/\/hostalesniu.com\/wp-content\/uploads\/2025\/06\/EsNiu-F0625-WL-101.jpg 682w, https:\/\/hostalesniu.com\/wp-content\/uploads\/2025\/06\/EsNiu-F0625-WL-101-200x300.jpg 200w\" sizes=\"auto, (max-width: 682px) 100vw, 682px\" \/><\/div><div class=\"single_image wpb_content_element align-left    \" data-animation=\"none\" data-delay=\"0\"><img loading=\"lazy\" decoding=\"async\" width=\"682\" height=\"1024\" src=\"https:\/\/hostalesniu.com\/wp-content\/uploads\/2025\/06\/EsNiu-F0625-WL-109.jpg\" class=\"attachment-full\" alt=\"\" title=\"EsNiu-F0625-WL-109\" srcset=\"https:\/\/hostalesniu.com\/wp-content\/uploads\/2025\/06\/EsNiu-F0625-WL-109.jpg 682w, https:\/\/hostalesniu.com\/wp-content\/uploads\/2025\/06\/EsNiu-F0625-WL-109-200x300.jpg 200w\" sizes=\"auto, (max-width: 682px) 100vw, 682px\" \/><\/div><div class=\"single_image wpb_content_element align-left    \" data-animation=\"none\" data-delay=\"0\"><img loading=\"lazy\" decoding=\"async\" width=\"681\" height=\"1024\" src=\"https:\/\/hostalesniu.com\/wp-content\/uploads\/2025\/06\/EsNiu-F0625-WL-249.jpg\" class=\"attachment-full\" alt=\"\" title=\"EsNiu-F0625-WL-249\" srcset=\"https:\/\/hostalesniu.com\/wp-content\/uploads\/2025\/06\/EsNiu-F0625-WL-249.jpg 681w, https:\/\/hostalesniu.com\/wp-content\/uploads\/2025\/06\/EsNiu-F0625-WL-249-200x300.jpg 200w\" sizes=\"auto, (max-width: 681px) 100vw, 681px\" \/><\/div><div class=\"single_image wpb_content_element align-left    \" data-animation=\"none\" data-delay=\"0\"><img loading=\"lazy\" decoding=\"async\" width=\"682\" height=\"1024\" src=\"https:\/\/hostalesniu.com\/wp-content\/uploads\/2025\/06\/EsNiu-F0625-WL-99.jpg\" class=\"attachment-full\" alt=\"\" title=\"EsNiu-F0625-WL-99\" srcset=\"https:\/\/hostalesniu.com\/wp-content\/uploads\/2025\/06\/EsNiu-F0625-WL-99.jpg 682w, https:\/\/hostalesniu.com\/wp-content\/uploads\/2025\/06\/EsNiu-F0625-WL-99-200x300.jpg 200w\" sizes=\"auto, (max-width: 682px) 100vw, 682px\" \/><\/div><div class=\"single_image wpb_content_element align-left    \" data-animation=\"none\" data-delay=\"0\"><img loading=\"lazy\" decoding=\"async\" width=\"681\" height=\"1024\" src=\"https:\/\/hostalesniu.com\/wp-content\/uploads\/2025\/06\/EsNiu-F0625-WL-275.jpg\" class=\"attachment-full\" alt=\"\" title=\"EsNiu-F0625-WL-275\" srcset=\"https:\/\/hostalesniu.com\/wp-content\/uploads\/2025\/06\/EsNiu-F0625-WL-275.jpg 681w, https:\/\/hostalesniu.com\/wp-content\/uploads\/2025\/06\/EsNiu-F0625-WL-275-200x300.jpg 200w\" sizes=\"auto, (max-width: 681px) 100vw, 681px\" \/><\/div><div class=\"single_image wpb_content_element align-left    \" data-animation=\"none\" data-delay=\"0\"><img loading=\"lazy\" decoding=\"async\" width=\"681\" height=\"1024\" src=\"https:\/\/hostalesniu.com\/wp-content\/uploads\/2025\/06\/EsNiu-F0625-WL-245.jpg\" class=\"attachment-full\" alt=\"\" title=\"EsNiu-F0625-WL-245\" srcset=\"https:\/\/hostalesniu.com\/wp-content\/uploads\/2025\/06\/EsNiu-F0625-WL-245.jpg 681w, https:\/\/hostalesniu.com\/wp-content\/uploads\/2025\/06\/EsNiu-F0625-WL-245-200x300.jpg 200w\" sizes=\"auto, (max-width: 681px) 100vw, 681px\" \/><\/div><div class=\"single_image wpb_content_element align-left    \" data-animation=\"none\" data-delay=\"0\"><img loading=\"lazy\" decoding=\"async\" width=\"681\" height=\"1024\" src=\"https:\/\/hostalesniu.com\/wp-content\/uploads\/2025\/06\/EsNiu-F0625-WL-273.jpg\" class=\"attachment-full\" alt=\"\" title=\"EsNiu-F0625-WL-273\" srcset=\"https:\/\/hostalesniu.com\/wp-content\/uploads\/2025\/06\/EsNiu-F0625-WL-273.jpg 681w, https:\/\/hostalesniu.com\/wp-content\/uploads\/2025\/06\/EsNiu-F0625-WL-273-200x300.jpg 200w\" sizes=\"auto, (max-width: 681px) 100vw, 681px\" \/><\/div><div class=\"single_image wpb_content_element align-left    \" data-animation=\"none\" data-delay=\"0\"><img loading=\"lazy\" decoding=\"async\" width=\"681\" height=\"1024\" src=\"https:\/\/hostalesniu.com\/wp-content\/uploads\/2025\/06\/EsNiu-F0625-WL-247.jpg\" class=\"attachment-full\" alt=\"\" title=\"EsNiu-F0625-WL-247\" srcset=\"https:\/\/hostalesniu.com\/wp-content\/uploads\/2025\/06\/EsNiu-F0625-WL-247.jpg 681w, https:\/\/hostalesniu.com\/wp-content\/uploads\/2025\/06\/EsNiu-F0625-WL-247-200x300.jpg 200w\" sizes=\"auto, (max-width: 681px) 100vw, 681px\" \/><\/div><div class=\"single_image wpb_content_element align-left    \" data-animation=\"none\" data-delay=\"0\"><img loading=\"lazy\" decoding=\"async\" width=\"681\" height=\"1024\" src=\"https:\/\/hostalesniu.com\/wp-content\/uploads\/2025\/06\/EsNiu-F0625-WL-276.jpg\" class=\"attachment-full\" alt=\"\" title=\"EsNiu-F0625-WL-276\" srcset=\"https:\/\/hostalesniu.com\/wp-content\/uploads\/2025\/06\/EsNiu-F0625-WL-276.jpg 681w, https:\/\/hostalesniu.com\/wp-content\/uploads\/2025\/06\/EsNiu-F0625-WL-276-200x300.jpg 200w\" sizes=\"auto, (max-width: 681px) 100vw, 681px\" \/><\/div><\/div>[\/vc_column][\/vc_row][vc_row][vc_column width=\u00bb1\/1&#8243;]<div class=\"spacer\" style=\"height: 80px;\"><\/div>[\/vc_column][\/vc_row][vc_row type=\u00bbfull_width_section\u00bb][vc_column width=\u00bb1\/1&#8243;][vc_raw_html]JTNDaWZyYW1lJTIwc3JjJTNEJTIyaHR0cHMlM0ElMkYlMkZ3d3cuZ29vZ2xlLmNvbSUyRm1hcHMlMkZlbWJlZCUzRnBiJTNEJTIxMW0xOCUyMTFtMTIlMjExbTMlMjExZDI5NjguNzQ1NTg3NTYyMzY3NyUyMTJkMy4yMDUwODYyMTU3Mzg1NzElMjEzZDQxLjkxOTgyNzU3MDc4MDI2NCUyMTJtMyUyMTFmMCUyMTJmMCUyMTNmMCUyMTNtMiUyMTFpMTAyNCUyMTJpNzY4JTIxNGYxMy4xJTIxM20zJTIxMW0yJTIxMXMweDEyYmE1MzUwMWNlNzIxNjUlMjUzQTB4ZWRhZmUwODgzM2I5M2YyOCUyMTJzSG9zdGFsJTI1MjBFcyUyNTIwTml1JTIxNWUwJTIxM20yJTIxMXNlcyUyMTJzZXMlMjE0djE2NDY1ODYyNzMxODAlMjE1bTIlMjExc2VzJTIxMnNlcyUyMiUyMGZyYW1lYm9yZGVyJTNEJTIyMCUyMiUyMHN0eWxlJTNEJTIyYm9yZGVyJTNBMCUzQndpZHRoJTNBMTAwJTI1JTNCaGVpZ2h0JTNBNDAwcHglM0IlMjJhbGxvd2Z1bGxzY3JlZW4lM0QlMjIlMjIlMjBhcmlhLWhpZGRlbiUzRCUyMmZhbHNlJTIyJTIwdGFiaW5kZXglM0QlMjIwJTIyJTNFJTNDJTJGaWZyYW1lJTNFJTBB[\/vc_raw_html][\/vc_column][\/vc_row][vc_row][vc_column width=\u00bb1\/1&#8243;]<div class=\"spacer\" style=\"height: 80px;\"><\/div>[\/vc_column][\/vc_row][vc_row][vc_column width=\u00bb2\/5&#8243;][vc_column_text]<\/p>\n<h1 class=\"font-special\"><span style=\"font-size: 36pt;\">Contacto<\/span><\/h1>\n<p>[\/vc_column_text][vc_column_text]<\/p>\n<h5>\u00bfQuieres m\u00e1s informaci\u00f3n?<\/h5>\n<p>[\/vc_column_text][\/vc_column][vc_column width=\u00bb3\/5&#8243;][vc_column_text]Estamos comprometidos a brindarte un servicio de calidad, por lo cual no dudes en comunicarte con nosotros en cualquier momento. Ya sea que est\u00e9s planificando tu pr\u00f3xima escapada, necesitas informaci\u00f3n sobre nuestras instalaciones o simplemente quieres saludarnos.[\/vc_column_text]<a href=\"https:\/\/hostalesniu.com\/es\/contacto\/\" target=\"_self\" class=\"button color-3 large \" style=\"border-radius: 15px;\">CONTACTAR<\/a>[\/vc_column][\/vc_row][vc_row][vc_column width=\u00bb1\/1&#8243;]<div class=\"spacer\" style=\"height: 80px;\"><\/div>[\/vc_column][\/vc_row]<\/p>\n<\/div>","protected":false},"excerpt":{"rendered":"<p>[vc_row type=\u00bbfull_width_section\u00bb bg_color=\u00bb#a89783&#8243;][vc_column width=\u00bb1\/1&#8243;][vc_raw_html]JTNDZGl2JTIwaWQlM0QlMjJpbnNlcnRCYXIlMjIlM0UlM0MlMkZkaXYlM0U=[\/vc_raw_html][\/vc_column][\/vc_row][vc_row][vc_column width=\u00bb1\/1&#8243;][\/vc_column][\/vc_row][vc_row][vc_column width=\u00bb2\/5&#8243;][vc_column_text] Apartamentos [\/vc_column_text][vc_column_text] Car\u00e1cter Mediterr\u00e1neo [\/vc_column_text][\/vc_column][vc_column width=\u00bb3\/5&#8243;][vc_column_text]El Hostal Es Niu ofrece 6 apartamentos (1 en el mismo edificio y 5 situados a 40 metros del hostal). Todos ellos han sido reformados con un aire mediterr\u00e1neo, una decoraci\u00f3n elegante y todas las comodidades que necesitas para sentirte como en casa. Ideales para disfrutar con amigos o en familia.[\/vc_column_text][\/vc_column][\/vc_row][vc_row][vc_column width=\u00bb1\/1&#8243;][\/vc_column][\/vc_row][vc_row][vc_column width=\u00bb1\/3&#8243;][vc_column_text] Cala Gamar\u00fas [\/vc_column_text][vc_column_text] Apartamento situado a 40 metros del hotel. Dispone de cocina totalmente equipada, sal\u00f3n con sof\u00e1-cama, dos dormitorios y ba\u00f1o completo. Est\u00e1 equipado con lavadora, lavavajillas, aire acondicionado (ventiladores en las habitaciones), televisi\u00f3n (Smart TV) y conexi\u00f3n Wi-Fi. Capacidad m\u00e1xima para 6 personas. [\/vc_column_text][\/vc_column][vc_column width=\u00bb1\/3&#8243;][vc_column_text] Cala d&#8217;en Roig [\/vc_column_text][vc_column_text]Apartamento situado a 40 metros del hotel. Dispone de sal\u00f3n con sof\u00e1-cama para dos personas, cocina equipada, dos dormitorios, ba\u00f1o completo y terraza. Est\u00e1 equipado con lavadora, lavavajillas, aire acondicionado, Smart TV y conexi\u00f3n Wi-Fi. Capacidad m\u00e1xima para 6 personas.[\/vc_column_text][\/vc_column][vc_column width=\u00bb1\/3&#8243;][vc_column_text] Cala Pedrosa [\/vc_column_text][vc_column_text]Apartamento situado a 40 metros del hotel. Dispone de sal\u00f3n con sof\u00e1-cama, cocina equipada, dos dormitorios, ba\u00f1o completo y terraza. Est\u00e1 equipado con lavadora, lavavajillas, aire acondicionado, Smart TV y conexi\u00f3n Wi-Fi. Capacidad m\u00e1xima para 6 personas.[\/vc_column_text][\/vc_column][\/vc_row][vc_row][vc_column width=\u00bb1\/1&#8243;][\/vc_column][\/vc_row][vc_row][vc_column width=\u00bb1\/3&#8243;][vc_column_text] Es Niu [\/vc_column_text][vc_column_text] Situado [&hellip;]<\/p>\n","protected":false},"author":3,"featured_media":0,"parent":0,"menu_order":0,"comment_status":"closed","ping_status":"closed","template":"","meta":{"footnotes":""},"class_list":["post-22189","page","type-page","status-publish","hentry"],"_links":{"self":[{"href":"https:\/\/hostalesniu.com\/es\/wp-json\/wp\/v2\/pages\/22189","targetHints":{"allow":["GET"]}}],"collection":[{"href":"https:\/\/hostalesniu.com\/es\/wp-json\/wp\/v2\/pages"}],"about":[{"href":"https:\/\/hostalesniu.com\/es\/wp-json\/wp\/v2\/types\/page"}],"author":[{"embeddable":true,"href":"https:\/\/hostalesniu.com\/es\/wp-json\/wp\/v2\/users\/3"}],"replies":[{"embeddable":true,"href":"https:\/\/hostalesniu.com\/es\/wp-json\/wp\/v2\/comments?post=22189"}],"version-history":[{"count":4,"href":"https:\/\/hostalesniu.com\/es\/wp-json\/wp\/v2\/pages\/22189\/revisions"}],"predecessor-version":[{"id":22193,"href":"https:\/\/hostalesniu.com\/es\/wp-json\/wp\/v2\/pages\/22189\/revisions\/22193"}],"wp:attachment":[{"href":"https:\/\/hostalesniu.com\/es\/wp-json\/wp\/v2\/media?parent=22189"}],"curies":[{"name":"wp","href":"https:\/\/api.w.org\/{rel}","templated":true}]}}