{"id":20323,"date":"2021-02-06T23:00:43","date_gmt":"2021-02-06T23:00:43","guid":{"rendered":"https:\/\/hostalesniu.com\/experiencias\/"},"modified":"2025-06-12T10:34:43","modified_gmt":"2025-06-12T10:34:43","slug":"experiences","status":"publish","type":"page","link":"https:\/\/hostalesniu.com\/fr\/experiences\/","title":{"rendered":"Exp\u00e9riences"},"content":{"rendered":"<div class=\"wpb-content-wrapper\"><p>[vc_row type=\u00a0\u00bbfull_width_section\u00a0\u00bb bg_color=\u00a0\u00bb#a89783&Prime;][vc_column width=\u00a0\u00bb1\/1&Prime;][vc_raw_html]JTNDZGl2JTIwaWQlM0QlMjJpbnNlcnRCYXIlMjIlM0UlM0MlMkZkaXYlM0U=[\/vc_raw_html][\/vc_column][\/vc_row][vc_row][vc_column width=\u00a0\u00bb1\/1&Prime;]<div class=\"spacer\" style=\"height: 80px;\"><\/div>[\/vc_column][\/vc_row][vc_row][vc_column width=\u00a0\u00bb2\/5&Prime;][vc_column_text]<\/p>\n<h1 class=\"font-special\"><span style=\"font-size: 36pt;\">Tamariu<\/span><\/h1>\n<p>[\/vc_column_text][vc_column_text]<\/p>\n<h5>Costa Brava<\/h5>\n<p>[\/vc_column_text][\/vc_column][vc_column width=\u00a0\u00bb3\/5&Prime;][vc_column_text]Ancien village de p\u00eacheurs de la commune de Palafrugell, d\u2019une grande beaut\u00e9 et tranquillit\u00e9, avec des rues \u00e9troites, des maisons blanches et peu de population. La v\u00e9g\u00e9tation exub\u00e9rante ; les plages de sable dor\u00e9 et d\u2019eau cristalline ; les rochers et falaises sauvages composent le paysage naturel de ce petit coin de la Costa Brava.<\/p>\n<p>D\u00e9couverte des espaces naturels, loisirs et sports se marient bien avec votre s\u00e9jour \u00e0 Tamariu. Suivre la c\u00f4te en kayak ou en bateau, randonner le long des Caminos de Ronda, ou tout simplement se baigner dans ses eaux cristallines, sont quelques-unes des activit\u00e9s que nous propose ce petit paradis.[\/vc_column_text]<a href=\"http:\/\/www.visitpalafrugell.cat\" target=\"_blank\" class=\"button color-3 large \" style=\"border-radius: 15px;\">OFFICE DE TOURISME<\/a>[\/vc_column][\/vc_row][vc_row][vc_column width=\u00a0\u00bb1\/1&Prime;]<div class=\"spacer\" style=\"height: 80px;\"><\/div>[\/vc_column][\/vc_row][vc_row][vc_column width=\u00a0\u00bb1\/1&Prime;]<div class=\"minti_carousel  grab-false dots\" data-columns=\"3\" data-tabletcolumns=\"3\" data-nav=\"true\" data-pagination=\"true\" data-autoplay=\"false\" data-animationtime=\"4000\"><div class=\"single_image wpb_content_element align-left    \" data-animation=\"none\" data-delay=\"0\"><img loading=\"lazy\" decoding=\"async\" width=\"656\" height=\"986\" src=\"https:\/\/hostalesniu.com\/wp-content\/uploads\/2022\/02\/HostalEsNiu_Ext_07.jpg\" class=\"attachment-full\" alt=\"\" title=\"HostalEsNiu_Ext_07\" srcset=\"https:\/\/hostalesniu.com\/wp-content\/uploads\/2022\/02\/HostalEsNiu_Ext_07.jpg 656w, https:\/\/hostalesniu.com\/wp-content\/uploads\/2022\/02\/HostalEsNiu_Ext_07-200x300.jpg 200w\" sizes=\"auto, (max-width: 656px) 100vw, 656px\" \/><\/div><div class=\"single_image wpb_content_element align-left    \" data-animation=\"none\" data-delay=\"0\"><img loading=\"lazy\" decoding=\"async\" width=\"656\" height=\"986\" src=\"https:\/\/hostalesniu.com\/wp-content\/uploads\/2022\/02\/HostalEsNiu_Ext_06.jpg\" class=\"attachment-full\" alt=\"\" title=\"HostalEsNiu_Ext_06\" srcset=\"https:\/\/hostalesniu.com\/wp-content\/uploads\/2022\/02\/HostalEsNiu_Ext_06.jpg 656w, https:\/\/hostalesniu.com\/wp-content\/uploads\/2022\/02\/HostalEsNiu_Ext_06-200x300.jpg 200w\" sizes=\"auto, (max-width: 656px) 100vw, 656px\" \/><\/div><div class=\"single_image wpb_content_element align-left    \" data-animation=\"none\" data-delay=\"0\"><img loading=\"lazy\" decoding=\"async\" width=\"656\" height=\"986\" src=\"https:\/\/hostalesniu.com\/wp-content\/uploads\/2022\/02\/HostalEsNiu_Ext_08.jpg\" class=\"attachment-full\" alt=\"\" title=\"HostalEsNiu_Ext_08\" srcset=\"https:\/\/hostalesniu.com\/wp-content\/uploads\/2022\/02\/HostalEsNiu_Ext_08.jpg 656w, https:\/\/hostalesniu.com\/wp-content\/uploads\/2022\/02\/HostalEsNiu_Ext_08-200x300.jpg 200w\" sizes=\"auto, (max-width: 656px) 100vw, 656px\" \/><\/div><div class=\"single_image wpb_content_element align-left    \" data-animation=\"none\" data-delay=\"0\"><img loading=\"lazy\" decoding=\"async\" width=\"656\" height=\"986\" src=\"https:\/\/hostalesniu.com\/wp-content\/uploads\/2022\/02\/HostalEsNiu_Ext_09.jpg\" class=\"attachment-full\" alt=\"\" title=\"HostalEsNiu_Ext_09\" srcset=\"https:\/\/hostalesniu.com\/wp-content\/uploads\/2022\/02\/HostalEsNiu_Ext_09.jpg 656w, https:\/\/hostalesniu.com\/wp-content\/uploads\/2022\/02\/HostalEsNiu_Ext_09-200x300.jpg 200w\" sizes=\"auto, (max-width: 656px) 100vw, 656px\" \/><\/div><div class=\"single_image wpb_content_element align-left    \" data-animation=\"none\" data-delay=\"0\"><img loading=\"lazy\" decoding=\"async\" width=\"656\" height=\"986\" src=\"https:\/\/hostalesniu.com\/wp-content\/uploads\/2022\/02\/HostalEsNiu_Ext_10.jpg\" class=\"attachment-full\" alt=\"\" title=\"HostalEsNiu_Ext_10\" srcset=\"https:\/\/hostalesniu.com\/wp-content\/uploads\/2022\/02\/HostalEsNiu_Ext_10.jpg 656w, https:\/\/hostalesniu.com\/wp-content\/uploads\/2022\/02\/HostalEsNiu_Ext_10-200x300.jpg 200w\" sizes=\"auto, (max-width: 656px) 100vw, 656px\" \/><\/div><div class=\"single_image wpb_content_element align-left    \" data-animation=\"none\" data-delay=\"0\"><img loading=\"lazy\" decoding=\"async\" width=\"682\" height=\"1024\" src=\"https:\/\/hostalesniu.com\/wp-content\/uploads\/2025\/06\/EsNiu-F0625-WL-23.jpg\" class=\"attachment-full\" alt=\"\" title=\"EsNiu-F0625-WL-23\" srcset=\"https:\/\/hostalesniu.com\/wp-content\/uploads\/2025\/06\/EsNiu-F0625-WL-23.jpg 682w, https:\/\/hostalesniu.com\/wp-content\/uploads\/2025\/06\/EsNiu-F0625-WL-23-200x300.jpg 200w\" sizes=\"auto, (max-width: 682px) 100vw, 682px\" \/><\/div><div class=\"single_image wpb_content_element align-left    \" data-animation=\"none\" data-delay=\"0\"><img loading=\"lazy\" decoding=\"async\" width=\"682\" height=\"1024\" src=\"https:\/\/hostalesniu.com\/wp-content\/uploads\/2025\/06\/EsNiu-F0625-WL-24.jpg\" class=\"attachment-full\" alt=\"\" title=\"EsNiu-F0625-WL-24\" srcset=\"https:\/\/hostalesniu.com\/wp-content\/uploads\/2025\/06\/EsNiu-F0625-WL-24.jpg 682w, https:\/\/hostalesniu.com\/wp-content\/uploads\/2025\/06\/EsNiu-F0625-WL-24-200x300.jpg 200w\" sizes=\"auto, (max-width: 682px) 100vw, 682px\" \/><\/div><\/div>[\/vc_column][\/vc_row][vc_row][vc_column width=\u00a0\u00bb1\/1&Prime;]<div class=\"spacer\" style=\"height: 80px;\"><\/div>[\/vc_column][\/vc_row][vc_row][vc_column width=\u00a0\u00bb2\/5&Prime;][vc_column_text]<\/p>\n<h1 class=\"font-special\"><span style=\"font-size: 36pt;\">Palafrugell +<\/span><\/h1>\n<p>[\/vc_column_text][\/vc_column][vc_column width=\u00a0\u00bb3\/5&Prime;][vc_column_text]D\u00e9couvrez la Costa Brava \u00e0 travers son histoire et sa culture avec la grande vari\u00e9t\u00e9 d\u2019\u00e9v\u00e9nements, d\u2019itin\u00e9raires et d\u2019espaces culturels dont vous pourrez profiter pendant votre s\u00e9jour dans notre hostal. De plus, vous pouvez acheter le billet \u00ab Palafrugell + \u00bb dans notre \u00e9tablissement, qui vous permettra d\u2019acc\u00e9der aux principaux espaces culturels de la ville pour un prix r\u00e9duit de 10 \u20ac.[\/vc_column_text]<a href=\"https:\/\/plus.palafrugell.cat\/fr\/\" target=\"_blank\" class=\"button color-3 large \" style=\"border-radius: 15px;\">ACHETER<\/a>[\/vc_column][\/vc_row][vc_row][vc_column width=\u00a0\u00bb1\/1&Prime;]<div class=\"spacer\" style=\"height: 80px;\"><\/div>[\/vc_column][\/vc_row][vc_row type=\u00a0\u00bbfull_width_section\u00a0\u00bb][vc_column width=\u00a0\u00bb1\/1&Prime;][vc_raw_html]JTNDaWZyYW1lJTIwc3JjJTNEJTIyaHR0cHMlM0ElMkYlMkZ3d3cuZ29vZ2xlLmNvbSUyRm1hcHMlMkZlbWJlZCUzRnBiJTNEJTIxMW0xOCUyMTFtMTIlMjExbTMlMjExZDI5NjguNzQ1NTg3NTYyMzY3NyUyMTJkMy4yMDUwODYyMTU3Mzg1NzElMjEzZDQxLjkxOTgyNzU3MDc4MDI2NCUyMTJtMyUyMTFmMCUyMTJmMCUyMTNmMCUyMTNtMiUyMTFpMTAyNCUyMTJpNzY4JTIxNGYxMy4xJTIxM20zJTIxMW0yJTIxMXMweDEyYmE1MzUwMWNlNzIxNjUlMjUzQTB4ZWRhZmUwODgzM2I5M2YyOCUyMTJzSG9zdGFsJTI1MjBFcyUyNTIwTml1JTIxNWUwJTIxM20yJTIxMXNlcyUyMTJzZXMlMjE0djE2NDY1ODYyNzMxODAlMjE1bTIlMjExc2VzJTIxMnNlcyUyMiUyMGZyYW1lYm9yZGVyJTNEJTIyMCUyMiUyMHN0eWxlJTNEJTIyYm9yZGVyJTNBMCUzQndpZHRoJTNBMTAwJTI1JTNCaGVpZ2h0JTNBNDAwcHglM0IlMjJhbGxvd2Z1bGxzY3JlZW4lM0QlMjIlMjIlMjBhcmlhLWhpZGRlbiUzRCUyMmZhbHNlJTIyJTIwdGFiaW5kZXglM0QlMjIwJTIyJTNFJTNDJTJGaWZyYW1lJTNFJTBB[\/vc_raw_html][\/vc_column][\/vc_row][vc_row][vc_column width=\u00a0\u00bb1\/1&Prime;]<div class=\"spacer\" style=\"height: 80px;\"><\/div>[\/vc_column][\/vc_row][vc_row][vc_column width=\u00a0\u00bb2\/5&Prime;][vc_column_text]<\/p>\n<h1 class=\"font-special\"><span style=\"font-size: 36pt;\">Contact<\/span><\/h1>\n<p>[\/vc_column_text][vc_column_text]<\/p>\n<h5>Vous souhaitez plus d\u2019informations?<\/h5>\n<p>[\/vc_column_text][\/vc_column][vc_column width=\u00a0\u00bb3\/5&Prime;][vc_column_text]Nous nous engageons \u00e0 vous offrir un service de qualit\u00e9 et personnalis\u00e9. Vous envisagez une escapade en couple, en famille, entre amis, avec votre entreprise? Appelez-nous ou contactez-nous et nous vous donnerons tous les d\u00e9tails.[\/vc_column_text]<a href=\"https:\/\/hostalesniu.com\/fr\/contact\/\" target=\"_self\" class=\"button color-3 large \" style=\"border-radius: 15px;\">CONTACTER<\/a>[\/vc_column][\/vc_row][vc_row][vc_column width=\u00a0\u00bb1\/1&Prime;]<div class=\"spacer\" style=\"height: 80px;\"><\/div>[\/vc_column][\/vc_row]<\/p>\n<\/div>","protected":false},"excerpt":{"rendered":"<p>[vc_row type=\u00a0\u00bbfull_width_section\u00a0\u00bb bg_color=\u00a0\u00bb#a89783&Prime;][vc_column width=\u00a0\u00bb1\/1&Prime;][vc_raw_html]JTNDZGl2JTIwaWQlM0QlMjJpbnNlcnRCYXIlMjIlM0UlM0MlMkZkaXYlM0U=[\/vc_raw_html][\/vc_column][\/vc_row][vc_row][vc_column width=\u00a0\u00bb1\/1&Prime;][\/vc_column][\/vc_row][vc_row][vc_column width=\u00a0\u00bb2\/5&Prime;][vc_column_text] Tamariu [\/vc_column_text][vc_column_text] Costa Brava [\/vc_column_text][\/vc_column][vc_column width=\u00a0\u00bb3\/5&Prime;][vc_column_text]Ancien village de p\u00eacheurs de la commune de Palafrugell, d\u2019une grande beaut\u00e9 et tranquillit\u00e9, avec des rues \u00e9troites, des maisons blanches et peu de population. La v\u00e9g\u00e9tation exub\u00e9rante ; les plages de sable dor\u00e9 et d\u2019eau cristalline ; les rochers et falaises sauvages composent le paysage naturel de ce petit coin de la Costa Brava. D\u00e9couverte des espaces naturels, loisirs et sports se marient bien avec votre s\u00e9jour \u00e0 Tamariu. Suivre la c\u00f4te en kayak ou en bateau, randonner le long des Caminos de Ronda, ou tout simplement se baigner dans ses eaux cristallines, sont quelques-unes des activit\u00e9s que nous propose ce petit paradis.[\/vc_column_text][\/vc_column][\/vc_row][vc_row][vc_column width=\u00a0\u00bb1\/1&Prime;][\/vc_column][\/vc_row][vc_row][vc_column width=\u00a0\u00bb1\/1&Prime;][\/vc_column][\/vc_row][vc_row][vc_column width=\u00a0\u00bb1\/1&Prime;][\/vc_column][\/vc_row][vc_row][vc_column width=\u00a0\u00bb2\/5&Prime;][vc_column_text] Palafrugell + [\/vc_column_text][\/vc_column][vc_column width=\u00a0\u00bb3\/5&Prime;][vc_column_text]D\u00e9couvrez la Costa Brava \u00e0 travers son histoire et sa culture avec la grande vari\u00e9t\u00e9 d\u2019\u00e9v\u00e9nements, d\u2019itin\u00e9raires et d\u2019espaces culturels dont vous pourrez profiter pendant votre s\u00e9jour dans notre hostal. De plus, vous pouvez acheter le billet \u00ab Palafrugell + \u00bb dans notre \u00e9tablissement, qui vous permettra d\u2019acc\u00e9der aux principaux espaces culturels de la ville pour un prix r\u00e9duit de 10 \u20ac.[\/vc_column_text][\/vc_column][\/vc_row][vc_row][vc_column width=\u00a0\u00bb1\/1&Prime;][\/vc_column][\/vc_row][vc_row type=\u00a0\u00bbfull_width_section\u00a0\u00bb][vc_column width=\u00a0\u00bb1\/1&Prime;][vc_raw_html]JTNDaWZyYW1lJTIwc3JjJTNEJTIyaHR0cHMlM0ElMkYlMkZ3d3cuZ29vZ2xlLmNvbSUyRm1hcHMlMkZlbWJlZCUzRnBiJTNEJTIxMW0xOCUyMTFtMTIlMjExbTMlMjExZDI5NjguNzQ1NTg3NTYyMzY3NyUyMTJkMy4yMDUwODYyMTU3Mzg1NzElMjEzZDQxLjkxOTgyNzU3MDc4MDI2NCUyMTJtMyUyMTFmMCUyMTJmMCUyMTNmMCUyMTNtMiUyMTFpMTAyNCUyMTJpNzY4JTIxNGYxMy4xJTIxM20zJTIxMW0yJTIxMXMweDEyYmE1MzUwMWNlNzIxNjUlMjUzQTB4ZWRhZmUwODgzM2I5M2YyOCUyMTJzSG9zdGFsJTI1MjBFcyUyNTIwTml1JTIxNWUwJTIxM20yJTIxMXNlcyUyMTJzZXMlMjE0djE2NDY1ODYyNzMxODAlMjE1bTIlMjExc2VzJTIxMnNlcyUyMiUyMGZyYW1lYm9yZGVyJTNEJTIyMCUyMiUyMHN0eWxlJTNEJTIyYm9yZGVyJTNBMCUzQndpZHRoJTNBMTAwJTI1JTNCaGVpZ2h0JTNBNDAwcHglM0IlMjJhbGxvd2Z1bGxzY3JlZW4lM0QlMjIlMjIlMjBhcmlhLWhpZGRlbiUzRCUyMmZhbHNlJTIyJTIwdGFiaW5kZXglM0QlMjIwJTIyJTNFJTNDJTJGaWZyYW1lJTNFJTBB[\/vc_raw_html][\/vc_column][\/vc_row][vc_row][vc_column width=\u00a0\u00bb1\/1&Prime;][\/vc_column][\/vc_row][vc_row][vc_column width=\u00a0\u00bb2\/5&Prime;][vc_column_text] Contact [\/vc_column_text][vc_column_text] Vous souhaitez plus d\u2019informations? [\/vc_column_text][\/vc_column][vc_column width=\u00a0\u00bb3\/5&Prime;][vc_column_text]Nous nous engageons \u00e0 [&hellip;]<\/p>\n","protected":false},"author":3,"featured_media":0,"parent":0,"menu_order":0,"comment_status":"closed","ping_status":"closed","template":"","meta":{"footnotes":""},"class_list":["post-20323","page","type-page","status-publish","hentry"],"_links":{"self":[{"href":"https:\/\/hostalesniu.com\/fr\/wp-json\/wp\/v2\/pages\/20323","targetHints":{"allow":["GET"]}}],"collection":[{"href":"https:\/\/hostalesniu.com\/fr\/wp-json\/wp\/v2\/pages"}],"about":[{"href":"https:\/\/hostalesniu.com\/fr\/wp-json\/wp\/v2\/types\/page"}],"author":[{"embeddable":true,"href":"https:\/\/hostalesniu.com\/fr\/wp-json\/wp\/v2\/users\/3"}],"replies":[{"embeddable":true,"href":"https:\/\/hostalesniu.com\/fr\/wp-json\/wp\/v2\/comments?post=20323"}],"version-history":[{"count":9,"href":"https:\/\/hostalesniu.com\/fr\/wp-json\/wp\/v2\/pages\/20323\/revisions"}],"predecessor-version":[{"id":22219,"href":"https:\/\/hostalesniu.com\/fr\/wp-json\/wp\/v2\/pages\/20323\/revisions\/22219"}],"wp:attachment":[{"href":"https:\/\/hostalesniu.com\/fr\/wp-json\/wp\/v2\/media?parent=20323"}],"curies":[{"name":"wp","href":"https:\/\/api.w.org\/{rel}","templated":true}]}}