{"id":20338,"date":"2021-02-06T19:45:47","date_gmt":"2021-02-06T19:45:47","guid":{"rendered":"https:\/\/hostalesniu.com\/hostal\/"},"modified":"2025-06-12T10:12:13","modified_gmt":"2025-06-12T10:12:13","slug":"hostal","status":"publish","type":"page","link":"https:\/\/hostalesniu.com\/fr\/hostal\/","title":{"rendered":"Hostal"},"content":{"rendered":"<div class=\"wpb-content-wrapper\"><p>[vc_row type=\u00a0\u00bbfull_width_section\u00a0\u00bb bg_color=\u00a0\u00bb#a89783&Prime;][vc_column width=\u00a0\u00bb1\/1&Prime;][vc_raw_html]JTNDZGl2JTIwaWQlM0QlMjJpbnNlcnRCYXIlMjIlM0UlM0MlMkZkaXYlM0U=[\/vc_raw_html][\/vc_column][\/vc_row][vc_row][vc_column width=\u00a0\u00bb1\/1&Prime;]<div class=\"spacer\" style=\"height: 80px;\"><\/div>[\/vc_column][\/vc_row][vc_row][vc_column width=\u00a0\u00bb2\/5&Prime;][vc_column_text]<\/p>\n<h1 class=\"font-special\"><span style=\"font-size: 36pt;\">Hostal Es Niu<\/span><\/h1>\n<p>[\/vc_column_text][vc_column_text]<\/p>\n<h5>Refuge M\u00e9diterran\u00e9en<\/h5>\n<p>[\/vc_column_text][\/vc_column][vc_column width=\u00a0\u00bb3\/5&Prime;][vc_column_text]Traitement personnel, attention et cordialit\u00e9 pour satisfaire vos besoins et vous faire sentir comme chez vous. Nous travaillons chaque jour pour consolider nos origines, offrant une exp\u00e9rience unique.<\/p>\n<p>Nous voulons que vous profitiez avec enthousiasme d\u2019un refuge m\u00e9diterran\u00e9en, avec une atmosph\u00e8re calme et sereine sur la Costa Brava, \u00e0 deux pas de nombreuses activit\u00e9s de loisirs.[\/vc_column_text][\/vc_column][\/vc_row][vc_row][vc_column width=\u00a0\u00bb1\/1&Prime;]<div class=\"spacer\" style=\"height: 80px;\"><\/div>[\/vc_column][\/vc_row][vc_row][vc_column width=\u00a0\u00bb1\/1&Prime;]<div class=\"minti_carousel  grab-false dots\" data-columns=\"3\" data-tabletcolumns=\"3\" data-nav=\"true\" data-pagination=\"true\" data-autoplay=\"false\" data-animationtime=\"4000\"><div class=\"single_image wpb_content_element align-left    \" data-animation=\"none\" data-delay=\"0\"><img loading=\"lazy\" decoding=\"async\" width=\"681\" height=\"1024\" src=\"https:\/\/hostalesniu.com\/wp-content\/uploads\/2025\/06\/EsNiu-F0625-WL-81.jpg\" class=\"attachment-full\" alt=\"\" title=\"EsNiu-F0625-WL-81\" srcset=\"https:\/\/hostalesniu.com\/wp-content\/uploads\/2025\/06\/EsNiu-F0625-WL-81.jpg 681w, https:\/\/hostalesniu.com\/wp-content\/uploads\/2025\/06\/EsNiu-F0625-WL-81-200x300.jpg 200w\" sizes=\"auto, (max-width: 681px) 100vw, 681px\" \/><\/div><div class=\"single_image wpb_content_element align-left    \" data-animation=\"none\" data-delay=\"0\"><img loading=\"lazy\" decoding=\"async\" width=\"682\" height=\"1024\" src=\"https:\/\/hostalesniu.com\/wp-content\/uploads\/2025\/06\/EsNiu-F0625-WL-30.jpg\" class=\"attachment-full\" alt=\"\" title=\"EsNiu-F0625-WL-30\" srcset=\"https:\/\/hostalesniu.com\/wp-content\/uploads\/2025\/06\/EsNiu-F0625-WL-30.jpg 682w, https:\/\/hostalesniu.com\/wp-content\/uploads\/2025\/06\/EsNiu-F0625-WL-30-200x300.jpg 200w\" sizes=\"auto, (max-width: 682px) 100vw, 682px\" \/><\/div><div class=\"single_image wpb_content_element align-left    \" data-animation=\"none\" data-delay=\"0\"><img loading=\"lazy\" decoding=\"async\" width=\"682\" height=\"1024\" src=\"https:\/\/hostalesniu.com\/wp-content\/uploads\/2025\/06\/EsNiu-F0625-WL-29.jpg\" class=\"attachment-full\" alt=\"\" title=\"EsNiu-F0625-WL-29\" srcset=\"https:\/\/hostalesniu.com\/wp-content\/uploads\/2025\/06\/EsNiu-F0625-WL-29.jpg 682w, https:\/\/hostalesniu.com\/wp-content\/uploads\/2025\/06\/EsNiu-F0625-WL-29-200x300.jpg 200w\" sizes=\"auto, (max-width: 682px) 100vw, 682px\" \/><\/div><div class=\"single_image wpb_content_element align-left    \" data-animation=\"none\" data-delay=\"0\"><img loading=\"lazy\" decoding=\"async\" width=\"984\" height=\"1478\" src=\"https:\/\/hostalesniu.com\/wp-content\/uploads\/2022\/06\/HEsNiu-7.jpg\" class=\"attachment-full\" alt=\"\" title=\"HEsNiu-7\" srcset=\"https:\/\/hostalesniu.com\/wp-content\/uploads\/2022\/06\/HEsNiu-7.jpg 984w, https:\/\/hostalesniu.com\/wp-content\/uploads\/2022\/06\/HEsNiu-7-200x300.jpg 200w, https:\/\/hostalesniu.com\/wp-content\/uploads\/2022\/06\/HEsNiu-7-682x1024.jpg 682w, https:\/\/hostalesniu.com\/wp-content\/uploads\/2022\/06\/HEsNiu-7-768x1154.jpg 768w\" sizes=\"auto, (max-width: 984px) 100vw, 984px\" \/><\/div><div class=\"single_image wpb_content_element align-left    \" data-animation=\"none\" data-delay=\"0\"><img loading=\"lazy\" decoding=\"async\" width=\"682\" height=\"1024\" src=\"https:\/\/hostalesniu.com\/wp-content\/uploads\/2025\/06\/EsNiu-F0625-WL-33.jpg\" class=\"attachment-full\" alt=\"\" title=\"EsNiu-F0625-WL-33\" srcset=\"https:\/\/hostalesniu.com\/wp-content\/uploads\/2025\/06\/EsNiu-F0625-WL-33.jpg 682w, https:\/\/hostalesniu.com\/wp-content\/uploads\/2025\/06\/EsNiu-F0625-WL-33-200x300.jpg 200w\" sizes=\"auto, (max-width: 682px) 100vw, 682px\" \/><\/div><div class=\"single_image wpb_content_element align-left    \" data-animation=\"none\" data-delay=\"0\"><img loading=\"lazy\" decoding=\"async\" width=\"682\" height=\"1024\" src=\"https:\/\/hostalesniu.com\/wp-content\/uploads\/2025\/06\/EsNiu-F0625-WL-170.jpg\" class=\"attachment-full\" alt=\"\" title=\"EsNiu-F0625-WL-170\" srcset=\"https:\/\/hostalesniu.com\/wp-content\/uploads\/2025\/06\/EsNiu-F0625-WL-170.jpg 682w, https:\/\/hostalesniu.com\/wp-content\/uploads\/2025\/06\/EsNiu-F0625-WL-170-200x300.jpg 200w\" sizes=\"auto, (max-width: 682px) 100vw, 682px\" \/><\/div><div class=\"single_image wpb_content_element align-left    \" data-animation=\"none\" data-delay=\"0\"><img loading=\"lazy\" decoding=\"async\" width=\"682\" height=\"1024\" src=\"https:\/\/hostalesniu.com\/wp-content\/uploads\/2025\/06\/EsNiu-F0625-WL-171.jpg\" class=\"attachment-full\" alt=\"\" title=\"EsNiu-F0625-WL-171\" srcset=\"https:\/\/hostalesniu.com\/wp-content\/uploads\/2025\/06\/EsNiu-F0625-WL-171.jpg 682w, https:\/\/hostalesniu.com\/wp-content\/uploads\/2025\/06\/EsNiu-F0625-WL-171-200x300.jpg 200w\" sizes=\"auto, (max-width: 682px) 100vw, 682px\" \/><\/div><div class=\"single_image wpb_content_element align-left    \" data-animation=\"none\" data-delay=\"0\"><img loading=\"lazy\" decoding=\"async\" width=\"682\" height=\"1024\" src=\"https:\/\/hostalesniu.com\/wp-content\/uploads\/2025\/06\/EsNiu-F0625-WL-167.jpg\" class=\"attachment-full\" alt=\"\" title=\"EsNiu-F0625-WL-167\" srcset=\"https:\/\/hostalesniu.com\/wp-content\/uploads\/2025\/06\/EsNiu-F0625-WL-167.jpg 682w, https:\/\/hostalesniu.com\/wp-content\/uploads\/2025\/06\/EsNiu-F0625-WL-167-200x300.jpg 200w\" sizes=\"auto, (max-width: 682px) 100vw, 682px\" \/><\/div><div class=\"single_image wpb_content_element align-left    \" data-animation=\"none\" data-delay=\"0\"><img loading=\"lazy\" decoding=\"async\" width=\"682\" height=\"1024\" src=\"https:\/\/hostalesniu.com\/wp-content\/uploads\/2025\/06\/EsNiu-F0625-WL-179.jpg\" class=\"attachment-full\" alt=\"\" title=\"EsNiu-F0625-WL-179\" srcset=\"https:\/\/hostalesniu.com\/wp-content\/uploads\/2025\/06\/EsNiu-F0625-WL-179.jpg 682w, https:\/\/hostalesniu.com\/wp-content\/uploads\/2025\/06\/EsNiu-F0625-WL-179-200x300.jpg 200w\" sizes=\"auto, (max-width: 682px) 100vw, 682px\" \/><\/div><div class=\"single_image wpb_content_element align-left    \" data-animation=\"none\" data-delay=\"0\"><img loading=\"lazy\" decoding=\"async\" width=\"681\" height=\"1024\" src=\"https:\/\/hostalesniu.com\/wp-content\/uploads\/2025\/06\/EsNiu-F0625-WL-308.jpg\" class=\"attachment-full\" alt=\"\" title=\"EsNiu-F0625-WL-308\" srcset=\"https:\/\/hostalesniu.com\/wp-content\/uploads\/2025\/06\/EsNiu-F0625-WL-308.jpg 681w, https:\/\/hostalesniu.com\/wp-content\/uploads\/2025\/06\/EsNiu-F0625-WL-308-200x300.jpg 200w\" sizes=\"auto, (max-width: 681px) 100vw, 681px\" \/><\/div><div class=\"single_image wpb_content_element align-left    \" data-animation=\"none\" data-delay=\"0\"><img loading=\"lazy\" decoding=\"async\" width=\"681\" height=\"1024\" src=\"https:\/\/hostalesniu.com\/wp-content\/uploads\/2025\/06\/EsNiu-F0625-WL-287.jpg\" class=\"attachment-full\" alt=\"\" title=\"EsNiu-F0625-WL-287\" srcset=\"https:\/\/hostalesniu.com\/wp-content\/uploads\/2025\/06\/EsNiu-F0625-WL-287.jpg 681w, https:\/\/hostalesniu.com\/wp-content\/uploads\/2025\/06\/EsNiu-F0625-WL-287-200x300.jpg 200w\" sizes=\"auto, (max-width: 681px) 100vw, 681px\" \/><\/div><\/div>[\/vc_column][\/vc_row][vc_row][vc_column width=\u00a0\u00bb1\/1&Prime;]<div class=\"spacer\" style=\"height: 80px;\"><\/div>[\/vc_column][\/vc_row][vc_row][vc_column width=\u00a0\u00bb2\/5&Prime;][vc_column_text]<\/p>\n<h1 class=\"font-special\"><span style=\"font-size: 36pt;\">Origine<\/span><\/h1>\n<p>[\/vc_column_text][vc_column_text]<\/p>\n<h5>Pourquoi Es Niu?<\/h5>\n<p>[\/vc_column_text][\/vc_column][vc_column width=\u00a0\u00bb3\/5&Prime;][vc_column_text]Es Niu domine la ville depuis les collines verdoyantes de Tamarindos, dont les arbres, comme on le sent, ont donn\u00e9 son nom \u00e0 Tamariu.<\/p>\n<p>L&rsquo;auberge porte le nom du plus ancien plat de Palafrugell. La recette originale \u00e9tait compos\u00e9e de morue, d&rsquo;\u0153uf dur et de pommes de terre. Au fil des ans, les p\u00eacheurs y ajoutaient de la seiche et d&rsquo;autres ingr\u00e9dients. C&rsquo;\u00e9tait le plat mijot\u00e9 que les p\u00eacheurs d\u00e9gustaient souvent dans leurs casernes.[\/vc_column_text][\/vc_column][\/vc_row][vc_row][vc_column width=\u00a0\u00bb1\/1&Prime;]<div class=\"spacer\" style=\"height: 80px;\"><\/div>[\/vc_column][\/vc_row][vc_row][vc_column width=\u00a0\u00bb1\/1&Prime;]<div class=\"minti_carousel  grab-false dots\" data-columns=\"2\" data-tabletcolumns=\"2\" data-nav=\"true\" data-pagination=\"true\" data-autoplay=\"false\" data-animationtime=\"4000\"><div class=\"single_image wpb_content_element align-left    \" data-animation=\"none\" data-delay=\"0\"><img loading=\"lazy\" decoding=\"async\" width=\"1024\" height=\"681\" src=\"https:\/\/hostalesniu.com\/wp-content\/uploads\/2025\/06\/EsNiu-F0625-WL-187.jpg\" class=\"attachment-full\" alt=\"\" title=\"EsNiu-F0625-WL-187\" srcset=\"https:\/\/hostalesniu.com\/wp-content\/uploads\/2025\/06\/EsNiu-F0625-WL-187.jpg 1024w, https:\/\/hostalesniu.com\/wp-content\/uploads\/2025\/06\/EsNiu-F0625-WL-187-300x200.jpg 300w, https:\/\/hostalesniu.com\/wp-content\/uploads\/2025\/06\/EsNiu-F0625-WL-187-768x511.jpg 768w, https:\/\/hostalesniu.com\/wp-content\/uploads\/2025\/06\/EsNiu-F0625-WL-187-600x400.jpg 600w\" sizes=\"auto, (max-width: 1024px) 100vw, 1024px\" \/><\/div><div class=\"single_image wpb_content_element align-left    \" data-animation=\"none\" data-delay=\"0\"><img loading=\"lazy\" decoding=\"async\" width=\"1024\" height=\"681\" src=\"https:\/\/hostalesniu.com\/wp-content\/uploads\/2025\/06\/EsNiu-F0625-WL-288.jpg\" class=\"attachment-full\" alt=\"\" title=\"EsNiu-F0625-WL-288\" srcset=\"https:\/\/hostalesniu.com\/wp-content\/uploads\/2025\/06\/EsNiu-F0625-WL-288.jpg 1024w, https:\/\/hostalesniu.com\/wp-content\/uploads\/2025\/06\/EsNiu-F0625-WL-288-300x200.jpg 300w, https:\/\/hostalesniu.com\/wp-content\/uploads\/2025\/06\/EsNiu-F0625-WL-288-768x511.jpg 768w, https:\/\/hostalesniu.com\/wp-content\/uploads\/2025\/06\/EsNiu-F0625-WL-288-600x400.jpg 600w\" sizes=\"auto, (max-width: 1024px) 100vw, 1024px\" \/><\/div><div class=\"single_image wpb_content_element align-left    \" data-animation=\"none\" data-delay=\"0\"><img loading=\"lazy\" decoding=\"async\" width=\"1024\" height=\"682\" src=\"https:\/\/hostalesniu.com\/wp-content\/uploads\/2025\/06\/EsNiu-F0625-WL-166.jpg\" class=\"attachment-full\" alt=\"\" title=\"EsNiu-F0625-WL-166\" srcset=\"https:\/\/hostalesniu.com\/wp-content\/uploads\/2025\/06\/EsNiu-F0625-WL-166.jpg 1024w, https:\/\/hostalesniu.com\/wp-content\/uploads\/2025\/06\/EsNiu-F0625-WL-166-300x200.jpg 300w, https:\/\/hostalesniu.com\/wp-content\/uploads\/2025\/06\/EsNiu-F0625-WL-166-768x512.jpg 768w, https:\/\/hostalesniu.com\/wp-content\/uploads\/2025\/06\/EsNiu-F0625-WL-166-600x400.jpg 600w\" sizes=\"auto, (max-width: 1024px) 100vw, 1024px\" \/><\/div><div class=\"single_image wpb_content_element align-left    \" data-animation=\"none\" data-delay=\"0\"><img loading=\"lazy\" decoding=\"async\" width=\"1024\" height=\"682\" src=\"https:\/\/hostalesniu.com\/wp-content\/uploads\/2025\/06\/EsNiu-F0625-WL-34.jpg\" class=\"attachment-full\" alt=\"\" title=\"EsNiu-F0625-WL-34\" srcset=\"https:\/\/hostalesniu.com\/wp-content\/uploads\/2025\/06\/EsNiu-F0625-WL-34.jpg 1024w, https:\/\/hostalesniu.com\/wp-content\/uploads\/2025\/06\/EsNiu-F0625-WL-34-300x200.jpg 300w, https:\/\/hostalesniu.com\/wp-content\/uploads\/2025\/06\/EsNiu-F0625-WL-34-768x512.jpg 768w, https:\/\/hostalesniu.com\/wp-content\/uploads\/2025\/06\/EsNiu-F0625-WL-34-600x400.jpg 600w\" sizes=\"auto, (max-width: 1024px) 100vw, 1024px\" \/><\/div><div class=\"single_image wpb_content_element align-left    \" data-animation=\"none\" data-delay=\"0\"><img loading=\"lazy\" decoding=\"async\" width=\"1024\" height=\"682\" src=\"https:\/\/hostalesniu.com\/wp-content\/uploads\/2025\/06\/EsNiu-F0625-WL-149.jpg\" class=\"attachment-full\" alt=\"\" title=\"EsNiu-F0625-WL-149\" srcset=\"https:\/\/hostalesniu.com\/wp-content\/uploads\/2025\/06\/EsNiu-F0625-WL-149.jpg 1024w, https:\/\/hostalesniu.com\/wp-content\/uploads\/2025\/06\/EsNiu-F0625-WL-149-300x200.jpg 300w, https:\/\/hostalesniu.com\/wp-content\/uploads\/2025\/06\/EsNiu-F0625-WL-149-768x512.jpg 768w, https:\/\/hostalesniu.com\/wp-content\/uploads\/2025\/06\/EsNiu-F0625-WL-149-600x400.jpg 600w\" sizes=\"auto, (max-width: 1024px) 100vw, 1024px\" \/><\/div><div class=\"single_image wpb_content_element align-left    \" data-animation=\"none\" data-delay=\"0\"><img loading=\"lazy\" decoding=\"async\" width=\"1024\" height=\"682\" src=\"https:\/\/hostalesniu.com\/wp-content\/uploads\/2025\/06\/EsNiu-F0625-WL-182.jpg\" class=\"attachment-full\" alt=\"\" title=\"EsNiu-F0625-WL-182\" srcset=\"https:\/\/hostalesniu.com\/wp-content\/uploads\/2025\/06\/EsNiu-F0625-WL-182.jpg 1024w, https:\/\/hostalesniu.com\/wp-content\/uploads\/2025\/06\/EsNiu-F0625-WL-182-300x200.jpg 300w, https:\/\/hostalesniu.com\/wp-content\/uploads\/2025\/06\/EsNiu-F0625-WL-182-768x512.jpg 768w, https:\/\/hostalesniu.com\/wp-content\/uploads\/2025\/06\/EsNiu-F0625-WL-182-600x400.jpg 600w\" sizes=\"auto, (max-width: 1024px) 100vw, 1024px\" \/><\/div><div class=\"single_image wpb_content_element align-left    \" data-animation=\"none\" data-delay=\"0\"><img loading=\"lazy\" decoding=\"async\" width=\"1024\" height=\"681\" src=\"https:\/\/hostalesniu.com\/wp-content\/uploads\/2025\/06\/EsNiu-F0625-WL-212.jpg\" class=\"attachment-full\" alt=\"\" title=\"EsNiu-F0625-WL-212\" srcset=\"https:\/\/hostalesniu.com\/wp-content\/uploads\/2025\/06\/EsNiu-F0625-WL-212.jpg 1024w, https:\/\/hostalesniu.com\/wp-content\/uploads\/2025\/06\/EsNiu-F0625-WL-212-300x200.jpg 300w, https:\/\/hostalesniu.com\/wp-content\/uploads\/2025\/06\/EsNiu-F0625-WL-212-768x511.jpg 768w, https:\/\/hostalesniu.com\/wp-content\/uploads\/2025\/06\/EsNiu-F0625-WL-212-600x400.jpg 600w\" sizes=\"auto, (max-width: 1024px) 100vw, 1024px\" \/><\/div><div class=\"single_image wpb_content_element align-left    \" data-animation=\"none\" data-delay=\"0\"><img loading=\"lazy\" decoding=\"async\" width=\"1024\" height=\"681\" src=\"https:\/\/hostalesniu.com\/wp-content\/uploads\/2025\/06\/EsNiu-F0625-WL-291.jpg\" class=\"attachment-full\" alt=\"\" title=\"EsNiu-F0625-WL-291\" srcset=\"https:\/\/hostalesniu.com\/wp-content\/uploads\/2025\/06\/EsNiu-F0625-WL-291.jpg 1024w, https:\/\/hostalesniu.com\/wp-content\/uploads\/2025\/06\/EsNiu-F0625-WL-291-300x200.jpg 300w, https:\/\/hostalesniu.com\/wp-content\/uploads\/2025\/06\/EsNiu-F0625-WL-291-768x511.jpg 768w, https:\/\/hostalesniu.com\/wp-content\/uploads\/2025\/06\/EsNiu-F0625-WL-291-600x400.jpg 600w\" sizes=\"auto, (max-width: 1024px) 100vw, 1024px\" \/><\/div><div class=\"single_image wpb_content_element align-left    \" data-animation=\"none\" data-delay=\"0\"><img loading=\"lazy\" decoding=\"async\" width=\"1024\" height=\"681\" src=\"https:\/\/hostalesniu.com\/wp-content\/uploads\/2025\/06\/EsNiu-F0625-WL-294.jpg\" class=\"attachment-full\" alt=\"\" title=\"EsNiu-F0625-WL-294\" srcset=\"https:\/\/hostalesniu.com\/wp-content\/uploads\/2025\/06\/EsNiu-F0625-WL-294.jpg 1024w, https:\/\/hostalesniu.com\/wp-content\/uploads\/2025\/06\/EsNiu-F0625-WL-294-300x200.jpg 300w, https:\/\/hostalesniu.com\/wp-content\/uploads\/2025\/06\/EsNiu-F0625-WL-294-768x511.jpg 768w, https:\/\/hostalesniu.com\/wp-content\/uploads\/2025\/06\/EsNiu-F0625-WL-294-600x400.jpg 600w\" sizes=\"auto, (max-width: 1024px) 100vw, 1024px\" \/><\/div><div class=\"single_image wpb_content_element align-left    \" data-animation=\"none\" data-delay=\"0\"><img loading=\"lazy\" decoding=\"async\" width=\"1024\" height=\"681\" src=\"https:\/\/hostalesniu.com\/wp-content\/uploads\/2025\/06\/EsNiu-F0625-WL-301.jpg\" class=\"attachment-full\" alt=\"\" title=\"EsNiu-F0625-WL-301\" srcset=\"https:\/\/hostalesniu.com\/wp-content\/uploads\/2025\/06\/EsNiu-F0625-WL-301.jpg 1024w, https:\/\/hostalesniu.com\/wp-content\/uploads\/2025\/06\/EsNiu-F0625-WL-301-300x200.jpg 300w, https:\/\/hostalesniu.com\/wp-content\/uploads\/2025\/06\/EsNiu-F0625-WL-301-768x511.jpg 768w, https:\/\/hostalesniu.com\/wp-content\/uploads\/2025\/06\/EsNiu-F0625-WL-301-600x400.jpg 600w\" sizes=\"auto, (max-width: 1024px) 100vw, 1024px\" \/><\/div><\/div>[\/vc_column][\/vc_row][vc_row][vc_column width=\u00a0\u00bb1\/1&Prime;]<div class=\"spacer\" style=\"height: 80px;\"><\/div>[\/vc_column][\/vc_row][vc_row type=\u00a0\u00bbfull_width_section\u00a0\u00bb][vc_column width=\u00a0\u00bb1\/1&Prime;][vc_raw_html]JTNDaWZyYW1lJTIwc3JjJTNEJTIyaHR0cHMlM0ElMkYlMkZ3d3cuZ29vZ2xlLmNvbSUyRm1hcHMlMkZlbWJlZCUzRnBiJTNEJTIxMW0xOCUyMTFtMTIlMjExbTMlMjExZDI5NjguNzQ1NTg3NTYyMzY3NyUyMTJkMy4yMDUwODYyMTU3Mzg1NzElMjEzZDQxLjkxOTgyNzU3MDc4MDI2NCUyMTJtMyUyMTFmMCUyMTJmMCUyMTNmMCUyMTNtMiUyMTFpMTAyNCUyMTJpNzY4JTIxNGYxMy4xJTIxM20zJTIxMW0yJTIxMXMweDEyYmE1MzUwMWNlNzIxNjUlMjUzQTB4ZWRhZmUwODgzM2I5M2YyOCUyMTJzSG9zdGFsJTI1MjBFcyUyNTIwTml1JTIxNWUwJTIxM20yJTIxMXNlcyUyMTJzZXMlMjE0djE2NDY1ODYyNzMxODAlMjE1bTIlMjExc2VzJTIxMnNlcyUyMiUyMGZyYW1lYm9yZGVyJTNEJTIyMCUyMiUyMHN0eWxlJTNEJTIyYm9yZGVyJTNBMCUzQndpZHRoJTNBMTAwJTI1JTNCaGVpZ2h0JTNBNDAwcHglM0IlMjJhbGxvd2Z1bGxzY3JlZW4lM0QlMjIlMjIlMjBhcmlhLWhpZGRlbiUzRCUyMmZhbHNlJTIyJTIwdGFiaW5kZXglM0QlMjIwJTIyJTNFJTNDJTJGaWZyYW1lJTNFJTBB[\/vc_raw_html][\/vc_column][\/vc_row][vc_row][vc_column width=\u00a0\u00bb1\/1&Prime;]<div class=\"spacer\" style=\"height: 80px;\"><\/div>[\/vc_column][\/vc_row][vc_row][vc_column width=\u00a0\u00bb2\/5&Prime;][vc_column_text]<\/p>\n<h1 class=\"font-special\"><span style=\"font-size: 36pt;\">Contact<\/span><\/h1>\n<p>[\/vc_column_text][vc_column_text]<\/p>\n<h5>Vous souhaitez plus d\u2019informations?<\/h5>\n<p>[\/vc_column_text][\/vc_column][vc_column width=\u00a0\u00bb3\/5&Prime;][vc_column_text]Nous nous engageons \u00e0 vous offrir un service de qualit\u00e9 et personnalis\u00e9. Vous envisagez une escapade en couple, en famille, entre amis, avec votre entreprise? Appelez-nous ou contactez-nous et nous vous donnerons tous les d\u00e9tails.[\/vc_column_text]<a href=\"https:\/\/hostalesniu.com\/fr\/contact\/\" target=\"_self\" class=\"button color-3 large \" style=\"border-radius: 15px;\">CONTACTER<\/a>[\/vc_column][\/vc_row][vc_row][vc_column width=\u00a0\u00bb1\/1&Prime;]<div class=\"spacer\" style=\"height: 80px;\"><\/div>[\/vc_column][\/vc_row]<\/p>\n<\/div>","protected":false},"excerpt":{"rendered":"<p>[vc_row type=\u00a0\u00bbfull_width_section\u00a0\u00bb bg_color=\u00a0\u00bb#a89783&Prime;][vc_column width=\u00a0\u00bb1\/1&Prime;][vc_raw_html]JTNDZGl2JTIwaWQlM0QlMjJpbnNlcnRCYXIlMjIlM0UlM0MlMkZkaXYlM0U=[\/vc_raw_html][\/vc_column][\/vc_row][vc_row][vc_column width=\u00a0\u00bb1\/1&Prime;][\/vc_column][\/vc_row][vc_row][vc_column width=\u00a0\u00bb2\/5&Prime;][vc_column_text] Hostal Es Niu [\/vc_column_text][vc_column_text] Refuge M\u00e9diterran\u00e9en [\/vc_column_text][\/vc_column][vc_column width=\u00a0\u00bb3\/5&Prime;][vc_column_text]Traitement personnel, attention et cordialit\u00e9 pour satisfaire vos besoins et vous faire sentir comme chez vous. Nous travaillons chaque jour pour consolider nos origines, offrant une exp\u00e9rience unique. Nous voulons que vous profitiez avec enthousiasme d\u2019un refuge m\u00e9diterran\u00e9en, avec une atmosph\u00e8re calme et sereine sur la Costa Brava, \u00e0 deux pas de nombreuses activit\u00e9s de loisirs.[\/vc_column_text][\/vc_column][\/vc_row][vc_row][vc_column width=\u00a0\u00bb1\/1&Prime;][\/vc_column][\/vc_row][vc_row][vc_column width=\u00a0\u00bb1\/1&Prime;][\/vc_column][\/vc_row][vc_row][vc_column width=\u00a0\u00bb1\/1&Prime;][\/vc_column][\/vc_row][vc_row][vc_column width=\u00a0\u00bb2\/5&Prime;][vc_column_text] Origine [\/vc_column_text][vc_column_text] Pourquoi Es Niu? [\/vc_column_text][\/vc_column][vc_column width=\u00a0\u00bb3\/5&Prime;][vc_column_text]Es Niu domine la ville depuis les collines verdoyantes de Tamarindos, dont les arbres, comme on le sent, ont donn\u00e9 son nom \u00e0 Tamariu. L&rsquo;auberge porte le nom du plus ancien plat de Palafrugell. La recette originale \u00e9tait compos\u00e9e de morue, d&rsquo;\u0153uf dur et de pommes de terre. Au fil des ans, les p\u00eacheurs y ajoutaient de la seiche et d&rsquo;autres ingr\u00e9dients. C&rsquo;\u00e9tait le plat mijot\u00e9 que les p\u00eacheurs d\u00e9gustaient souvent dans leurs casernes.[\/vc_column_text][\/vc_column][\/vc_row][vc_row][vc_column width=\u00a0\u00bb1\/1&Prime;][\/vc_column][\/vc_row][vc_row][vc_column width=\u00a0\u00bb1\/1&Prime;][\/vc_column][\/vc_row][vc_row][vc_column width=\u00a0\u00bb1\/1&Prime;][\/vc_column][\/vc_row][vc_row type=\u00a0\u00bbfull_width_section\u00a0\u00bb][vc_column width=\u00a0\u00bb1\/1&Prime;][vc_raw_html]JTNDaWZyYW1lJTIwc3JjJTNEJTIyaHR0cHMlM0ElMkYlMkZ3d3cuZ29vZ2xlLmNvbSUyRm1hcHMlMkZlbWJlZCUzRnBiJTNEJTIxMW0xOCUyMTFtMTIlMjExbTMlMjExZDI5NjguNzQ1NTg3NTYyMzY3NyUyMTJkMy4yMDUwODYyMTU3Mzg1NzElMjEzZDQxLjkxOTgyNzU3MDc4MDI2NCUyMTJtMyUyMTFmMCUyMTJmMCUyMTNmMCUyMTNtMiUyMTFpMTAyNCUyMTJpNzY4JTIxNGYxMy4xJTIxM20zJTIxMW0yJTIxMXMweDEyYmE1MzUwMWNlNzIxNjUlMjUzQTB4ZWRhZmUwODgzM2I5M2YyOCUyMTJzSG9zdGFsJTI1MjBFcyUyNTIwTml1JTIxNWUwJTIxM20yJTIxMXNlcyUyMTJzZXMlMjE0djE2NDY1ODYyNzMxODAlMjE1bTIlMjExc2VzJTIxMnNlcyUyMiUyMGZyYW1lYm9yZGVyJTNEJTIyMCUyMiUyMHN0eWxlJTNEJTIyYm9yZGVyJTNBMCUzQndpZHRoJTNBMTAwJTI1JTNCaGVpZ2h0JTNBNDAwcHglM0IlMjJhbGxvd2Z1bGxzY3JlZW4lM0QlMjIlMjIlMjBhcmlhLWhpZGRlbiUzRCUyMmZhbHNlJTIyJTIwdGFiaW5kZXglM0QlMjIwJTIyJTNFJTNDJTJGaWZyYW1lJTNFJTBB[\/vc_raw_html][\/vc_column][\/vc_row][vc_row][vc_column width=\u00a0\u00bb1\/1&Prime;][\/vc_column][\/vc_row][vc_row][vc_column width=\u00a0\u00bb2\/5&Prime;][vc_column_text] Contact [\/vc_column_text][vc_column_text] Vous souhaitez plus d\u2019informations? [\/vc_column_text][\/vc_column][vc_column width=\u00a0\u00bb3\/5&Prime;][vc_column_text]Nous nous engageons \u00e0 vous offrir un service de qualit\u00e9 et personnalis\u00e9. Vous envisagez une escapade en couple, en famille, entre amis, avec votre entreprise? Appelez-nous ou contactez-nous et nous vous donnerons tous [&hellip;]<\/p>\n","protected":false},"author":3,"featured_media":0,"parent":0,"menu_order":0,"comment_status":"closed","ping_status":"closed","template":"","meta":{"footnotes":""},"class_list":["post-20338","page","type-page","status-publish","hentry"],"_links":{"self":[{"href":"https:\/\/hostalesniu.com\/fr\/wp-json\/wp\/v2\/pages\/20338","targetHints":{"allow":["GET"]}}],"collection":[{"href":"https:\/\/hostalesniu.com\/fr\/wp-json\/wp\/v2\/pages"}],"about":[{"href":"https:\/\/hostalesniu.com\/fr\/wp-json\/wp\/v2\/types\/page"}],"author":[{"embeddable":true,"href":"https:\/\/hostalesniu.com\/fr\/wp-json\/wp\/v2\/users\/3"}],"replies":[{"embeddable":true,"href":"https:\/\/hostalesniu.com\/fr\/wp-json\/wp\/v2\/comments?post=20338"}],"version-history":[{"count":10,"href":"https:\/\/hostalesniu.com\/fr\/wp-json\/wp\/v2\/pages\/20338\/revisions"}],"predecessor-version":[{"id":22210,"href":"https:\/\/hostalesniu.com\/fr\/wp-json\/wp\/v2\/pages\/20338\/revisions\/22210"}],"wp:attachment":[{"href":"https:\/\/hostalesniu.com\/fr\/wp-json\/wp\/v2\/media?parent=20338"}],"curies":[{"name":"wp","href":"https:\/\/api.w.org\/{rel}","templated":true}]}}