{"id":20362,"date":"2021-02-09T21:06:29","date_gmt":"2021-02-09T21:06:29","guid":{"rendered":"https:\/\/hostalesniu.com\/politica-de-privacitat\/"},"modified":"2022-03-07T10:37:47","modified_gmt":"2022-03-07T10:37:47","slug":"politica-de-privacitat","status":"publish","type":"page","link":"https:\/\/hostalesniu.com\/fr\/politica-de-privacitat\/","title":{"rendered":"Pol\u00edtica de Privacitat"},"content":{"rendered":"<div class=\"wpb-content-wrapper\"><p>[vc_row][vc_column width=\u00a0\u00bb1\/1&Prime;][vc_column_text el_class=\u00a0\u00bbmanrope fs16 lh34&Prime;]<\/p>\n<ol>\n<li>\n<ol>\n<li><b> \u00bfQUI\u00c9N ES EL RESPONSABLE DEL TRATAMIENTO DE TUS DATOS?<\/b><\/li>\n<\/ol>\n<p><span style=\"font-weight: 400;\">El responsable de los datos y titular de la p\u00e1gina web http:\/\/hostalesniu.com\/ es CLUB CLAN 2.000 S.L., con domicilio ubicado en Carrer Proven\u00e7a n\u00fam. 212. 08036 Barcelona, NIF: B-63.625.388 y e-mail: <\/span><a href=\"mailto:info@hostalesniu.com\"><span style=\"font-weight: 400;\">info@hostalesniu.com<\/span><\/a><\/p>\n<ol start=\"2\">\n<li><b> \u00bfCON QUE FINALIDAD TRATAMOS TUS DATOS PERSONALES?<\/b><\/li>\n<\/ol>\n<p><span style=\"font-weight: 400;\">En CLUB CLAN 2.000 S.L. tratamos la informaci\u00f3n que nos facilitas con el fin de gestionar el env\u00edo de la informaci\u00f3n que nos solicitas o facilitarte ofertas de servicios de tu inter\u00e9s en caso de que as\u00ed nos los solicites al incluir tus datos y correo electr\u00f3nico en el espacio habilitado en el formulario. Igualmente podremos utilizar tus datos para:<\/span><\/p>\n<ul>\n<li style=\"font-weight: 400;\" aria-level=\"1\"><span style=\"font-weight: 400;\">Comunicaci\u00f3n de ofertas, descuentos y todo tipo de informaci\u00f3n promocional que pudiera serle de inter\u00e9s a nuestros usuarios.<\/span><\/li>\n<li style=\"font-weight: 400;\" aria-level=\"1\"><span style=\"font-weight: 400;\">Selecci\u00f3n de nuevo personal.<\/span><\/li>\n<li style=\"font-weight: 400;\" aria-level=\"1\"><span style=\"font-weight: 400;\">Gesti\u00f3n y confirmaci\u00f3n de reservas.<\/span><\/li>\n<li style=\"font-weight: 400;\" aria-level=\"1\"><span style=\"font-weight: 400;\">Mejora de nuestros servicios mediante el estudio del comportamiento de los usuarios. Prevenir abusos y fraudes en el uso de nuestros servicios (por ejemplo, actividades fraudulentas, ataques de denegaci\u00f3n de servicios, env\u00edo de spam, entre otros).<\/span><\/li>\n<li style=\"font-weight: 400;\" aria-level=\"1\"><span style=\"font-weight: 400;\">Cesi\u00f3n de datos a organismos y autoridades p\u00fablicas, siempre que sean requeridos de conformidad con las disposiciones legales y reglamentarias.<\/span><\/li>\n<\/ul>\n<p><span style=\"font-weight: 400;\">\u00bfCu\u00e1nto tiempo conservaremos tus datos?<\/span><\/p>\n<p><span style=\"font-weight: 400;\">Los datos personales que nos proporciones se conservar\u00e1n mientras se mantenga la relaci\u00f3n profesional o mercantil y no nos solicites su supresi\u00f3n. En todo caso, se conservar\u00e1n durante un plazo de 5 a\u00f1os a partir del \u00faltimo contacto.<\/span><\/p>\n<ol start=\"3\">\n<li><b> \u00bfCUAL ES LA LEGITIMACI\u00d3N PARA EL TRATAMIENTO DE TUS DATOS?<\/b><\/li>\n<\/ol>\n<p><span style=\"font-weight: 400;\">La base legal para el tratamiento de tus datos es la de dar respuesta a tu petici\u00f3n de informaci\u00f3n, de compra de los productos solicitados, o la de ejecuci\u00f3n de los servicios contratados.<\/span><\/p>\n<ol start=\"4\">\n<li><b> \u00bfA QU\u00c9 DESTINATARIOS SE COMUNICAR\u00c1N TUS DATOS?<\/b><\/li>\n<\/ol>\n<p><span style=\"font-weight: 400;\">Tus datos se incorporar\u00e1n a la base de datos perteneciente a CLUB CLAN 2.000 S.L. y no ser\u00e1n cedidos a terceros, salvo obligaci\u00f3n legal o requerimiento de las fuerzas y cuerpos de seguridad del Estado, en caso de las im\u00e1genes captadas por las c\u00e1maras de videovigilancia.<\/span><\/p>\n<ol start=\"5\">\n<li><b> \u00bfCUALES SON TUS DERECHOS CUANDO NOS FACILITAS TUS DATOS?<\/b><\/li>\n<\/ol>\n<p><span style=\"font-weight: 400;\">Cualquier persona tiene derecho a obtener confirmaci\u00f3n sobre si en CLUB CLAN 2.000 S.L. estamos tratando datos personales que les conciernan, o no. Los interesados \u200b\u200btienen derecho a acceder a sus datos personales, as\u00ed como a solicitar la rectificaci\u00f3n de los datos inexactos o, en su caso, solicitar su supresi\u00f3n cuando, entre otros motivos, los datos ya no sean necesarios para los fines que fueron recogidos. En determinadas circunstancias, los interesados \u200b\u200bpodr\u00e1n solicitar la limitaci\u00f3n del tratamiento de sus datos, en este caso \u00fanicamente los conservaremos para el ejercicio o la defensa de reclamaciones. En determinadas circunstancias y por motivos relacionados con su situaci\u00f3n particular, los interesados \u200b\u200bpodr\u00e1n oponerse al tratamiento de sus datos. CLUB CLAN 2.000 S.L. dejar\u00e1 de tratar los datos, salvo que sea necesario por motivos leg\u00edtimos, imperiosos, o el ejercicio o la defensa de posibles reclamaciones. Para m\u00e1s informaci\u00f3n y para ejercitar tus derechos, por favor, env\u00eda un e-mail a la direcci\u00f3n: info@hostalsateula.com<\/span><\/p>\n<ol start=\"6\">\n<li><b> LEGISLACI\u00d3N<\/b><\/li>\n<\/ol>\n<p><span style=\"font-weight: 400;\">La presente pol\u00edtica de privacidad se rige en todos y cada uno de sus extremos por el Reglamento General de Protecci\u00f3n de datos de la Uni\u00f3n Europea y dem\u00e1s normativa relacionada.<\/span><\/p>\n<ol start=\"7\">\n<li><b> ACTUALIZACI\u00d3N<\/b><\/li>\n<\/ol>\n<p><span style=\"font-weight: 400;\">Esta pol\u00edtica de privacidad se ha revisado por \u00faltima vez en enero de 2021.<\/span><\/li>\n<\/ol>\n<p>[\/vc_column_text][\/vc_column][\/vc_row]<\/p>\n<\/div>","protected":false},"excerpt":{"rendered":"<p>[vc_row][vc_column width=\u00a0\u00bb1\/1&Prime;][vc_column_text el_class=\u00a0\u00bbmanrope fs16 lh34&Prime;] \u00bfQUI\u00c9N ES EL RESPONSABLE DEL TRATAMIENTO DE TUS DATOS? El responsable de los datos y titular de la p\u00e1gina web http:\/\/hostalesniu.com\/ es CLUB CLAN 2.000 S.L., con domicilio ubicado en Carrer Proven\u00e7a n\u00fam. 212. 08036 Barcelona, NIF: B-63.625.388 y e-mail: info@hostalesniu.com \u00bfCON QUE FINALIDAD TRATAMOS TUS DATOS PERSONALES? En CLUB CLAN 2.000 S.L. tratamos la informaci\u00f3n que nos facilitas con el fin de gestionar el env\u00edo de la informaci\u00f3n que nos solicitas o facilitarte ofertas de servicios de tu inter\u00e9s en caso de que as\u00ed nos los solicites al incluir tus datos y correo electr\u00f3nico en el espacio habilitado en el formulario. Igualmente podremos utilizar tus datos para: Comunicaci\u00f3n de ofertas, descuentos y todo tipo de informaci\u00f3n promocional que pudiera serle de inter\u00e9s a nuestros usuarios. Selecci\u00f3n de nuevo personal. Gesti\u00f3n y confirmaci\u00f3n de reservas. Mejora de nuestros servicios mediante el estudio del comportamiento de los usuarios. Prevenir abusos y fraudes en el uso de nuestros servicios (por ejemplo, actividades fraudulentas, ataques de denegaci\u00f3n de servicios, env\u00edo de spam, entre otros). Cesi\u00f3n de datos a organismos y autoridades p\u00fablicas, siempre que sean requeridos de conformidad con las disposiciones legales y reglamentarias. \u00bfCu\u00e1nto tiempo conservaremos tus [&hellip;]<\/p>\n","protected":false},"author":1,"featured_media":0,"parent":0,"menu_order":0,"comment_status":"closed","ping_status":"closed","template":"","meta":{"footnotes":""},"class_list":["post-20362","page","type-page","status-publish","hentry"],"_links":{"self":[{"href":"https:\/\/hostalesniu.com\/fr\/wp-json\/wp\/v2\/pages\/20362","targetHints":{"allow":["GET"]}}],"collection":[{"href":"https:\/\/hostalesniu.com\/fr\/wp-json\/wp\/v2\/pages"}],"about":[{"href":"https:\/\/hostalesniu.com\/fr\/wp-json\/wp\/v2\/types\/page"}],"author":[{"embeddable":true,"href":"https:\/\/hostalesniu.com\/fr\/wp-json\/wp\/v2\/users\/1"}],"replies":[{"embeddable":true,"href":"https:\/\/hostalesniu.com\/fr\/wp-json\/wp\/v2\/comments?post=20362"}],"version-history":[{"count":1,"href":"https:\/\/hostalesniu.com\/fr\/wp-json\/wp\/v2\/pages\/20362\/revisions"}],"predecessor-version":[{"id":20661,"href":"https:\/\/hostalesniu.com\/fr\/wp-json\/wp\/v2\/pages\/20362\/revisions\/20661"}],"wp:attachment":[{"href":"https:\/\/hostalesniu.com\/fr\/wp-json\/wp\/v2\/media?parent=20362"}],"curies":[{"name":"wp","href":"https:\/\/api.w.org\/{rel}","templated":true}]}}