{"id":20387,"date":"2022-02-06T17:27:14","date_gmt":"2022-02-06T17:27:14","guid":{"rendered":"https:\/\/hostalesniu.com\/condicions-generals\/"},"modified":"2025-02-04T12:38:13","modified_gmt":"2025-02-04T12:38:13","slug":"condicions-generals","status":"publish","type":"page","link":"https:\/\/hostalesniu.com\/fr\/condicions-generals\/","title":{"rendered":"Condicions Generals d\u2019\u00das de la Web"},"content":{"rendered":"<div class=\"wpb-content-wrapper\"><p>[vc_row bottom_padding=\u00a0\u00bb60&Prime;][vc_column][vc_column_text]<\/p>\n<h1>Condicions Generals d\u2019\u00das de la Web<\/h1>\n<p>[\/vc_column_text][\/vc_column][\/vc_row][vc_row][vc_column][vc_column_text]<\/p>\n<h2><strong>ABAST<\/strong><\/h2>\n<p>Aquestes Condicions d\u2019\u00das de la Web establixen les condicions generals que regulen tant l\u2019acc\u00e9s com la navegaci\u00f3, aix\u00ed com l\u2019\u00fas dels continguts d\u2019aquesta p\u00e0gina web.<\/p>\n<p>La informaci\u00f3 continguda en aquesta p\u00e0gina web fa refer\u00e8ncia als serveis prestats per <strong>Club Clan 2000 S.L.<\/strong>\u00a0Aquesta informaci\u00f3 nom\u00e9s t\u00e9 car\u00e0cter enunciatiu i no constitueix una oferta vinculant que obligui l\u2019usuari a contractar els serveis.<\/p>\n<p><strong>Club Clan 2000 S.L.<\/strong> es reserva el dret de modificar la informaci\u00f3 aqu\u00ed continguda quan ho estimi convenient i sense previ av\u00eds, no essent responsable de l\u2019exactitud, insufici\u00e8ncia o autenticitat de la informaci\u00f3 subministrada.<\/p>\n<p>Aix\u00ed mateix, es reserva el dret a modificar el contingut del present document d\u2019\u00fas de la web. Per tant, l\u2019Usuari ha de llegir atentament aquest document en cada ocasi\u00f3 en qu\u00e8 es proposi utilitzar el lloc web, ja que aquest i les seves condicions d\u2019\u00fas recollides en el present Us de la Web poden ser modificades. La prestaci\u00f3 del servei d\u2019aquest lloc web t\u00e9 una durada limitada al moment en qu\u00e8 l\u2019Usuari es trobi connectat al lloc web o en algun dels serveis que a trav\u00e9s del mateix es faciliten.<\/p>\n<h2><strong>CONDICIONS D\u2019\u00daS DE LA WEB<\/strong><\/h2>\n<p>Amb l\u2019acc\u00e9s, la navegaci\u00f3 o la utilitzaci\u00f3 de la p\u00e0gina web, l\u2019usuari adquireix la condici\u00f3 d\u2019usuari. L\u2019usuari accepta de manera plena i sense cap tipus de reserva les condicions contingudes en aquest av\u00eds legal.<\/p>\n<p>L\u2019usuari es compromet a utilitzar el lloc web juntament amb els seus serveis i continguts, de manera l\u00edcita, d\u2019acord amb la legislaci\u00f3 vigent, els usos generalment acceptats, la bona fe i l\u2019ordre p\u00fablic. L\u2019usuari es compromet a no realitzar accions que puguin causar danys al lloc web, inutilitzant-lo, sobrecarregant-lo o deteriorant-lo de qualsevol manera, o impedint a altres usuaris l\u2019acc\u00e9s, l\u2019\u00fas o el gaudi lliure del lloc web.<\/p>\n<h2><strong>PROPIETAT INTEL\u00b7LECTUAL I \u00daS DE CONTINGUTS<\/strong><\/h2>\n<p><strong>Club Clan 2000 S.L.<\/strong> \u00e9s titular dels drets de propietat intel\u00b7lectual i industrial d\u2019aquesta p\u00e0gina web i de tots els seus continguts (a t\u00edtol merament enunciatiu: textos, fotografies i altres continguts audiovisuals, programari, disseny gr\u00e0fic, etc.) o compta amb la corresponent llic\u00e8ncia o autoritzaci\u00f3 per al seu \u00fas. L\u2019acc\u00e9s a la navegaci\u00f3 per i l\u2019\u00fas d\u2019aquest lloc web per part de l\u2019usuari no impliquen en cap cas ren\u00fancia, transmissi\u00f3, llic\u00e8ncia ni cessi\u00f3 total o parcial d\u2019aquests drets.<\/p>\n<p>Es prohibeix reproduir, modificar, reutilitzar, explotar, comunicar p\u00fablicament, carregar arxius, enviar per correu, transmetre, usar, tractar o distribuir de qualsevol manera la totalitat o part dels continguts inclosos en aquesta p\u00e0gina web per a fins p\u00fablics o comercials, si no es compta amb l\u2019autoritzaci\u00f3 expressa i per escrit de <strong>Club Clan 2000 S.L.<\/strong><\/p>\n<h2><strong>ENLLA\u00c7OS<\/strong><\/h2>\n<h3><strong>ENLLA\u00c7OS A ALTRES P\u00c0GINES WEB EXTERNES<\/strong><\/h3>\n<p><strong>Club Clan 2000 S.L.<\/strong> rebutja tota responsabilitat sobre tota la informaci\u00f3 present a la World Wide Web no elaborada per <strong>Club Clan 2000 S.L.<\/strong> o no publicada sota el seu nom. La p\u00e0gina web pot contenir enlla\u00e7os d\u2019hipertext a altres p\u00e0gines de la World Wide Web que s\u00f3n completament independents d\u2019aquesta p\u00e0gina web. <strong>Club Clan 2000 S.L.<\/strong>\u00a0no respondr\u00e0 ni garantir\u00e0, en cap cas, l\u2019exactitud, insufici\u00e8ncia o autenticitat de la informaci\u00f3 subministrada per qualsevol persona o entitat, f\u00edsica o jur\u00eddica, amb o sense personalitat jur\u00eddica pr\u00f2pia, a trav\u00e9s d\u2019aquests enlla\u00e7os d\u2019hipertext.<\/p>\n<h3><strong>ENLLA\u00c7OS EXTERNOS AMB DEST\u00cd A LES P\u00c0GINES WEB DE HOSTALS BOUTIQUE SALATSHH S.L.<\/strong><\/h3>\n<p>Si qualsevol altre lloc web, usuari o entitat desitg\u00e9s establir un enlla\u00e7 amb destinaci\u00f3 a <strong><a href=\"https:\/\/hostalesniu.com\/fr\/\">https:\/\/hostalesniu.com\/<\/a><\/strong>, aquest enlla\u00e7 haur\u00e0 de sotmetre\u2019s a les condicions que es detallen a continuaci\u00f3:<\/p>\n<p>L\u2019enlla\u00e7 anir\u00e0 dirigit a la p\u00e0gina principal o a qualsevol de les seves seccions. L\u2019enlla\u00e7, en qualsevol cas, ha de ser absolut i complet portant l\u2019usuari amb un sol clic a la URL de la p\u00e0gina principal o a la URL de qualsevol de les seves seccions. L\u2019enlla\u00e7 haur\u00e0 d\u2019abastar tota l\u2019extensi\u00f3 de pantalla del portal <strong><a href=\"https:\/\/hostalesniu.com\/fr\/\">https:\/\/hostalesniu.com\/<\/a><\/strong>. En cap cas, excepte autoritzaci\u00f3 expressa per escrit per part de <strong>Club Clan 2000 S.L.<\/strong>, el lloc web que estableixi l\u2019enlla\u00e7 podr\u00e0 reproduir de cap manera <strong><a href=\"https:\/\/hostalesniu.com\/fr\/\">https:\/\/hostalesniu.com\/<\/a><\/strong>, \u00a0incloent-lo com a part integrant del seu web, utilitzant marcs, redireccionaments o qualsevol altra mesura que suposi ocultar l\u2019origen de la informaci\u00f3.<\/p>\n<p>No s\u2019autoritza l\u2019establiment d\u2019enlla\u00e7 a <strong><a href=\"https:\/\/hostalesniu.com\/fr\/\">https:\/\/hostalesniu.com\/<\/a><\/strong> des de llocs web que continguin continguts il\u00b7legals, degradants o obscens, contravenint la moral o l\u2019ordre p\u00fablic.<\/p>\n<p>El servei d\u2019acc\u00e9s al lloc web inclou dispositius t\u00e8cnics d\u2019enlla\u00e7, directoris i fins i tot instruments de cerca que permeten a l\u2019Usuari accedir a altres p\u00e0gines i portals d\u2019Internet (d\u2019ara endavant, \u2018<strong>Sitios Enlazados<\/strong>\u2019).<\/p>\n<p>En aquests casos, <strong>Club Clan 2000 S.L.<\/strong>\u00a0actua com a prestador de serveis d\u2019intermediaci\u00f3 d\u2019acord amb la Llei de Serveis de la Informaci\u00f3 i Comer\u00e7 Electr\u00f2nic i nom\u00e9s ser\u00e0 responsable dels continguts i serveis subministrats als\u00a0<strong>Sitios Enlazados<\/strong>\u00a0en la mesura en qu\u00e8 tingui coneixement efectiu de la il\u00b7legalitat i no hagi desactivat l\u2019enlla\u00e7 amb la dilig\u00e8ncia deguda.<\/p>\n<p><strong>Club Clan 2000 S.L.<\/strong>\u00a0no coneix els continguts i serveis dels <strong>Sitios Enlazados<\/strong>, per tant, no es fa responsable pels danys produ\u00efts per la il\u00b7legalitat, qualitat, desactualitzaci\u00f3, indisponibilitat, error i inutilitat dels continguts i\/o serveis dels\u00a0<strong>Sitios Enlazados<\/strong>, ni per qualsevol altre dany que no sigui directament imputable a <strong>Club Clan 2000 S.L.<\/strong><\/p>\n<h3><strong>EXCLUSI\u00d3 DE RESPONSABILITAT<\/strong><\/h3>\n<p>La responsabilitat en l\u2019\u00fas d\u2019aquest lloc web correspon de manera \u00fanica i exclusiva a l\u2019Usuari.<\/p>\n<p><strong>Club Clan 2000 S.L.<\/strong> no es fa responsable, en cap cas, dels danys i perjudicis de qualsevol naturalesa que puguin causar-se per:<\/p>\n<ul>\n<li>La no disponibilitat, manteniment i funcionament del lloc web o dels seus serveis o continguts, ja que requereix subministraments i serveis de tercers.<\/li>\n<li>Els errors i omissions en la informaci\u00f3 publicada, aix\u00ed com la falta d\u2019utilitat, adequaci\u00f3 o validesa del lloc web o dels seus serveis o continguts per satisfer necessitats, activitats o resultats concrets o expectatives dels Usuaris.<\/li>\n<\/ul>\n<p>L\u2019acc\u00e9s al portal no implica l\u2019obligaci\u00f3 per part de <strong>Club Clan 2000 S.L.<\/strong> de controlar l\u2019abs\u00e8ncia de virus o qualsevol altre element inform\u00e0tic nociu. Correspon a l\u2019Usuari, en tot cas, la disponibilitat d\u2019eines adequades per a la detecci\u00f3 i desinfecci\u00f3 de programes inform\u00e0tics nocius. <strong>Club Clan 2000 S.L.<\/strong>\u00a0no es fa responsable dels danys produ\u00efts en els equips inform\u00e0tics dels Usuaris o de tercers durant l\u2019\u00fas del lloc web.<\/p>\n<h2><strong>LEGISLACI\u00d3<\/strong><\/h2>\n<p>El present Av\u00eds Legal es regeix en tots i cadascun dels seus extrems per la llei espanyola i el Reglament General de Protecci\u00f3 de Dades de la Uni\u00f3 Europea.<\/p>\n<h2><strong>ACTUALITZACI\u00d3<\/strong><\/h2>\n<p>El present \u00fas de la web ha estat revisat per \u00faltima vegada a\u00a0<strong>octubre de 2024<\/strong>.[\/vc_column_text][\/vc_column][\/vc_row]<\/p>\n<\/div>","protected":false},"excerpt":{"rendered":"<p>[vc_row bottom_padding=\u00a0\u00bb60&Prime;][vc_column][vc_column_text] Condicions Generals d\u2019\u00das de la Web [\/vc_column_text][\/vc_column][\/vc_row][vc_row][vc_column][vc_column_text] ABAST Aquestes Condicions d\u2019\u00das de la Web establixen les condicions generals que regulen tant l\u2019acc\u00e9s com la navegaci\u00f3, aix\u00ed com l\u2019\u00fas dels continguts d\u2019aquesta p\u00e0gina web. La informaci\u00f3 continguda en aquesta p\u00e0gina web fa refer\u00e8ncia als serveis prestats per Club Clan 2000 S.L.\u00a0Aquesta informaci\u00f3 nom\u00e9s t\u00e9 car\u00e0cter enunciatiu i no constitueix una oferta vinculant que obligui l\u2019usuari a contractar els serveis. Club Clan 2000 S.L. es reserva el dret de modificar la informaci\u00f3 aqu\u00ed continguda quan ho estimi convenient i sense previ av\u00eds, no essent responsable de l\u2019exactitud, insufici\u00e8ncia o autenticitat de la informaci\u00f3 subministrada. Aix\u00ed mateix, es reserva el dret a modificar el contingut del present document d\u2019\u00fas de la web. Per tant, l\u2019Usuari ha de llegir atentament aquest document en cada ocasi\u00f3 en qu\u00e8 es proposi utilitzar el lloc web, ja que aquest i les seves condicions d\u2019\u00fas recollides en el present Us de la Web poden ser modificades. La prestaci\u00f3 del servei d\u2019aquest lloc web t\u00e9 una durada limitada al moment en qu\u00e8 l\u2019Usuari es trobi connectat al lloc web o en algun dels serveis que a trav\u00e9s del mateix es faciliten. CONDICIONS D\u2019\u00daS DE LA WEB Amb [&hellip;]<\/p>\n","protected":false},"author":3,"featured_media":0,"parent":0,"menu_order":0,"comment_status":"closed","ping_status":"closed","template":"","meta":{"footnotes":""},"class_list":["post-20387","page","type-page","status-publish","hentry"],"_links":{"self":[{"href":"https:\/\/hostalesniu.com\/fr\/wp-json\/wp\/v2\/pages\/20387","targetHints":{"allow":["GET"]}}],"collection":[{"href":"https:\/\/hostalesniu.com\/fr\/wp-json\/wp\/v2\/pages"}],"about":[{"href":"https:\/\/hostalesniu.com\/fr\/wp-json\/wp\/v2\/types\/page"}],"author":[{"embeddable":true,"href":"https:\/\/hostalesniu.com\/fr\/wp-json\/wp\/v2\/users\/3"}],"replies":[{"embeddable":true,"href":"https:\/\/hostalesniu.com\/fr\/wp-json\/wp\/v2\/comments?post=20387"}],"version-history":[{"count":6,"href":"https:\/\/hostalesniu.com\/fr\/wp-json\/wp\/v2\/pages\/20387\/revisions"}],"predecessor-version":[{"id":21309,"href":"https:\/\/hostalesniu.com\/fr\/wp-json\/wp\/v2\/pages\/20387\/revisions\/21309"}],"wp:attachment":[{"href":"https:\/\/hostalesniu.com\/fr\/wp-json\/wp\/v2\/media?parent=20387"}],"curies":[{"name":"wp","href":"https:\/\/api.w.org\/{rel}","templated":true}]}}