{"id":22195,"date":"2025-06-05T09:49:06","date_gmt":"2025-06-05T09:49:06","guid":{"rendered":"https:\/\/hostalesniu.com\/?page_id=22195"},"modified":"2025-06-12T07:48:07","modified_gmt":"2025-06-12T07:48:07","slug":"appartements","status":"publish","type":"page","link":"https:\/\/hostalesniu.com\/fr\/appartements\/","title":{"rendered":"Appartements"},"content":{"rendered":"<div class=\"wpb-content-wrapper\"><p>[vc_row type=\u00a0\u00bbfull_width_section\u00a0\u00bb bg_color=\u00a0\u00bb#a89783&Prime;][vc_column width=\u00a0\u00bb1\/1&Prime;][vc_raw_html]JTNDZGl2JTIwaWQlM0QlMjJpbnNlcnRCYXIlMjIlM0UlM0MlMkZkaXYlM0U=[\/vc_raw_html][\/vc_column][\/vc_row][vc_row][vc_column width=\u00a0\u00bb1\/1&Prime;]<div class=\"spacer\" style=\"height: 80px;\"><\/div>[\/vc_column][\/vc_row][vc_row][vc_column width=\u00a0\u00bb2\/5&Prime;][vc_column_text]<\/p>\n<h1 class=\"font-special\"><span style=\"font-size: 36pt;\">Les appartements<\/span><\/h1>\n<p>[\/vc_column_text][vc_column_text]<\/p>\n<h5>Caract\u00e8re m\u00e9diterran\u00e9en<\/h5>\n<p>[\/vc_column_text][\/vc_column][vc_column width=\u00a0\u00bb3\/5&Prime;][vc_column_text]<span style=\"font-weight: 400;\">L&rsquo;Hostal Es Niu propose 6 appartements (1 dans le m\u00eame b\u00e2timent et 5 \u00e0 40 m\u00e8tres de l&rsquo;auberge). Tous ont \u00e9t\u00e9 r\u00e9nov\u00e9s dans un style m\u00e9diterran\u00e9en, avec une d\u00e9coration raffin\u00e9e et tout le confort n\u00e9cessaire pour que vous vous sentiez comme chez vous. Id\u00e9al pour profiter des environs avec la compagnie de votre choix.<\/span>[\/vc_column_text][\/vc_column][\/vc_row][vc_row][vc_column width=\u00a0\u00bb1\/1&Prime;]<div class=\"spacer\" style=\"height: 80px;\"><\/div>[\/vc_column][\/vc_row][vc_row][vc_column width=\u00a0\u00bb1\/3&Prime;]<div class=\"single_image wpb_content_element align-left    \" data-animation=\"none\" data-delay=\"0\"><img loading=\"lazy\" decoding=\"async\" width=\"1024\" height=\"681\" src=\"https:\/\/hostalesniu.com\/wp-content\/uploads\/2025\/06\/EsNiu-F0625-WL-236.jpg\" class=\"attachment-full\" alt=\"\" title=\"EsNiu-F0625-WL-236\" srcset=\"https:\/\/hostalesniu.com\/wp-content\/uploads\/2025\/06\/EsNiu-F0625-WL-236.jpg 1024w, https:\/\/hostalesniu.com\/wp-content\/uploads\/2025\/06\/EsNiu-F0625-WL-236-300x200.jpg 300w, https:\/\/hostalesniu.com\/wp-content\/uploads\/2025\/06\/EsNiu-F0625-WL-236-768x511.jpg 768w, https:\/\/hostalesniu.com\/wp-content\/uploads\/2025\/06\/EsNiu-F0625-WL-236-600x400.jpg 600w\" sizes=\"auto, (max-width: 1024px) 100vw, 1024px\" \/><\/div>[vc_column_text]<\/p>\n<h3><span style=\"font-size: 24pt;\">Cala Gamar\u00fas<\/span><\/h3>\n<p>[\/vc_column_text][vc_column_text]<\/p>\n<div class=\"gdlr-core-pbf-element\">\n<div class=\"gdlr-core-title-item gdlr-core-item-pdb clearfix gdlr-core-left-align gdlr-core-title-item-caption-bottom gdlr-core-item-pdlr\">\n<div class=\"gdlr-core-title-item-title-wrap \">\n<p class=\"gdlr-core-title-item-title gdlr-core-skin-title \"><span style=\"font-weight: 400;\">Appartement situ\u00e9 \u00e0 40 m\u00e8tres de l&rsquo;h\u00f4tel. Il dispose d&rsquo;une cuisine enti\u00e8rement \u00e9quip\u00e9e, d&rsquo;un salon avec canap\u00e9-lit, de deux chambres et d&rsquo;une salle de bain compl\u00e8te. Il est \u00e9quip\u00e9 d&rsquo;un lave-linge, d&rsquo;un lave-vaisselle, de l&rsquo;air conditionn\u00e9 (ventilateurs dans les chambres), d&rsquo;une t\u00e9l\u00e9vision (Smart TV) et d&rsquo;une connexion wifi. Capacit\u00e9 maximale pour 6 personnes.<\/span><\/p>\n<\/div>\n<\/div>\n<\/div>\n<p>[\/vc_column_text][\/vc_column][vc_column width=\u00a0\u00bb1\/3&Prime;]<div class=\"single_image wpb_content_element align-left    \" data-animation=\"none\" data-delay=\"0\"><img loading=\"lazy\" decoding=\"async\" width=\"1024\" height=\"682\" src=\"https:\/\/hostalesniu.com\/wp-content\/uploads\/2025\/06\/ESNIU_Salon-2-Apartamentos.jpg\" class=\"attachment-full\" alt=\"\" title=\"ESNIU_Salon-2-Apartamentos\" srcset=\"https:\/\/hostalesniu.com\/wp-content\/uploads\/2025\/06\/ESNIU_Salon-2-Apartamentos.jpg 1024w, https:\/\/hostalesniu.com\/wp-content\/uploads\/2025\/06\/ESNIU_Salon-2-Apartamentos-300x200.jpg 300w, https:\/\/hostalesniu.com\/wp-content\/uploads\/2025\/06\/ESNIU_Salon-2-Apartamentos-768x512.jpg 768w, https:\/\/hostalesniu.com\/wp-content\/uploads\/2025\/06\/ESNIU_Salon-2-Apartamentos-600x400.jpg 600w\" sizes=\"auto, (max-width: 1024px) 100vw, 1024px\" \/><\/div>[vc_column_text]<\/p>\n<h3><span style=\"font-size: 24pt;\">Cala d&rsquo;en Roig<\/span><\/h3>\n<p>[\/vc_column_text][vc_column_text]<span style=\"font-weight: 400;\">Appartement situ\u00e9 \u00e0 40 m\u00e8tres de l&rsquo;h\u00f4tel. Il dispose d&rsquo;un salon avec canap\u00e9-lit pour deux personnes, d&rsquo;une cuisine \u00e9quip\u00e9e, de deux chambres, d&rsquo;une salle de bain compl\u00e8te et d&rsquo;une terrasse. Il est \u00e9quip\u00e9 d&rsquo;un lave-linge, d&rsquo;un lave-vaisselle, de l&rsquo;air conditionn\u00e9, d&rsquo;une t\u00e9l\u00e9vision (Smart TV) et d&rsquo;une connexion wifi. Capacit\u00e9 maximale pour 6 personnes.<\/span>[\/vc_column_text][\/vc_column][vc_column width=\u00a0\u00bb1\/3&Prime;]<div class=\"single_image wpb_content_element align-left    \" data-animation=\"none\" data-delay=\"0\"><img loading=\"lazy\" decoding=\"async\" width=\"1024\" height=\"682\" src=\"https:\/\/hostalesniu.com\/wp-content\/uploads\/2025\/06\/ESNIU_Apt-Pedrosa.jpg\" class=\"attachment-full\" alt=\"\" title=\"ESNIU_Apt-Pedrosa\" srcset=\"https:\/\/hostalesniu.com\/wp-content\/uploads\/2025\/06\/ESNIU_Apt-Pedrosa.jpg 1024w, https:\/\/hostalesniu.com\/wp-content\/uploads\/2025\/06\/ESNIU_Apt-Pedrosa-300x200.jpg 300w, https:\/\/hostalesniu.com\/wp-content\/uploads\/2025\/06\/ESNIU_Apt-Pedrosa-768x512.jpg 768w, https:\/\/hostalesniu.com\/wp-content\/uploads\/2025\/06\/ESNIU_Apt-Pedrosa-600x400.jpg 600w\" sizes=\"auto, (max-width: 1024px) 100vw, 1024px\" \/><\/div>[vc_column_text]<\/p>\n<h3><span style=\"font-size: 24pt;\">Cala Pedrosa<\/span><\/h3>\n<p>[\/vc_column_text][vc_column_text]<span style=\"font-weight: 400;\">Appartement situ\u00e9 \u00e0 40 m\u00e8tres de l&rsquo;h\u00f4tel. Il dispose d&rsquo;un salon avec canap\u00e9-lit, d&rsquo;une cuisine \u00e9quip\u00e9e, de deux chambres, d&rsquo;une salle de bain compl\u00e8te et d&rsquo;une terrasse. Il est \u00e9quip\u00e9 d&rsquo;un lave-linge, d&rsquo;un lave-vaisselle, de l&rsquo;air conditionn\u00e9, d&rsquo;une t\u00e9l\u00e9vision (Smart TV) et d&rsquo;une connexion wifi. Capacit\u00e9 maximale pour 6 personnes.<\/span>[\/vc_column_text][\/vc_column][\/vc_row][vc_row][vc_column width=\u00a0\u00bb1\/1&Prime;]<div class=\"spacer\" style=\"height: 80px;\"><\/div>[\/vc_column][\/vc_row][vc_row][vc_column width=\u00a0\u00bb1\/3&Prime;]<div class=\"single_image wpb_content_element align-left    \" data-animation=\"none\" data-delay=\"0\"><img loading=\"lazy\" decoding=\"async\" width=\"1024\" height=\"682\" src=\"https:\/\/hostalesniu.com\/wp-content\/uploads\/2025\/06\/EsNiu-F0625-WL-110.jpg\" class=\"attachment-full\" alt=\"\" title=\"EsNiu-F0625-WL-110\" srcset=\"https:\/\/hostalesniu.com\/wp-content\/uploads\/2025\/06\/EsNiu-F0625-WL-110.jpg 1024w, https:\/\/hostalesniu.com\/wp-content\/uploads\/2025\/06\/EsNiu-F0625-WL-110-300x200.jpg 300w, https:\/\/hostalesniu.com\/wp-content\/uploads\/2025\/06\/EsNiu-F0625-WL-110-768x512.jpg 768w, https:\/\/hostalesniu.com\/wp-content\/uploads\/2025\/06\/EsNiu-F0625-WL-110-600x400.jpg 600w\" sizes=\"auto, (max-width: 1024px) 100vw, 1024px\" \/><\/div>[vc_column_text]<\/p>\n<h3><span style=\"font-size: 24pt;\">Es Niu<\/span><\/h3>\n<p>[\/vc_column_text][vc_column_text]<\/p>\n<div class=\"gdlr-core-pbf-element\">\n<div class=\"gdlr-core-title-item gdlr-core-item-pdb clearfix gdlr-core-left-align gdlr-core-title-item-caption-bottom gdlr-core-item-pdlr\">\n<div class=\"gdlr-core-title-item-title-wrap \">\n<p class=\"gdlr-core-title-item-title gdlr-core-skin-title \"><span style=\"font-weight: 400;\">Situ\u00e9 dans le b\u00e2timent de l&rsquo;h\u00f4tel. Il dispose d&rsquo;une cuisine enti\u00e8rement \u00e9quip\u00e9e, de deux chambres ind\u00e9pendantes avec salle de bain priv\u00e9e, d&rsquo;un salon avec canap\u00e9-lit et d&rsquo;une grande terrasse. Il est \u00e9quip\u00e9 d&rsquo;un lave-vaisselle, de l&rsquo;air conditionn\u00e9, d&rsquo;une t\u00e9l\u00e9vision (Smart TV) et d&rsquo;une connexion wifi. Capacit\u00e9 maximale pour 6 personnes.<\/span><\/p>\n<\/div>\n<\/div>\n<\/div>\n<p>[\/vc_column_text][\/vc_column][vc_column width=\u00a0\u00bb1\/3&Prime;]<div class=\"single_image wpb_content_element align-left    \" data-animation=\"none\" data-delay=\"0\"><img loading=\"lazy\" decoding=\"async\" width=\"1024\" height=\"681\" src=\"https:\/\/hostalesniu.com\/wp-content\/uploads\/2025\/06\/EsNiu-F0625-WL-263.jpg\" class=\"attachment-full\" alt=\"\" title=\"EsNiu-F0625-WL-263\" srcset=\"https:\/\/hostalesniu.com\/wp-content\/uploads\/2025\/06\/EsNiu-F0625-WL-263.jpg 1024w, https:\/\/hostalesniu.com\/wp-content\/uploads\/2025\/06\/EsNiu-F0625-WL-263-300x200.jpg 300w, https:\/\/hostalesniu.com\/wp-content\/uploads\/2025\/06\/EsNiu-F0625-WL-263-768x511.jpg 768w, https:\/\/hostalesniu.com\/wp-content\/uploads\/2025\/06\/EsNiu-F0625-WL-263-600x400.jpg 600w\" sizes=\"auto, (max-width: 1024px) 100vw, 1024px\" \/><\/div>[vc_column_text]<\/p>\n<h3><span style=\"font-size: 24pt;\">Sa Trona<\/span><\/h3>\n<p>[\/vc_column_text][vc_column_text]<span style=\"font-weight: 400;\">Appartement situ\u00e9 \u00e0 40 m\u00e8tres de l&rsquo;h\u00f4tel. Il dispose d&rsquo;un salon, d&rsquo;une cuisine \u00e9quip\u00e9e, de deux chambres doubles et d&rsquo;une petite chambre simple, d&rsquo;une salle de bain compl\u00e8te et d&rsquo;une terrasse. Il est \u00e9quip\u00e9 d&rsquo;un lave-linge, d&rsquo;un lave-vaisselle, de l&rsquo;air conditionn\u00e9, de la t\u00e9l\u00e9vision et d&rsquo;une connexion wifi. Capacit\u00e9 maximale pour 4+1 personnes.<\/span>[\/vc_column_text][\/vc_column][vc_column width=\u00a0\u00bb1\/3&Prime;]<div class=\"single_image wpb_content_element align-left    \" data-animation=\"none\" data-delay=\"0\"><img loading=\"lazy\" decoding=\"async\" width=\"1024\" height=\"681\" src=\"https:\/\/hostalesniu.com\/wp-content\/uploads\/2025\/06\/EsNiu-F0625-WL-336.jpg\" class=\"attachment-full\" alt=\"\" title=\"EsNiu-F0625-WL-336\" srcset=\"https:\/\/hostalesniu.com\/wp-content\/uploads\/2025\/06\/EsNiu-F0625-WL-336.jpg 1024w, https:\/\/hostalesniu.com\/wp-content\/uploads\/2025\/06\/EsNiu-F0625-WL-336-300x200.jpg 300w, https:\/\/hostalesniu.com\/wp-content\/uploads\/2025\/06\/EsNiu-F0625-WL-336-768x511.jpg 768w, https:\/\/hostalesniu.com\/wp-content\/uploads\/2025\/06\/EsNiu-F0625-WL-336-600x400.jpg 600w\" sizes=\"auto, (max-width: 1024px) 100vw, 1024px\" \/><\/div>[vc_column_text]<\/p>\n<h3><span style=\"font-size: 24pt;\">Sa Dona<\/span><\/h3>\n<p>[\/vc_column_text][vc_column_text]<span style=\"font-weight: 400;\">Appartement situ\u00e9 \u00e0 40 m\u00e8tres de l&rsquo;h\u00f4tel. Il dispose d&rsquo;un salon avec un canap\u00e9-lit simple, d&rsquo;une cuisine \u00e9quip\u00e9e, de deux chambres doubles et d&rsquo;une petite chambre simple, d&rsquo;une salle de bain compl\u00e8te et d&rsquo;une grande terrasse. Il est \u00e9quip\u00e9 d&rsquo;un lave-linge, d&rsquo;un lave-vaisselle, de l&rsquo;air conditionn\u00e9, d&rsquo;une t\u00e9l\u00e9vision (Smart TV) et d&rsquo;une connexion wifi. Capacit\u00e9 maximale pour 5+1 personnes.<\/span>[\/vc_column_text][\/vc_column][\/vc_row][vc_row][vc_column width=\u00a0\u00bb1\/1&Prime;]<div class=\"spacer\" style=\"height: 80px;\"><\/div>[\/vc_column][\/vc_row][vc_row][vc_column width=\u00a0\u00bb1\/1&Prime;]<div class=\"minti_carousel  grab-false dots\" data-columns=\"3\" data-tabletcolumns=\"3\" data-nav=\"true\" data-pagination=\"true\" data-autoplay=\"false\" data-animationtime=\"4000\"><div class=\"single_image wpb_content_element align-left    \" data-animation=\"none\" data-delay=\"0\"><img loading=\"lazy\" decoding=\"async\" width=\"682\" height=\"1024\" src=\"https:\/\/hostalesniu.com\/wp-content\/uploads\/2025\/06\/EsNiu-F0625-WL-101.jpg\" class=\"attachment-full\" alt=\"\" title=\"EsNiu-F0625-WL-101\" srcset=\"https:\/\/hostalesniu.com\/wp-content\/uploads\/2025\/06\/EsNiu-F0625-WL-101.jpg 682w, https:\/\/hostalesniu.com\/wp-content\/uploads\/2025\/06\/EsNiu-F0625-WL-101-200x300.jpg 200w\" sizes=\"auto, (max-width: 682px) 100vw, 682px\" \/><\/div><div class=\"single_image wpb_content_element align-left    \" data-animation=\"none\" data-delay=\"0\"><img loading=\"lazy\" decoding=\"async\" width=\"682\" height=\"1024\" src=\"https:\/\/hostalesniu.com\/wp-content\/uploads\/2025\/06\/EsNiu-F0625-WL-109.jpg\" class=\"attachment-full\" alt=\"\" title=\"EsNiu-F0625-WL-109\" srcset=\"https:\/\/hostalesniu.com\/wp-content\/uploads\/2025\/06\/EsNiu-F0625-WL-109.jpg 682w, https:\/\/hostalesniu.com\/wp-content\/uploads\/2025\/06\/EsNiu-F0625-WL-109-200x300.jpg 200w\" sizes=\"auto, (max-width: 682px) 100vw, 682px\" \/><\/div><div class=\"single_image wpb_content_element align-left    \" data-animation=\"none\" data-delay=\"0\"><img loading=\"lazy\" decoding=\"async\" width=\"681\" height=\"1024\" src=\"https:\/\/hostalesniu.com\/wp-content\/uploads\/2025\/06\/EsNiu-F0625-WL-249.jpg\" class=\"attachment-full\" alt=\"\" title=\"EsNiu-F0625-WL-249\" srcset=\"https:\/\/hostalesniu.com\/wp-content\/uploads\/2025\/06\/EsNiu-F0625-WL-249.jpg 681w, https:\/\/hostalesniu.com\/wp-content\/uploads\/2025\/06\/EsNiu-F0625-WL-249-200x300.jpg 200w\" sizes=\"auto, (max-width: 681px) 100vw, 681px\" \/><\/div><div class=\"single_image wpb_content_element align-left    \" data-animation=\"none\" data-delay=\"0\"><img loading=\"lazy\" decoding=\"async\" width=\"682\" height=\"1024\" src=\"https:\/\/hostalesniu.com\/wp-content\/uploads\/2025\/06\/EsNiu-F0625-WL-99.jpg\" class=\"attachment-full\" alt=\"\" title=\"EsNiu-F0625-WL-99\" srcset=\"https:\/\/hostalesniu.com\/wp-content\/uploads\/2025\/06\/EsNiu-F0625-WL-99.jpg 682w, https:\/\/hostalesniu.com\/wp-content\/uploads\/2025\/06\/EsNiu-F0625-WL-99-200x300.jpg 200w\" sizes=\"auto, (max-width: 682px) 100vw, 682px\" \/><\/div><div class=\"single_image wpb_content_element align-left    \" data-animation=\"none\" data-delay=\"0\"><img loading=\"lazy\" decoding=\"async\" width=\"681\" height=\"1024\" src=\"https:\/\/hostalesniu.com\/wp-content\/uploads\/2025\/06\/EsNiu-F0625-WL-275.jpg\" class=\"attachment-full\" alt=\"\" title=\"EsNiu-F0625-WL-275\" srcset=\"https:\/\/hostalesniu.com\/wp-content\/uploads\/2025\/06\/EsNiu-F0625-WL-275.jpg 681w, https:\/\/hostalesniu.com\/wp-content\/uploads\/2025\/06\/EsNiu-F0625-WL-275-200x300.jpg 200w\" sizes=\"auto, (max-width: 681px) 100vw, 681px\" \/><\/div><div class=\"single_image wpb_content_element align-left    \" data-animation=\"none\" data-delay=\"0\"><img loading=\"lazy\" decoding=\"async\" width=\"681\" height=\"1024\" src=\"https:\/\/hostalesniu.com\/wp-content\/uploads\/2025\/06\/EsNiu-F0625-WL-245.jpg\" class=\"attachment-full\" alt=\"\" title=\"EsNiu-F0625-WL-245\" srcset=\"https:\/\/hostalesniu.com\/wp-content\/uploads\/2025\/06\/EsNiu-F0625-WL-245.jpg 681w, https:\/\/hostalesniu.com\/wp-content\/uploads\/2025\/06\/EsNiu-F0625-WL-245-200x300.jpg 200w\" sizes=\"auto, (max-width: 681px) 100vw, 681px\" \/><\/div><div class=\"single_image wpb_content_element align-left    \" data-animation=\"none\" data-delay=\"0\"><img loading=\"lazy\" decoding=\"async\" width=\"681\" height=\"1024\" src=\"https:\/\/hostalesniu.com\/wp-content\/uploads\/2025\/06\/EsNiu-F0625-WL-273.jpg\" class=\"attachment-full\" alt=\"\" title=\"EsNiu-F0625-WL-273\" srcset=\"https:\/\/hostalesniu.com\/wp-content\/uploads\/2025\/06\/EsNiu-F0625-WL-273.jpg 681w, https:\/\/hostalesniu.com\/wp-content\/uploads\/2025\/06\/EsNiu-F0625-WL-273-200x300.jpg 200w\" sizes=\"auto, (max-width: 681px) 100vw, 681px\" \/><\/div><div class=\"single_image wpb_content_element align-left    \" data-animation=\"none\" data-delay=\"0\"><img loading=\"lazy\" decoding=\"async\" width=\"681\" height=\"1024\" src=\"https:\/\/hostalesniu.com\/wp-content\/uploads\/2025\/06\/EsNiu-F0625-WL-247.jpg\" class=\"attachment-full\" alt=\"\" title=\"EsNiu-F0625-WL-247\" srcset=\"https:\/\/hostalesniu.com\/wp-content\/uploads\/2025\/06\/EsNiu-F0625-WL-247.jpg 681w, https:\/\/hostalesniu.com\/wp-content\/uploads\/2025\/06\/EsNiu-F0625-WL-247-200x300.jpg 200w\" sizes=\"auto, (max-width: 681px) 100vw, 681px\" \/><\/div><div class=\"single_image wpb_content_element align-left    \" data-animation=\"none\" data-delay=\"0\"><img loading=\"lazy\" decoding=\"async\" width=\"681\" height=\"1024\" src=\"https:\/\/hostalesniu.com\/wp-content\/uploads\/2025\/06\/EsNiu-F0625-WL-276.jpg\" class=\"attachment-full\" alt=\"\" title=\"EsNiu-F0625-WL-276\" srcset=\"https:\/\/hostalesniu.com\/wp-content\/uploads\/2025\/06\/EsNiu-F0625-WL-276.jpg 681w, https:\/\/hostalesniu.com\/wp-content\/uploads\/2025\/06\/EsNiu-F0625-WL-276-200x300.jpg 200w\" sizes=\"auto, (max-width: 681px) 100vw, 681px\" \/><\/div><\/div>[\/vc_column][\/vc_row][vc_row][vc_column width=\u00a0\u00bb1\/1&Prime;]<div class=\"spacer\" style=\"height: 80px;\"><\/div>[\/vc_column][\/vc_row][vc_row type=\u00a0\u00bbfull_width_section\u00a0\u00bb][vc_column width=\u00a0\u00bb1\/1&Prime;][vc_raw_html]JTNDaWZyYW1lJTIwc3JjJTNEJTIyaHR0cHMlM0ElMkYlMkZ3d3cuZ29vZ2xlLmNvbSUyRm1hcHMlMkZlbWJlZCUzRnBiJTNEJTIxMW0xOCUyMTFtMTIlMjExbTMlMjExZDI5NjguNzQ1NTg3NTYyMzY3NyUyMTJkMy4yMDUwODYyMTU3Mzg1NzElMjEzZDQxLjkxOTgyNzU3MDc4MDI2NCUyMTJtMyUyMTFmMCUyMTJmMCUyMTNmMCUyMTNtMiUyMTFpMTAyNCUyMTJpNzY4JTIxNGYxMy4xJTIxM20zJTIxMW0yJTIxMXMweDEyYmE1MzUwMWNlNzIxNjUlMjUzQTB4ZWRhZmUwODgzM2I5M2YyOCUyMTJzSG9zdGFsJTI1MjBFcyUyNTIwTml1JTIxNWUwJTIxM20yJTIxMXNlcyUyMTJzZXMlMjE0djE2NDY1ODYyNzMxODAlMjE1bTIlMjExc2VzJTIxMnNlcyUyMiUyMGZyYW1lYm9yZGVyJTNEJTIyMCUyMiUyMHN0eWxlJTNEJTIyYm9yZGVyJTNBMCUzQndpZHRoJTNBMTAwJTI1JTNCaGVpZ2h0JTNBNDAwcHglM0IlMjJhbGxvd2Z1bGxzY3JlZW4lM0QlMjIlMjIlMjBhcmlhLWhpZGRlbiUzRCUyMmZhbHNlJTIyJTIwdGFiaW5kZXglM0QlMjIwJTIyJTNFJTNDJTJGaWZyYW1lJTNFJTBB[\/vc_raw_html][\/vc_column][\/vc_row][vc_row][vc_column width=\u00a0\u00bb1\/1&Prime;]<div class=\"spacer\" style=\"height: 80px;\"><\/div>[\/vc_column][\/vc_row][vc_row][vc_column width=\u00a0\u00bb2\/5&Prime;][vc_column_text]<\/p>\n<h1 class=\"font-special\"><span style=\"font-size: 36pt;\">Contact<\/span><\/h1>\n<p>[\/vc_column_text][vc_column_text]<\/p>\n<h5>Vous souhaitez plus d\u2019informations?<\/h5>\n<p>[\/vc_column_text][\/vc_column][vc_column width=\u00a0\u00bb3\/5&Prime;][vc_column_text]Nous nous engageons \u00e0 vous offrir un service de qualit\u00e9 et personnalis\u00e9. Vous envisagez une escapade en couple, en famille, entre amis, avec votre entreprise?\u00a0Appelez-nous ou contactez-nous et nous vous donnerons tous les d\u00e9tails.[\/vc_column_text]<a href=\"https:\/\/hostalesniu.com\/fr\/contact\/\" target=\"_self\" class=\"button color-3 large \" style=\"border-radius: 15px;\">CONTACTER<\/a>[\/vc_column][\/vc_row][vc_row][vc_column width=\u00a0\u00bb1\/1&Prime;]<div class=\"spacer\" style=\"height: 80px;\"><\/div>[\/vc_column][\/vc_row]<\/p>\n<\/div>","protected":false},"excerpt":{"rendered":"<p>[vc_row type=\u00a0\u00bbfull_width_section\u00a0\u00bb bg_color=\u00a0\u00bb#a89783&Prime;][vc_column width=\u00a0\u00bb1\/1&Prime;][vc_raw_html]JTNDZGl2JTIwaWQlM0QlMjJpbnNlcnRCYXIlMjIlM0UlM0MlMkZkaXYlM0U=[\/vc_raw_html][\/vc_column][\/vc_row][vc_row][vc_column width=\u00a0\u00bb1\/1&Prime;][\/vc_column][\/vc_row][vc_row][vc_column width=\u00a0\u00bb2\/5&Prime;][vc_column_text] Les appartements [\/vc_column_text][vc_column_text] Caract\u00e8re m\u00e9diterran\u00e9en [\/vc_column_text][\/vc_column][vc_column width=\u00a0\u00bb3\/5&Prime;][vc_column_text]L&rsquo;Hostal Es Niu propose 6 appartements (1 dans le m\u00eame b\u00e2timent et 5 \u00e0 40 m\u00e8tres de l&rsquo;auberge). Tous ont \u00e9t\u00e9 r\u00e9nov\u00e9s dans un style m\u00e9diterran\u00e9en, avec une d\u00e9coration raffin\u00e9e et tout le confort n\u00e9cessaire pour que vous vous sentiez comme chez vous. Id\u00e9al pour profiter des environs avec la compagnie de votre choix.[\/vc_column_text][\/vc_column][\/vc_row][vc_row][vc_column width=\u00a0\u00bb1\/1&Prime;][\/vc_column][\/vc_row][vc_row][vc_column width=\u00a0\u00bb1\/3&Prime;][vc_column_text] Cala Gamar\u00fas [\/vc_column_text][vc_column_text] Appartement situ\u00e9 \u00e0 40 m\u00e8tres de l&rsquo;h\u00f4tel. Il dispose d&rsquo;une cuisine enti\u00e8rement \u00e9quip\u00e9e, d&rsquo;un salon avec canap\u00e9-lit, de deux chambres et d&rsquo;une salle de bain compl\u00e8te. Il est \u00e9quip\u00e9 d&rsquo;un lave-linge, d&rsquo;un lave-vaisselle, de l&rsquo;air conditionn\u00e9 (ventilateurs dans les chambres), d&rsquo;une t\u00e9l\u00e9vision (Smart TV) et d&rsquo;une connexion wifi. Capacit\u00e9 maximale pour 6 personnes. [\/vc_column_text][\/vc_column][vc_column width=\u00a0\u00bb1\/3&Prime;][vc_column_text] Cala d&rsquo;en Roig [\/vc_column_text][vc_column_text]Appartement situ\u00e9 \u00e0 40 m\u00e8tres de l&rsquo;h\u00f4tel. Il dispose d&rsquo;un salon avec canap\u00e9-lit pour deux personnes, d&rsquo;une cuisine \u00e9quip\u00e9e, de deux chambres, d&rsquo;une salle de bain compl\u00e8te et d&rsquo;une terrasse. Il est \u00e9quip\u00e9 d&rsquo;un lave-linge, d&rsquo;un lave-vaisselle, de l&rsquo;air conditionn\u00e9, d&rsquo;une t\u00e9l\u00e9vision (Smart TV) et d&rsquo;une connexion wifi. Capacit\u00e9 maximale pour 6 personnes.[\/vc_column_text][\/vc_column][vc_column width=\u00a0\u00bb1\/3&Prime;][vc_column_text] Cala Pedrosa [\/vc_column_text][vc_column_text]Appartement situ\u00e9 \u00e0 40 m\u00e8tres de l&rsquo;h\u00f4tel. Il dispose d&rsquo;un salon avec canap\u00e9-lit, d&rsquo;une cuisine [&hellip;]<\/p>\n","protected":false},"author":3,"featured_media":0,"parent":0,"menu_order":0,"comment_status":"closed","ping_status":"closed","template":"","meta":{"footnotes":""},"class_list":["post-22195","page","type-page","status-publish","hentry"],"_links":{"self":[{"href":"https:\/\/hostalesniu.com\/fr\/wp-json\/wp\/v2\/pages\/22195","targetHints":{"allow":["GET"]}}],"collection":[{"href":"https:\/\/hostalesniu.com\/fr\/wp-json\/wp\/v2\/pages"}],"about":[{"href":"https:\/\/hostalesniu.com\/fr\/wp-json\/wp\/v2\/types\/page"}],"author":[{"embeddable":true,"href":"https:\/\/hostalesniu.com\/fr\/wp-json\/wp\/v2\/users\/3"}],"replies":[{"embeddable":true,"href":"https:\/\/hostalesniu.com\/fr\/wp-json\/wp\/v2\/comments?post=22195"}],"version-history":[{"count":1,"href":"https:\/\/hostalesniu.com\/fr\/wp-json\/wp\/v2\/pages\/22195\/revisions"}],"predecessor-version":[{"id":22196,"href":"https:\/\/hostalesniu.com\/fr\/wp-json\/wp\/v2\/pages\/22195\/revisions\/22196"}],"wp:attachment":[{"href":"https:\/\/hostalesniu.com\/fr\/wp-json\/wp\/v2\/media?parent=22195"}],"curies":[{"name":"wp","href":"https:\/\/api.w.org\/{rel}","templated":true}]}}